{"id":2976,"date":"2025-10-16T19:58:53","date_gmt":"2025-10-16T19:58:53","guid":{"rendered":"https:\/\/athome.southcoast.org\/?page_id=2976"},"modified":"2025-10-16T21:07:01","modified_gmt":"2025-10-16T21:07:01","slug":"news","status":"publish","type":"page","link":"https:\/\/athome.southcoast.org\/pt\/news\/","title":{"rendered":"Not\u00edcias"},"content":{"rendered":"<div  class=\"blockSettings  paddingTopSM paddingBottomSM news-events-block light\" style=\"background-color:#fff;\"><div class=\"container\">\n\t<div class=\"grid\">\n\t\t<div class=\"col-sm-12\">\n\t\t\t<div class=\"intro-wrap intro-left\">\n\t\t\t\t    <div class=\"mainCopyWrap\">\n            <h2>Southcoast Health at Home Not\u00edcias e eventos<\/h2>\n        <\/div>\n    \t\t\t\t<div class=\"btns-wrap\">\n\t\t\t\t\t    <div class=\"ctaWrap\">\n                    <a aria-label=\"liga\u00e7\u00e3o para Ver todas as not\u00edcias\" class=\"mainCTA shadow light1\" href=\"https:\/\/www.southcoast.org\/news\/\" target=\"_blank\" title=\"Abre Ver todas as not\u00edcias num novo separador ou janela\" rel=\"noopener noreferrer\">Ver todas as not\u00edcias<span class=\"fa-regular fa-up-right-from-square\"><\/span><\/a>                    <a aria-label=\"link para Ver todos os eventos\" class=\"mainCTA shadow light2\" href=\"https:\/\/www.southcoast.org\/events\/\" target=\"_blank\" title=\"Abre Ver todos os eventos num novo separador ou janela\" rel=\"noopener noreferrer\">Ver todos os eventos<span class=\"fa-regular fa-up-right-from-square\"><\/span><\/a>            <\/div>\n    \t\t\t\t\t<div class=\"tabs\" role=\"tablist\" aria-label=\"Southcoast Health at Home Not\u00edcias e eventos - Tabs\">\n\t\t\t\t\t\t<button \n\t\t\t\t\t\t\ttype=\"button\"\n\t\t\t\t\t\t\tclass=\"featured-tab tab active\"\n\t\t\t\t\t\t\tdata-tab=\"featured-news-panel\"\n\t\t\t\t\t\t\trole=\"tab\"\n\t\t\t\t\t\t\tid=\"tab-featured\"\n\t\t\t\t\t\t\taria-controls=\"featured-news-panel\"\n\t\t\t\t\t\t\taria-selected=\"true\">\n\t\t\t\t\t\t\t<p>Not\u00edcias em destaque<\/p>\n\t\t\t\t\t\t<\/button>\n\t\t\t\t\t\t<button \n\t\t\t\t\t\t\ttype=\"button\"\n\t\t\t\t\t\t\tclass=\"events-tab tab\"\n\t\t\t\t\t\t\tdata-tab=\"events-panel\"\n\t\t\t\t\t\t\trole=\"tab\"\n\t\t\t\t\t\t\tid=\"tab-events\"\n\t\t\t\t\t\t\taria-controls=\"events-panel\"\n\t\t\t\t\t\t\taria-selected=\"false\">\n\t\t\t\t\t\t\t<p>Eventos e semin\u00e1rios<\/p>\n\t\t\t\t\t\t<\/button>\n\t\t\t\t\t<\/div>\n\n\t\t\t\t<\/div>\n\t\t\t<\/div>\n\n\t\t\t<div id=\"featured-news-panel\" role=\"tabpanel\" class=\"news posts-wrap\" aria-labelledby=\"tab-featured\">\n\t\t\t\t<div class=\"inner-posts-wrap\">\n\t\t\t\t\t<div class=\"featured\">\n\t\t\t\t\t\t\t\t\t\t\t\t\t\t<div class=\"postWrap\">\n\t\t\t\t\t\t\t\t\t<div class=\"post-wrap\">\n\t\t\t\t\t\t\t\t\t\t<div class=\"post-image\">\n\t\t\t\t\t\t\t\t\t\t\t<img loading=\"lazy\" decoding=\"async\" width=\"2100\" height=\"1500\" src=\"https:\/\/athome.southcoast.org\/wp-content\/uploads\/2025\/08\/July-2025-New-Providers-Press-Release.jpg\" class=\"attachment-full size-full wp-post-image\" alt=\"\" srcset=\"https:\/\/athome.southcoast.org\/wp-content\/uploads\/2025\/08\/July-2025-New-Providers-Press-Release.jpg 2100w, https:\/\/athome.southcoast.org\/wp-content\/uploads\/2025\/08\/July-2025-New-Providers-Press-Release-300x214.jpg 300w, https:\/\/athome.southcoast.org\/wp-content\/uploads\/2025\/08\/July-2025-New-Providers-Press-Release-1024x731.jpg 1024w, https:\/\/athome.southcoast.org\/wp-content\/uploads\/2025\/08\/July-2025-New-Providers-Press-Release-768x549.jpg 768w, https:\/\/athome.southcoast.org\/wp-content\/uploads\/2025\/08\/July-2025-New-Providers-Press-Release-1536x1097.jpg 1536w, https:\/\/athome.southcoast.org\/wp-content\/uploads\/2025\/08\/July-2025-New-Providers-Press-Release-2048x1463.jpg 2048w\" sizes=\"auto, (max-width: 2100px) 100vw, 2100px\" \/>\t\t\t\t\t\t\t\t\t\t\t\t\t\t\t\t\t\t\t\t\t<\/div>\n\t\t\t\t\t\t\t\t\t\t<div class=\"post-date\">\n\t\t\t\t\t\t\t\t\t\t\t<span class=\"date\">31 de julho de 2025<\/span>\n\t\t\t\t\t\t\t\t\t\t<\/div>\n\t\t\t\t\t\t\t\t\t\t<h3>Southcoast Health d\u00e1 as boas-vindas a seis novos prestadores de servi\u00e7os \u00e0 organiza\u00e7\u00e3o<\/h3>\n\t\t\t\t\t\t\t\t\t\t<div class=\"excerpt\">\n\t\t\t\t\t\t\t\t\t\t\t<p>A Southcoast Health tem o prazer de anunciar que o sistema de sa\u00fade comunit\u00e1rio sem fins lucrativos deu as boas-vindas a seis novos prestadores de servi\u00e7os este m\u00eas. Eles est\u00e3o a juntar-se ao programa de hospitalistas, medicina interna, neurologia, consultoria paliativa, [...]<\/p>\n\t\t\t\t\t\t\t\t\t\t<\/div>\n\t\t\t\t\t\t\t\t\t\t<p class=\"read-more\"><i class=\"sc-icon sc-icon-green rotate-arrow fa-solid fa-arrow-up-right\"><\/i> Continuar a ler<\/p>\n\t\t\t\t\t\t\t\t\t<\/div>\n\t\t\t\t\t\t\t\t\t<a href=\"https:\/\/www.southcoast.org\/pt\/?p=39454\"  class=\"linkOverlay hudo\">Southcoast Health d\u00e1 as boas-vindas a seis novos prestadores de servi\u00e7os \u00e0 organiza\u00e7\u00e3o<\/a>\n\t\t\t\t\t\t\t\t<\/div>\n\t\t\t\t\t\t\t\t\t\t\t<\/div>\n\t\t\t\t\t<div class=\"post-list\">\n\t\t\t\t\t\t\t\t\t\t\t\t\t\t\t<div class=\"postWrap\">\n\t\t\t\t\t\t\t\t\t<div class=\"inner\">\n\t\t\t\t\t\t\t\t\t\t<div class=\"post-image\">\n\t\t\t\t\t\t\t\t\t\t\t<img loading=\"lazy\" decoding=\"async\" width=\"300\" height=\"152\" src=\"https:\/\/athome.southcoast.org\/wp-content\/uploads\/2025\/06\/A.Hannigan-Patient-Testimonial-Hope-Takes-Flight--300x152.png\" class=\"attachment-medium size-medium wp-post-image\" alt=\"Three elderly people, two women and one man, smiling and embracing each other in a warm and friendly manner.\" srcset=\"https:\/\/athome.southcoast.org\/wp-content\/uploads\/2025\/06\/A.Hannigan-Patient-Testimonial-Hope-Takes-Flight--300x152.png 300w, https:\/\/athome.southcoast.org\/wp-content\/uploads\/2025\/06\/A.Hannigan-Patient-Testimonial-Hope-Takes-Flight--768x388.png 768w, https:\/\/athome.southcoast.org\/wp-content\/uploads\/2025\/06\/A.Hannigan-Patient-Testimonial-Hope-Takes-Flight--18x9.png 18w, https:\/\/athome.southcoast.org\/wp-content\/uploads\/2025\/06\/A.Hannigan-Patient-Testimonial-Hope-Takes-Flight-.png 788w\" sizes=\"auto, (max-width: 300px) 100vw, 300px\" \/>\t\t\t\t\t\t\t\t\t\t<\/div>\n\t\t\t\t\t\t\t\t\t\t<div class=\"post-details\">\n\t\t\t\t\t\t\t\t\t\t\t<div class=\"post-meta\">\n\t\t\t\t\t\t\t\t\t\t\t\t\t\t\t\t\t\t\t\t\t\t\t\t<span class=\"date\">14 de junho de 2025<\/span>\n\t\t\t\t\t\t\t\t\t\t\t<\/div>\n\t\t\t\t\t\t\t\t\t\t\t<h4>Amor, for\u00e7a e a d\u00e1diva do cuidado compassivo<\/h4>\n\t\t\t\t\t\t\t\t\t\t\t\t\t\t\t\t\t\t\t\t\t<\/div>\n\t\t\t\t\t\t\t\t\t<\/div>\n\t\t\t\t\t\t\t\t\t<a href=\"https:\/\/www.southcoast.org\/pt\/?p=281381\"  class=\"linkOverlay hudo\">Amor, for\u00e7a e a d\u00e1diva do cuidado compassivo<\/a>\n\t\t\t\t\t\t\t\t<\/div>\n\t\t\t\t\t\t\t\t\t\t\t\t\t\t\t<div class=\"postWrap\">\n\t\t\t\t\t\t\t\t\t<div class=\"inner\">\n\t\t\t\t\t\t\t\t\t\t<div class=\"post-image\">\n\t\t\t\t\t\t\t\t\t\t\t<img loading=\"lazy\" decoding=\"async\" width=\"300\" height=\"157\" src=\"https:\/\/athome.southcoast.org\/wp-content\/uploads\/2025\/01\/Ronald-and-Mary-Fabas-300x157.png\" class=\"attachment-medium size-medium wp-post-image\" alt=\"Older couple enjoying the beach together, smiling and wearing sunglasses.\" srcset=\"https:\/\/athome.southcoast.org\/wp-content\/uploads\/2025\/01\/Ronald-and-Mary-Fabas-300x157.png 300w, https:\/\/athome.southcoast.org\/wp-content\/uploads\/2025\/01\/Ronald-and-Mary-Fabas-1024x537.png 1024w, https:\/\/athome.southcoast.org\/wp-content\/uploads\/2025\/01\/Ronald-and-Mary-Fabas-768x402.png 768w, https:\/\/athome.southcoast.org\/wp-content\/uploads\/2025\/01\/Ronald-and-Mary-Fabas.png 1080w\" sizes=\"auto, (max-width: 300px) 100vw, 300px\" \/>\t\t\t\t\t\t\t\t\t\t<\/div>\n\t\t\t\t\t\t\t\t\t\t<div class=\"post-details\">\n\t\t\t\t\t\t\t\t\t\t\t<div class=\"post-meta\">\n\t\t\t\t\t\t\t\t\t\t\t\t\t\t\t\t\t\t\t\t\t\t\t\t<span class=\"date\">16 de julho de 2024<\/span>\n\t\t\t\t\t\t\t\t\t\t\t<\/div>\n\t\t\t\t\t\t\t\t\t\t\t<h4>O Southcoast Hospice oferece uma rede de cuidados compassivos<\/h4>\n\t\t\t\t\t\t\t\t\t\t\t\t\t\t\t\t\t\t\t\t\t<\/div>\n\t\t\t\t\t\t\t\t\t<\/div>\n\t\t\t\t\t\t\t\t\t<a href=\"https:\/\/www.southcoast.org\/pt\/?p=18162\"  class=\"linkOverlay hudo\">O Southcoast Hospice oferece uma rede de cuidados compassivos<\/a>\n\t\t\t\t\t\t\t\t<\/div>\n\t\t\t\t\t\t\t\t\t\t\t\t\t\t\t<div class=\"postWrap\">\n\t\t\t\t\t\t\t\t\t<div class=\"inner\">\n\t\t\t\t\t\t\t\t\t\t<div class=\"post-image\">\n\t\t\t\t\t\t\t\t\t\t\t<img loading=\"lazy\" decoding=\"async\" width=\"300\" height=\"214\" src=\"https:\/\/athome.southcoast.org\/wp-content\/uploads\/2025\/01\/SHS-BRS-NewProvidersPost_May-2024-300x214.jpg\" class=\"attachment-medium size-medium wp-post-image\" alt=\"Portraits of three healthcare providers: Lindsey Florent, PA-C; Michael Gallagher, NP; and David Handin, MD, with their titles and affiliations listed.\" srcset=\"https:\/\/athome.southcoast.org\/wp-content\/uploads\/2025\/01\/SHS-BRS-NewProvidersPost_May-2024-300x214.jpg 300w, https:\/\/athome.southcoast.org\/wp-content\/uploads\/2025\/01\/SHS-BRS-NewProvidersPost_May-2024-1024x731.jpg 1024w, https:\/\/athome.southcoast.org\/wp-content\/uploads\/2025\/01\/SHS-BRS-NewProvidersPost_May-2024-768x549.jpg 768w, https:\/\/athome.southcoast.org\/wp-content\/uploads\/2025\/01\/SHS-BRS-NewProvidersPost_May-2024-1536x1097.jpg 1536w, https:\/\/athome.southcoast.org\/wp-content\/uploads\/2025\/01\/SHS-BRS-NewProvidersPost_May-2024-2048x1463.jpg 2048w\" sizes=\"auto, (max-width: 300px) 100vw, 300px\" \/>\t\t\t\t\t\t\t\t\t\t<\/div>\n\t\t\t\t\t\t\t\t\t\t<div class=\"post-details\">\n\t\t\t\t\t\t\t\t\t\t\t<div class=\"post-meta\">\n\t\t\t\t\t\t\t\t\t\t\t\t\t\t\t\t\t\t\t\t\t\t\t\t<span class=\"date\">14 de junho de 2024<\/span>\n\t\t\t\t\t\t\t\t\t\t\t<\/div>\n\t\t\t\t\t\t\t\t\t\t\t<h4>Southcoast Health d\u00e1 as boas-vindas a novos prestadores especializados em tr\u00eas \u00e1reas de cuidados<\/h4>\n\t\t\t\t\t\t\t\t\t\t\t\t\t\t\t\t\t\t\t\t\t<\/div>\n\t\t\t\t\t\t\t\t\t<\/div>\n\t\t\t\t\t\t\t\t\t<a href=\"https:\/\/www.southcoast.org\/pt\/?p=18149\"  class=\"linkOverlay hudo\">Southcoast Health d\u00e1 as boas-vindas a novos prestadores especializados em tr\u00eas \u00e1reas de cuidados<\/a>\n\t\t\t\t\t\t\t\t<\/div>\n\t\t\t\t\t\t\t\t\t\t\t\t\t\t\t<div class=\"postWrap\">\n\t\t\t\t\t\t\t\t\t<div class=\"inner\">\n\t\t\t\t\t\t\t\t\t\t<div class=\"post-image\">\n\t\t\t\t\t\t\t\t\t\t\t<img loading=\"lazy\" decoding=\"async\" width=\"300\" height=\"157\" src=\"https:\/\/athome.southcoast.org\/wp-content\/uploads\/2025\/01\/New-Providers-May-2024-300x157.png\" class=\"attachment-medium size-medium wp-post-image\" alt=\"Headshot portraits of seven new healthcare providers joining Southcoast Health in May 2024, including their names and specialties.\" srcset=\"https:\/\/athome.southcoast.org\/wp-content\/uploads\/2025\/01\/New-Providers-May-2024-300x157.png 300w, https:\/\/athome.southcoast.org\/wp-content\/uploads\/2025\/01\/New-Providers-May-2024-1024x537.png 1024w, https:\/\/athome.southcoast.org\/wp-content\/uploads\/2025\/01\/New-Providers-May-2024-768x402.png 768w, https:\/\/athome.southcoast.org\/wp-content\/uploads\/2025\/01\/New-Providers-May-2024.png 1080w\" sizes=\"auto, (max-width: 300px) 100vw, 300px\" \/>\t\t\t\t\t\t\t\t\t\t<\/div>\n\t\t\t\t\t\t\t\t\t\t<div class=\"post-details\">\n\t\t\t\t\t\t\t\t\t\t\t<div class=\"post-meta\">\n\t\t\t\t\t\t\t\t\t\t\t\t\t\t\t\t\t\t\t\t\t\t\t\t<span class=\"date\">10 de maio de 2024<\/span>\n\t\t\t\t\t\t\t\t\t\t\t<\/div>\n\t\t\t\t\t\t\t\t\t\t\t<h4>Southcoast Health d\u00e1 as boas-vindas a sete novos prestadores de servi\u00e7os em todo o sistema<\/h4>\n\t\t\t\t\t\t\t\t\t\t\t\t\t\t\t\t\t\t\t\t\t<\/div>\n\t\t\t\t\t\t\t\t\t<\/div>\n\t\t\t\t\t\t\t\t\t<a href=\"https:\/\/www.southcoast.org\/pt\/?p=18135\"  class=\"linkOverlay hudo\">Southcoast Health d\u00e1 as boas-vindas a sete novos prestadores de servi\u00e7os em todo o sistema<\/a>\n\t\t\t\t\t\t\t\t<\/div>\n\t\t\t\t\t\t\t\t\t\t\t\t<\/div>\n\t\t\t\t<\/div>\n\t\t\t<\/div>\n\t\t\t<div id=\"events-panel\" role=\"tabpanel\" class=\"events\" aria-labelledby=\"tab-events\" hidden>\n\t\t\t\t<div class=\"inner-posts-wrap\">\n\t\t\t\t\t<div class=\"featured\">\n\t\t\t\t\t\t\t\t\t\t\t\t\t\t<div class=\"postWrap\">\n\t\t\t\t\t\t\t\t\t<div class=\"post-wrap\">\n\t\t\t\t\t\t\t\t\t\t<div class=\"post-image\">\n\t\t\t\t\t\t\t\t\t\t\t<img loading=\"lazy\" decoding=\"async\" width=\"1080\" height=\"1080\" src=\"https:\/\/athome.southcoast.org\/wp-content\/uploads\/2025\/08\/Widow-and-Widower-Grief-Support-Group-Event-Image.png\" class=\"attachment-full size-full wp-post-image\" alt=\"Two people&#039;s hands clasped together in a comforting gesture at a grief support group event.\" srcset=\"https:\/\/athome.southcoast.org\/wp-content\/uploads\/2025\/08\/Widow-and-Widower-Grief-Support-Group-Event-Image.png 1080w, https:\/\/athome.southcoast.org\/wp-content\/uploads\/2025\/08\/Widow-and-Widower-Grief-Support-Group-Event-Image-300x300.png 300w, https:\/\/athome.southcoast.org\/wp-content\/uploads\/2025\/08\/Widow-and-Widower-Grief-Support-Group-Event-Image-1024x1024.png 1024w, https:\/\/athome.southcoast.org\/wp-content\/uploads\/2025\/08\/Widow-and-Widower-Grief-Support-Group-Event-Image-150x150.png 150w, https:\/\/athome.southcoast.org\/wp-content\/uploads\/2025\/08\/Widow-and-Widower-Grief-Support-Group-Event-Image-768x768.png 768w\" sizes=\"auto, (max-width: 1080px) 100vw, 1080px\" \/>\t\t\t\t\t\t\t\t\t\t\t\t\t\t\t\t\t\t\t\t\t\t\t<span class=\"category\">Grupos de Apoio<\/span>\n\t\t\t\t\t\t\t\t\t\t\t\t\t\t\t\t\t\t\t\t\t<\/div>\n\t\t\t\t\t\t\t\t\t\t<div class=\"post-date\">\n\t\t\t\t\t\t\t\t\t\t\t<span class=\"date\">\n\t\t\t\t\t\t\t\t\t\t\t\t<p>Este evento decorre entre as 9h30 e as 11h00 do dia 7 de maio de 2026.<\/p>\t\t\t\t\t\t\t\t\t\t\t<\/span>\n\t\t\t\t\t\t\t\t\t\t<\/div>\n\t\t\t\t\t\t\t\t\t\t<h3>Grupo de apoio ao luto de vi\u00favas e vi\u00favos<\/h3>\n\t\t\t\t\t\t\t\t\t\t<div class=\"excerpt\">\n\t\t\t\t\t\t\t\t\t\t\t<p>Grupo de Apoio Presencial Todas as 1as Quintas-feiras do M\u00eas O luto \u00e9 um processo emocional importante para todos aqueles que sofrem uma perda. Embora o luto seja normal, pode ser uma [\u2026]<\/p>\n\t\t\t\t\t\t\t\t\t\t<\/div>\n\t\t\t\t\t\t\t\t\t\t<p class=\"read-more\"><i class=\"sc-icon sc-icon-green rotate-arrow fa-solid fa-arrow-up-right\"><\/i> Continuar a ler<\/p>\n\t\t\t\t\t\t\t\t\t<\/div>\n\t\t\t\t\t\t\t\t\t<a href=\"https:\/\/www.southcoast.org\/pt\/event\/widow-and-widower-grief-support-group-2\/2025-12-04\/2026-05-07\/\" class=\"linkOverlay hudo\">Continuar a ler<\/a>\n\t\t\t\t\t\t\t\t<\/div>\n\t\t\t\t\t\t\t\t\t\t\t<\/div>\n\t\t\t\t\t<div class=\"post-list\">\n\t\t\t\t\t\t\t\t\t\t\t\t\t\t<div class=\"postWrap\">\n\t\t\t\t\t\t\t\t\t<div class=\"inner\">\n\t\t\t\t\t\t\t\t\t\t<div class=\"post-image\">\n\t\t\t\t\t\t\t\t\t\t\t<img loading=\"lazy\" decoding=\"async\" width=\"300\" height=\"300\" src=\"https:\/\/athome.southcoast.org\/wp-content\/uploads\/2025\/07\/Widow-and-Widower-Support-Group-Events-Featured-Image-300x300.png\" class=\"attachment-medium size-medium wp-post-image\" alt=\"Hands clasped together in supportive gesture during a Widow and Widower Support Group meeting.\" srcset=\"https:\/\/athome.southcoast.org\/wp-content\/uploads\/2025\/07\/Widow-and-Widower-Support-Group-Events-Featured-Image-300x300.png 300w, https:\/\/athome.southcoast.org\/wp-content\/uploads\/2025\/07\/Widow-and-Widower-Support-Group-Events-Featured-Image-1024x1024.png 1024w, https:\/\/athome.southcoast.org\/wp-content\/uploads\/2025\/07\/Widow-and-Widower-Support-Group-Events-Featured-Image-150x150.png 150w, https:\/\/athome.southcoast.org\/wp-content\/uploads\/2025\/07\/Widow-and-Widower-Support-Group-Events-Featured-Image-768x768.png 768w, https:\/\/athome.southcoast.org\/wp-content\/uploads\/2025\/07\/Widow-and-Widower-Support-Group-Events-Featured-Image.png 1080w\" sizes=\"auto, (max-width: 300px) 100vw, 300px\" \/>\t\t\t\t\t\t\t\t\t\t<\/div>\n\t\t\t\t\t\t\t\t\t\t<div class=\"post-details\">\n\t\t\t\t\t\t\t\t\t\t\t<div class=\"post-meta\">\n\t\t\t\t\t\t\t\t\t\t\t\t\t\t\t\t\t\t\t\t\t\t\t\t\t<span class=\"category\">Grupos de Apoio<\/span>\n\t\t\t\t\t\t\t\t\t\t\t\t\t\t\t\t\t\t\t\t\t\t\t\t<span class=\"date\">13 de maio de 2026 13:30<\/span>\n\t\t\t\t\t\t\t\t\t\t\t<\/div>\n\t\t\t\t\t\t\t\t\t\t\t<h4>Grupo de apoio ao luto de vi\u00favas e vi\u00favos<\/h4>\n\t\t\t\t\t\t\t\t\t\t\t\t\t\t\t\t\t\t\t\t\t<\/div>\n\t\t\t\t\t\t\t\t\t<\/div>\n\t\t\t\t\t\t\t\t\t<a href=\"https:\/\/www.southcoast.org\/pt\/event\/21765\/2025-09-10\/2026-05-13\/\" class=\"linkOverlay hudo\">Grupo de apoio ao luto de vi\u00favas e vi\u00favos<\/a>\n\t\t\t\t\t\t\t\t<\/div>\n\t\t\t\t\t\t\t\t\t\t\t\t\t\t<div class=\"postWrap\">\n\t\t\t\t\t\t\t\t\t<div class=\"inner\">\n\t\t\t\t\t\t\t\t\t\t<div class=\"post-image\">\n\t\t\t\t\t\t\t\t\t\t\t<img loading=\"lazy\" decoding=\"async\" width=\"300\" height=\"300\" src=\"https:\/\/athome.southcoast.org\/wp-content\/uploads\/2025\/07\/General-Loss-Grief-Support-Group-Events-Featured-Image-300x300.png\" class=\"attachment-medium size-medium wp-post-image\" alt=\"A group of people sitting in a circle, having a discussion in a well-lit room with large windows providing a natural view.\" srcset=\"https:\/\/athome.southcoast.org\/wp-content\/uploads\/2025\/07\/General-Loss-Grief-Support-Group-Events-Featured-Image-300x300.png 300w, https:\/\/athome.southcoast.org\/wp-content\/uploads\/2025\/07\/General-Loss-Grief-Support-Group-Events-Featured-Image-1024x1024.png 1024w, https:\/\/athome.southcoast.org\/wp-content\/uploads\/2025\/07\/General-Loss-Grief-Support-Group-Events-Featured-Image-150x150.png 150w, https:\/\/athome.southcoast.org\/wp-content\/uploads\/2025\/07\/General-Loss-Grief-Support-Group-Events-Featured-Image-768x768.png 768w, https:\/\/athome.southcoast.org\/wp-content\/uploads\/2025\/07\/General-Loss-Grief-Support-Group-Events-Featured-Image.png 1080w\" sizes=\"auto, (max-width: 300px) 100vw, 300px\" \/>\t\t\t\t\t\t\t\t\t\t<\/div>\n\t\t\t\t\t\t\t\t\t\t<div class=\"post-details\">\n\t\t\t\t\t\t\t\t\t\t\t<div class=\"post-meta\">\n\t\t\t\t\t\t\t\t\t\t\t\t\t\t\t\t\t\t\t\t\t\t\t\t\t<span class=\"category\">Grupos de Apoio<\/span>\n\t\t\t\t\t\t\t\t\t\t\t\t\t\t\t\t\t\t\t\t\t\t\t\t<span class=\"date\">14 de maio de 2026, 17:00<\/span>\n\t\t\t\t\t\t\t\t\t\t\t<\/div>\n\t\t\t\t\t\t\t\t\t\t\t<h4>Grupo de apoio ao luto por perda geral<\/h4>\n\t\t\t\t\t\t\t\t\t\t\t\t\t\t\t\t\t\t\t\t\t<\/div>\n\t\t\t\t\t\t\t\t\t<\/div>\n\t\t\t\t\t\t\t\t\t<a href=\"https:\/\/www.southcoast.org\/pt\/event\/general-loss-grief-support-group-2\/2025-09-11\/2026-05-14\/\" class=\"linkOverlay hudo\">Grupo de apoio ao luto por perda geral<\/a>\n\t\t\t\t\t\t\t\t<\/div>\n\t\t\t\t\t\t\t\t\t\t\t\t\t\t<div class=\"postWrap\">\n\t\t\t\t\t\t\t\t\t<div class=\"inner\">\n\t\t\t\t\t\t\t\t\t\t<div class=\"post-image\">\n\t\t\t\t\t\t\t\t\t\t\t<img loading=\"lazy\" decoding=\"async\" width=\"300\" height=\"300\" src=\"https:\/\/athome.southcoast.org\/wp-content\/uploads\/2025\/07\/Grief-Group-Events-Featured-Image-300x300.png\" class=\"attachment-medium size-medium wp-post-image\" alt=\"Person viewing a computer screen displaying a grid of images, likely in an online grief support group.\" srcset=\"https:\/\/athome.southcoast.org\/wp-content\/uploads\/2025\/07\/Grief-Group-Events-Featured-Image-300x300.png 300w, https:\/\/athome.southcoast.org\/wp-content\/uploads\/2025\/07\/Grief-Group-Events-Featured-Image-1024x1024.png 1024w, https:\/\/athome.southcoast.org\/wp-content\/uploads\/2025\/07\/Grief-Group-Events-Featured-Image-150x150.png 150w, https:\/\/athome.southcoast.org\/wp-content\/uploads\/2025\/07\/Grief-Group-Events-Featured-Image-768x768.png 768w, https:\/\/athome.southcoast.org\/wp-content\/uploads\/2025\/07\/Grief-Group-Events-Featured-Image.png 1080w\" sizes=\"auto, (max-width: 300px) 100vw, 300px\" \/>\t\t\t\t\t\t\t\t\t\t<\/div>\n\t\t\t\t\t\t\t\t\t\t<div class=\"post-details\">\n\t\t\t\t\t\t\t\t\t\t\t<div class=\"post-meta\">\n\t\t\t\t\t\t\t\t\t\t\t\t\t\t\t\t\t\t\t\t\t\t\t\t\t<span class=\"category\">Grupos de Apoio<\/span>\n\t\t\t\t\t\t\t\t\t\t\t\t\t\t\t\t\t\t\t\t\t\t\t\t<span class=\"date\">20 de maio de 2026 17:00<\/span>\n\t\t\t\t\t\t\t\t\t\t\t<\/div>\n\t\t\t\t\t\t\t\t\t\t\t<h4>Grupo de apoio ao luto por perda geral - Virtual<\/h4>\n\t\t\t\t\t\t\t\t\t\t\t\t\t\t\t\t\t\t\t\t\t<\/div>\n\t\t\t\t\t\t\t\t\t<\/div>\n\t\t\t\t\t\t\t\t\t<a href=\"https:\/\/www.southcoast.org\/pt\/event\/general-loss-grief-support-group-virtual-2\/2025-09-17\/2026-05-20\/\" class=\"linkOverlay hudo\">Grupo de apoio ao luto por perda geral - Virtual<\/a>\n\t\t\t\t\t\t\t\t<\/div>\n\t\t\t\t\t\t\t\t\t\t\t<\/div>\n\t\t\t\t<\/div>\n\t\t\t<\/div>\n\t\t<\/div>\n\t<\/div>\n<\/div>\n<\/div>","protected":false},"excerpt":{"rendered":"","protected":false},"author":11,"featured_media":0,"parent":0,"menu_order":0,"comment_status":"closed","ping_status":"closed","template":"","meta":{"_acf_changed":false,"footnotes":""},"class_list":["post-2976","page","type-page","status-publish","hentry"],"acf":[],"yoast_head":"<!-- This site is optimized with the Yoast SEO plugin v26.0 - https:\/\/yoast.com\/wordpress\/plugins\/seo\/ -->\n<title>News | At Home<\/title>\n<meta name=\"robots\" content=\"index, follow, max-snippet:-1, max-image-preview:large, max-video-preview:-1\" \/>\n<link rel=\"canonical\" href=\"https:\/\/athome.southcoast.org\/pt\/news\/\" \/>\n<meta property=\"og:locale\" content=\"pt_PT\" \/>\n<meta property=\"og:type\" content=\"article\" \/>\n<meta property=\"og:title\" content=\"News | At Home\" \/>\n<meta property=\"og:url\" content=\"https:\/\/athome.southcoast.org\/pt\/news\/\" \/>\n<meta property=\"og:site_name\" content=\"At Home\" \/>\n<meta property=\"article:modified_time\" content=\"2025-10-16T21:07:01+00:00\" \/>\n<meta name=\"twitter:card\" content=\"summary_large_image\" \/>\n<script type=\"application\/ld+json\" class=\"yoast-schema-graph\">{\"@context\":\"https:\/\/schema.org\",\"@graph\":[{\"@type\":\"WebPage\",\"@id\":\"https:\/\/athome.southcoast.org\/news\/\",\"url\":\"https:\/\/athome.southcoast.org\/news\/\",\"name\":\"News | At Home\",\"isPartOf\":{\"@id\":\"https:\/\/athome.southcoast.org\/#website\"},\"datePublished\":\"2025-10-16T19:58:53+00:00\",\"dateModified\":\"2025-10-16T21:07:01+00:00\",\"breadcrumb\":{\"@id\":\"https:\/\/athome.southcoast.org\/news\/#breadcrumb\"},\"inLanguage\":\"pt-PT\",\"potentialAction\":[{\"@type\":\"ReadAction\",\"target\":[\"https:\/\/athome.southcoast.org\/news\/\"]}]},{\"@type\":\"BreadcrumbList\",\"@id\":\"https:\/\/athome.southcoast.org\/news\/#breadcrumb\",\"itemListElement\":[{\"@type\":\"ListItem\",\"position\":1,\"name\":\"\",\"item\":\"https:\/\/athome.southcoast.org\/\"},{\"@type\":\"ListItem\",\"position\":2,\"name\":\"News\"}]},{\"@type\":\"WebSite\",\"@id\":\"https:\/\/athome.southcoast.org\/#website\",\"url\":\"https:\/\/athome.southcoast.org\/\",\"name\":\"Southcoast Health at Home\",\"description\":\"\",\"publisher\":{\"@id\":\"https:\/\/athome.southcoast.org\/#organization\"},\"potentialAction\":[{\"@type\":\"SearchAction\",\"target\":{\"@type\":\"EntryPoint\",\"urlTemplate\":\"https:\/\/athome.southcoast.org\/?s={search_term_string}\"},\"query-input\":{\"@type\":\"PropertyValueSpecification\",\"valueRequired\":true,\"valueName\":\"search_term_string\"}}],\"inLanguage\":\"pt-PT\"},{\"@type\":\"Organization\",\"@id\":\"https:\/\/athome.southcoast.org\/#organization\",\"name\":\"Southcoast Health at Home\",\"alternateName\":\"Southcoast Health\",\"url\":\"https:\/\/athome.southcoast.org\/\",\"logo\":{\"@type\":\"ImageObject\",\"inLanguage\":\"pt-PT\",\"@id\":\"https:\/\/athome.southcoast.org\/#\/schema\/logo\/image\/\",\"url\":\"https:\/\/athome.live-southcoast-health-multi.southcoast-health.org\/wp-content\/uploads\/sites\/3\/2025\/06\/AtHome_Logo.png\",\"contentUrl\":\"https:\/\/athome.live-southcoast-health-multi.southcoast-health.org\/wp-content\/uploads\/sites\/3\/2025\/06\/AtHome_Logo.png\",\"width\":450,\"height\":98,\"caption\":\"Southcoast Health at Home\"},\"image\":{\"@id\":\"https:\/\/athome.southcoast.org\/#\/schema\/logo\/image\/\"}}]}<\/script>\n<!-- \/ Yoast SEO plugin. -->","yoast_head_json":{"title":"News | At Home","robots":{"index":"index","follow":"follow","max-snippet":"max-snippet:-1","max-image-preview":"max-image-preview:large","max-video-preview":"max-video-preview:-1"},"canonical":"https:\/\/athome.southcoast.org\/pt\/news\/","og_locale":"pt_PT","og_type":"article","og_title":"News | At Home","og_url":"https:\/\/athome.southcoast.org\/pt\/news\/","og_site_name":"At Home","article_modified_time":"2025-10-16T21:07:01+00:00","twitter_card":"summary_large_image","schema":{"@context":"https:\/\/schema.org","@graph":[{"@type":"WebPage","@id":"https:\/\/athome.southcoast.org\/news\/","url":"https:\/\/athome.southcoast.org\/news\/","name":"News | At Home","isPartOf":{"@id":"https:\/\/athome.southcoast.org\/#website"},"datePublished":"2025-10-16T19:58:53+00:00","dateModified":"2025-10-16T21:07:01+00:00","breadcrumb":{"@id":"https:\/\/athome.southcoast.org\/news\/#breadcrumb"},"inLanguage":"pt-PT","potentialAction":[{"@type":"ReadAction","target":["https:\/\/athome.southcoast.org\/news\/"]}]},{"@type":"BreadcrumbList","@id":"https:\/\/athome.southcoast.org\/news\/#breadcrumb","itemListElement":[{"@type":"ListItem","position":1,"name":"","item":"https:\/\/athome.southcoast.org\/"},{"@type":"ListItem","position":2,"name":"News"}]},{"@type":"WebSite","@id":"https:\/\/athome.southcoast.org\/#website","url":"https:\/\/athome.southcoast.org\/","name":"Southcoast Health at Home (Sa\u00fade em casa)","description":"","publisher":{"@id":"https:\/\/athome.southcoast.org\/#organization"},"potentialAction":[{"@type":"SearchAction","target":{"@type":"EntryPoint","urlTemplate":"https:\/\/athome.southcoast.org\/?s={search_term_string}"},"query-input":{"@type":"PropertyValueSpecification","valueRequired":true,"valueName":"search_term_string"}}],"inLanguage":"pt-PT"},{"@type":"Organization","@id":"https:\/\/athome.southcoast.org\/#organization","name":"Southcoast Health at Home (Sa\u00fade em casa)","alternateName":"Southcoast Health","url":"https:\/\/athome.southcoast.org\/","logo":{"@type":"ImageObject","inLanguage":"pt-PT","@id":"https:\/\/athome.southcoast.org\/#\/schema\/logo\/image\/","url":"https:\/\/athome.live-southcoast-health-multi.southcoast-health.org\/wp-content\/uploads\/sites\/3\/2025\/06\/AtHome_Logo.png","contentUrl":"https:\/\/athome.live-southcoast-health-multi.southcoast-health.org\/wp-content\/uploads\/sites\/3\/2025\/06\/AtHome_Logo.png","width":450,"height":98,"caption":"Southcoast Health at Home"},"image":{"@id":"https:\/\/athome.southcoast.org\/#\/schema\/logo\/image\/"}}]}},"_links":{"self":[{"href":"https:\/\/athome.southcoast.org\/pt\/wp-json\/wp\/v2\/pages\/2976","targetHints":{"allow":["GET"]}}],"collection":[{"href":"https:\/\/athome.southcoast.org\/pt\/wp-json\/wp\/v2\/pages"}],"about":[{"href":"https:\/\/athome.southcoast.org\/pt\/wp-json\/wp\/v2\/types\/page"}],"author":[{"embeddable":true,"href":"https:\/\/athome.southcoast.org\/pt\/wp-json\/wp\/v2\/users\/11"}],"replies":[{"embeddable":true,"href":"https:\/\/athome.southcoast.org\/pt\/wp-json\/wp\/v2\/comments?post=2976"}],"version-history":[{"count":5,"href":"https:\/\/athome.southcoast.org\/pt\/wp-json\/wp\/v2\/pages\/2976\/revisions"}],"predecessor-version":[{"id":2987,"href":"https:\/\/athome.southcoast.org\/pt\/wp-json\/wp\/v2\/pages\/2976\/revisions\/2987"}],"wp:attachment":[{"href":"https:\/\/athome.southcoast.org\/pt\/wp-json\/wp\/v2\/media?parent=2976"}],"curies":[{"name":"wp","href":"https:\/\/api.w.org\/{rel}","templated":true}]}}