{"id":2832,"date":"2025-08-14T13:42:01","date_gmt":"2025-08-14T13:42:01","guid":{"rendered":"https:\/\/athome.test-southcoast-health-multi.southcoast-health.org\/?page_id=2832"},"modified":"2025-10-20T20:11:34","modified_gmt":"2025-10-20T20:11:34","slug":"southcoast-health-at-home-employment-opportunities-in-ma-and-ri","status":"publish","type":"page","link":"https:\/\/athome.southcoast.org\/pt\/southcoast-health-at-home-employment-opportunities-in-ma-and-ri\/","title":{"rendered":"Oportunidades de emprego"},"content":{"rendered":"<div  class=\"blockSettings  paddingTopMD paddingBottomMD multiple-media-object-block light\" style=\"\"><div class=\"container\">\n    <div class=\"grid\">\n        <div class=\"col-sm-12\">\n            <div class=\"inner right disc\">\n                <div class=\"copy\">\n                        <div class=\"mainCopyWrap\">\n            <h2>Southcoast Health at Home Oportunidades de emprego em MA e RI <\/h2>\n    <div class=\"paragraphWrap\"><p><span data-contrast=\"auto\">Se est\u00e1 \u00e0 procura de uma carreira que ofere\u00e7a crescimento profissional e realiza\u00e7\u00e3o pessoal, a Southcoast Health at Home pode ter a posi\u00e7\u00e3o perfeita para si. Cada vez mais prestadores de cuidados de sa\u00fade est\u00e3o a escolher o campo gratificante da coordena\u00e7\u00e3o de cuidados ao domic\u00edlio, onde as suas compet\u00eancias fazem uma diferen\u00e7a significativa na vida de pacientes de todas as idades.<\/span><\/p>\n<p><span data-contrast=\"auto\">A Southcoast Health tamb\u00e9m oferece in\u00fameras oportunidades de educa\u00e7\u00e3o e emprego para profissionais de sa\u00fade no sudeste de Massachusetts e Rhode Island. Al\u00e9m disso, temos um programa de refer\u00eancia para ligar profissionais talentosos \u00e0 nossa equipa.<\/span><span data-ccp-props=\"{}\">\u00a0<\/span><\/p>\n<\/div>    <\/div>\n    \n                <\/div>\n                <div class=\"images\">\n                                            <img decoding=\"async\" class=\"first\" src=\"https:\/\/athome.southcoast.org\/wp-content\/uploads\/sites\/3\/2025\/05\/Lenny-Clair-Conroy-LPN-_-Southcoast-health-at-Home-Aug-2025-2-scaled.jpg\" alt=\"Southcoast Health At Home\">\n                                                                <img decoding=\"async\" class=\"second\" src=\"https:\/\/athome.southcoast.org\/wp-content\/uploads\/sites\/3\/2025\/10\/Remote-Patient-Monitoring-August-2025-2-scaled.jpg\" alt=\"Remote Patient Monitoring\">\n                                                                <img decoding=\"async\" class=\"third\" src=\"https:\/\/athome.southcoast.org\/wp-content\/uploads\/sites\/3\/2025\/10\/Southcoast-at-Home-PT-August-2025-6-scaled.jpg\" alt=\"Southcoast Health At Home\">\n                                    <\/div>\n\n            <\/div>\n        <\/div>\n    <\/div>\n<\/div>\n<\/div>\n\n\n\n\n<div  class=\"blockSettings  paddingTopNone paddingBottomMD bannerFluid light\" style=\"\"><div class=\"container\">\n    <div class=\"grid\">\n        <div class=\"col-sm-12\">\n            <div class=\"inner\">\n                                    <img decoding=\"async\" class=\"pulse\" src=\"https:\/\/athome.southcoast.org\/wp-content\/themes\/southcoast_multisite\/images\/pulse.svg\" alt=\"\">\n                                <div class=\"copy\">\n                        <div class=\"mainCopyWrap\">\n            <h3>Navegue pelos nossos empregos actuais de prestador de cuidados de sa\u00fade e candidate-se a posi\u00e7\u00f5es que correspondam \u00e0s suas qualifica\u00e7\u00f5es atrav\u00e9s do nosso portal de prestador de cuidados de sa\u00fade. Oferecemos oportunidades interessantes em cuidados cl\u00ednicos, incluindo fun\u00e7\u00f5es centradas em encaminhamentos cl\u00ednicos e cuidados com o paciente.<\/h3>\n        <\/div>\n        <div class=\"ctaWrap\">\n                    <a aria-label=\"liga\u00e7\u00e3o para Explorar Oportunidades\" class=\"mainCTA shadow dark1\" href=\"https:\/\/employees-southcoast.icims.com\/jobs\/search?ss=1&#038;searchKeyword=VNA&#038;searchRelation=keyword_all\" target=\"_blank\" title=\"Abre Explorar Oportunidades num novo separador ou janela\" rel=\"noopener noreferrer\">Explorar oportunidades<span class=\"fa-regular fa-up-right-from-square\"><\/span><\/a>            <\/div>\n                    <\/div>\n                <div class=\"media\">\n                    \n                        <img decoding=\"async\" class=\"doctor\" src=\"https:\/\/athome.southcoast.org\/wp-content\/uploads\/sites\/3\/2025\/05\/Dr.-Nosheen-Javed-6-1.png\" alt=\"Image of Dr. Nosheen Javed\">\n                        <img decoding=\"async\" class=\"graphical\" src=\"https:\/\/athome.southcoast.org\/wp-content\/themes\/southcoast_multisite\/images\/corner-art.svg\" alt=\"\">\n\n\n                                    <\/div>\n            <\/div>\n        <\/div>\n    <\/div>\n<\/div>\n<\/div>","protected":false},"excerpt":{"rendered":"","protected":false},"author":23,"featured_media":0,"parent":0,"menu_order":0,"comment_status":"closed","ping_status":"closed","template":"","meta":{"_acf_changed":false,"footnotes":""},"class_list":["post-2832","page","type-page","status-publish","hentry"],"acf":[],"yoast_head":"<!-- This site is optimized with the Yoast SEO plugin v26.0 - https:\/\/yoast.com\/wordpress\/plugins\/seo\/ -->\n<title>Employment Opportunities | At Home<\/title>\n<meta name=\"robots\" content=\"index, follow, max-snippet:-1, max-image-preview:large, max-video-preview:-1\" \/>\n<link rel=\"canonical\" href=\"https:\/\/athome.southcoast.org\/pt\/southcoast-health-at-home-employment-opportunities-in-ma-and-ri\/\" \/>\n<meta property=\"og:locale\" content=\"pt_PT\" \/>\n<meta property=\"og:type\" content=\"article\" \/>\n<meta property=\"og:title\" content=\"Employment Opportunities | At Home\" \/>\n<meta property=\"og:url\" content=\"https:\/\/athome.southcoast.org\/pt\/southcoast-health-at-home-employment-opportunities-in-ma-and-ri\/\" \/>\n<meta property=\"og:site_name\" content=\"At Home\" \/>\n<meta property=\"article:modified_time\" content=\"2025-10-20T20:11:34+00:00\" \/>\n<meta name=\"twitter:card\" content=\"summary_large_image\" \/>\n<script type=\"application\/ld+json\" class=\"yoast-schema-graph\">{\"@context\":\"https:\/\/schema.org\",\"@graph\":[{\"@type\":\"WebPage\",\"@id\":\"https:\/\/athome.southcoast.org\/southcoast-health-at-home-employment-opportunities-in-ma-and-ri\/\",\"url\":\"https:\/\/athome.southcoast.org\/southcoast-health-at-home-employment-opportunities-in-ma-and-ri\/\",\"name\":\"Employment Opportunities | At Home\",\"isPartOf\":{\"@id\":\"https:\/\/athome.southcoast.org\/#website\"},\"datePublished\":\"2025-08-14T13:42:01+00:00\",\"dateModified\":\"2025-10-20T20:11:34+00:00\",\"breadcrumb\":{\"@id\":\"https:\/\/athome.southcoast.org\/southcoast-health-at-home-employment-opportunities-in-ma-and-ri\/#breadcrumb\"},\"inLanguage\":\"pt-PT\",\"potentialAction\":[{\"@type\":\"ReadAction\",\"target\":[\"https:\/\/athome.southcoast.org\/southcoast-health-at-home-employment-opportunities-in-ma-and-ri\/\"]}]},{\"@type\":\"BreadcrumbList\",\"@id\":\"https:\/\/athome.southcoast.org\/southcoast-health-at-home-employment-opportunities-in-ma-and-ri\/#breadcrumb\",\"itemListElement\":[{\"@type\":\"ListItem\",\"position\":1,\"name\":\"\",\"item\":\"https:\/\/athome.southcoast.org\/\"},{\"@type\":\"ListItem\",\"position\":2,\"name\":\"Employment Opportunities\"}]},{\"@type\":\"WebSite\",\"@id\":\"https:\/\/athome.southcoast.org\/#website\",\"url\":\"https:\/\/athome.southcoast.org\/\",\"name\":\"Southcoast Health at Home\",\"description\":\"\",\"publisher\":{\"@id\":\"https:\/\/athome.southcoast.org\/#organization\"},\"potentialAction\":[{\"@type\":\"SearchAction\",\"target\":{\"@type\":\"EntryPoint\",\"urlTemplate\":\"https:\/\/athome.southcoast.org\/?s={search_term_string}\"},\"query-input\":{\"@type\":\"PropertyValueSpecification\",\"valueRequired\":true,\"valueName\":\"search_term_string\"}}],\"inLanguage\":\"pt-PT\"},{\"@type\":\"Organization\",\"@id\":\"https:\/\/athome.southcoast.org\/#organization\",\"name\":\"Southcoast Health at Home\",\"alternateName\":\"Southcoast Health\",\"url\":\"https:\/\/athome.southcoast.org\/\",\"logo\":{\"@type\":\"ImageObject\",\"inLanguage\":\"pt-PT\",\"@id\":\"https:\/\/athome.southcoast.org\/#\/schema\/logo\/image\/\",\"url\":\"https:\/\/athome.live-southcoast-health-multi.southcoast-health.org\/wp-content\/uploads\/sites\/3\/2025\/06\/AtHome_Logo.png\",\"contentUrl\":\"https:\/\/athome.live-southcoast-health-multi.southcoast-health.org\/wp-content\/uploads\/sites\/3\/2025\/06\/AtHome_Logo.png\",\"width\":450,\"height\":98,\"caption\":\"Southcoast Health at Home\"},\"image\":{\"@id\":\"https:\/\/athome.southcoast.org\/#\/schema\/logo\/image\/\"}}]}<\/script>\n<!-- \/ Yoast SEO plugin. -->","yoast_head_json":{"title":"Employment Opportunities | At Home","robots":{"index":"index","follow":"follow","max-snippet":"max-snippet:-1","max-image-preview":"max-image-preview:large","max-video-preview":"max-video-preview:-1"},"canonical":"https:\/\/athome.southcoast.org\/pt\/southcoast-health-at-home-employment-opportunities-in-ma-and-ri\/","og_locale":"pt_PT","og_type":"article","og_title":"Employment Opportunities | At Home","og_url":"https:\/\/athome.southcoast.org\/pt\/southcoast-health-at-home-employment-opportunities-in-ma-and-ri\/","og_site_name":"At Home","article_modified_time":"2025-10-20T20:11:34+00:00","twitter_card":"summary_large_image","schema":{"@context":"https:\/\/schema.org","@graph":[{"@type":"WebPage","@id":"https:\/\/athome.southcoast.org\/southcoast-health-at-home-employment-opportunities-in-ma-and-ri\/","url":"https:\/\/athome.southcoast.org\/southcoast-health-at-home-employment-opportunities-in-ma-and-ri\/","name":"Employment Opportunities | At Home","isPartOf":{"@id":"https:\/\/athome.southcoast.org\/#website"},"datePublished":"2025-08-14T13:42:01+00:00","dateModified":"2025-10-20T20:11:34+00:00","breadcrumb":{"@id":"https:\/\/athome.southcoast.org\/southcoast-health-at-home-employment-opportunities-in-ma-and-ri\/#breadcrumb"},"inLanguage":"pt-PT","potentialAction":[{"@type":"ReadAction","target":["https:\/\/athome.southcoast.org\/southcoast-health-at-home-employment-opportunities-in-ma-and-ri\/"]}]},{"@type":"BreadcrumbList","@id":"https:\/\/athome.southcoast.org\/southcoast-health-at-home-employment-opportunities-in-ma-and-ri\/#breadcrumb","itemListElement":[{"@type":"ListItem","position":1,"name":"","item":"https:\/\/athome.southcoast.org\/"},{"@type":"ListItem","position":2,"name":"Employment Opportunities"}]},{"@type":"WebSite","@id":"https:\/\/athome.southcoast.org\/#website","url":"https:\/\/athome.southcoast.org\/","name":"Southcoast Health at Home (Sa\u00fade em casa)","description":"","publisher":{"@id":"https:\/\/athome.southcoast.org\/#organization"},"potentialAction":[{"@type":"SearchAction","target":{"@type":"EntryPoint","urlTemplate":"https:\/\/athome.southcoast.org\/?s={search_term_string}"},"query-input":{"@type":"PropertyValueSpecification","valueRequired":true,"valueName":"search_term_string"}}],"inLanguage":"pt-PT"},{"@type":"Organization","@id":"https:\/\/athome.southcoast.org\/#organization","name":"Southcoast Health at Home (Sa\u00fade em casa)","alternateName":"Southcoast Health","url":"https:\/\/athome.southcoast.org\/","logo":{"@type":"ImageObject","inLanguage":"pt-PT","@id":"https:\/\/athome.southcoast.org\/#\/schema\/logo\/image\/","url":"https:\/\/athome.live-southcoast-health-multi.southcoast-health.org\/wp-content\/uploads\/sites\/3\/2025\/06\/AtHome_Logo.png","contentUrl":"https:\/\/athome.live-southcoast-health-multi.southcoast-health.org\/wp-content\/uploads\/sites\/3\/2025\/06\/AtHome_Logo.png","width":450,"height":98,"caption":"Southcoast Health at Home"},"image":{"@id":"https:\/\/athome.southcoast.org\/#\/schema\/logo\/image\/"}}]}},"_links":{"self":[{"href":"https:\/\/athome.southcoast.org\/pt\/wp-json\/wp\/v2\/pages\/2832","targetHints":{"allow":["GET"]}}],"collection":[{"href":"https:\/\/athome.southcoast.org\/pt\/wp-json\/wp\/v2\/pages"}],"about":[{"href":"https:\/\/athome.southcoast.org\/pt\/wp-json\/wp\/v2\/types\/page"}],"author":[{"embeddable":true,"href":"https:\/\/athome.southcoast.org\/pt\/wp-json\/wp\/v2\/users\/23"}],"replies":[{"embeddable":true,"href":"https:\/\/athome.southcoast.org\/pt\/wp-json\/wp\/v2\/comments?post=2832"}],"version-history":[{"count":10,"href":"https:\/\/athome.southcoast.org\/pt\/wp-json\/wp\/v2\/pages\/2832\/revisions"}],"predecessor-version":[{"id":3050,"href":"https:\/\/athome.southcoast.org\/pt\/wp-json\/wp\/v2\/pages\/2832\/revisions\/3050"}],"wp:attachment":[{"href":"https:\/\/athome.southcoast.org\/pt\/wp-json\/wp\/v2\/media?parent=2832"}],"curies":[{"name":"wp","href":"https:\/\/api.w.org\/{rel}","templated":true}]}}