{"id":2011,"date":"2025-05-29T04:05:50","date_gmt":"2025-05-29T04:05:50","guid":{"rendered":"https:\/\/athome.test-southcoast-health-multi.southcoast-health.org\/?page_id=2011"},"modified":"2025-10-20T20:05:21","modified_gmt":"2025-10-20T20:05:21","slug":"our-services","status":"publish","type":"page","link":"https:\/\/athome.southcoast.org\/pt\/our-services\/","title":{"rendered":"Os nossos servi\u00e7os"},"content":{"rendered":"<div  class=\"blockSettings  paddingTopSM paddingBottomSM heroBasicFluid darkTheme\" style=\"background-image:url(https:\/\/athome.southcoast.org\/wp-content\/uploads\/sites\/3\/2025\/10\/GettyImages-1917170366-scaled.jpg);background-size:cover;background-position:center center;\"><div class=\"overlay\"><\/div><div class=\"container\">\n            <div class=\"grid\">\n            <div class=\"col-sm-12 col-bleed-y\">\n                <div class=\"Center\">\n                    <div class=\"breadcrumbsWrapper desktop-breadcrumbs\"><nav id=\"breadcrumbs\" aria-label=\"P\u00e3o ralado\"><ol><li><a href=\"https:\/\/athome.southcoast.org\/pt\/\"><i class=\"fa-regular fa-house\"><\/i><span class=\"visually-hidden\">In\u00edcio<\/span><\/a><\/li><\/ol><\/nav><\/div><div class=\"breadcrumbsWrapper mobile-breadcrumbs\"><p id=\"mobile-breadcrumbs\" class=\"mobile-back-nav\"><span><span><a href=\"#\" onclick=\"return handleBackNavigation();\"><i class=\"fa-solid fa-chevron-left back-arrow\"><\/i> Voltar<\/a><\/span><\/span><\/p>\t\t<script>\n\t\t\tfunction handleBackNavigation() {\n\t\t\t\tif (window.history.length > 1) {\n\t\t\t\t\twindow.history.back();\n\t\t\t\t} else {\n\t\t\t\t\twindow.location.href = 'https:\/\/athome.southcoast.org\/pt';\n\t\t\t\t}\n\t\t\t\treturn false;\n\t\t\t}\n\t\t<\/script>\n<\/div>                <\/div>\n            <\/div>\n        <\/div>\n        <div class=\"grid align-center\">\n        <div class=\"col-sm-10\">\n            <div class=\"Center\">\n\n                    <div class=\"mainCopyWrap\">\n            <h1>Os nossos servi\u00e7os<\/h1>\n    <div class=\"paragraphWrap\"><p>A nossa equipa de cuidados de sa\u00fade ao domic\u00edlio est\u00e1 aqui para prestar cuidados especializados e compassivos - ajudando-o a manter-se saud\u00e1vel, confort\u00e1vel e confiante em casa. <\/p><\/div>    <\/div>\n    \n                \n            <\/div>\n        <\/div>\n    <\/div>\n<\/div>\n    <div class=\"cornerArtWrapper cornerArt-small\">\n        <img decoding=\"async\" class=\"cornerArt\" src=\"https:\/\/athome.southcoast.org\/wp-content\/themes\/southcoast_multisite\/images\/corner-art.svg\" alt=\"\">\n    <\/div>\n<\/div>\n\n\n\n\n<div  class=\"blockSettings  paddingTopMD paddingBottomMD cardIconsFluid cardIconsImageFluid light\" style=\"\">\t<div class=\"container\">\n\t\t\t\t\t<div class=\"grid\">\n\t\t\t\t<div class=\"col-sm-12\">\n\t\t\t\t\t<div class=\"introCenter\">\n\t\t\t\t\t\t<div class=\"maincopy intro\">\n\t\t\t\t\t\t\t<h2>Cuidados compassivos, a cada passo do caminho<\/h2>\n\t\t\t\t\t\t\t\t\t\t\t\t\t\t\t<p><p>H\u00e1 mais de 100 anos que fornecemos \u00e0 nossa comunidade da Costa Sul cuidados personalizados e de confian\u00e7a no conforto da sua pr\u00f3pria casa. A nossa equipa especializada de m\u00e9dicos, enfermeiros, fisioterapeutas e muito mais ir\u00e1 garantir que recebe o mais elevado n\u00edvel de cuidados ao domic\u00edlio poss\u00edvel, completamente personalizado para a sua situa\u00e7\u00e3o \u00fanica.<\/p>\n<\/p>\n\t\t\t\t\t\t\t\t\t\t\t\t\t<\/div>\n\t\t\t\t\t\t\t\t\t\t\t\t\t\t\t\t\t\t\t\t\t\t\t\t\t\t                                                                                                        \t\t\t\t\t<\/div>\n\t\t\t\t<\/div>\n\t\t\t<\/div>\n\t\t\n\t\t\t\t\t<!--Manual Cards-->\n\t\t\t<div class=\"grid\">\n\t\t\t\t\t\t\t\t\t\t\t<div class=\"col-sm-6 col-md-auto col-grid\">\n\t\t\t\t\t\t\t\t<div class=\"cardBasic  Center Vertical\">\n\t\t\t\t\t\t\t\t\t\t\t\t\t\t\t\t\t\t\t<span class=\"icon fa-classic fa-light fa-bed-pulse\"><\/span>\n\t\t\t\t\t\t\t\t\t\t\t\t\t\t\t\t\t\t\n\t\t\t\t\t\t\t\t\t<div class=\"cardBasicBody\">\n\t\t\t\t\t\t\t\t\t\t<div class=\"cardBasicBodyTitle\" role=\"title\">Cuidados de sa\u00fade ao domic\u00edlio<\/div>\n\t\t\t\t\t\t\t\t\t\t\t\t\t\t\t\t\t\t\t\t<div class=\"excerpt\">\n\t\t\t\t\t\t\t\t\t\t\t<p><span data-contrast=\"auto\">Levamos cuidados qualificados e compassivos at\u00e9 \u00e0 sua porta. Em estreita colabora\u00e7\u00e3o com o seu m\u00e9dico, concebemos um plano de cuidados personalizado para o ajudar a viver em casa de forma segura, confort\u00e1vel e independente.<\/span><\/p>\n\t\t\t\t\t\t\t\t\t\t<\/div>\n\t\t\t\t\t\t\t\t\t\t\t\t\t\t\t\t\t\t\t\t\t\t\t\t\t\t\t\t\t\t\t<div class=\"cardLinks\">\n\t\t\t\t\t\t\t\t\t\t\t\t\t\t\t\t\t\t\t\t\t\t\t<a aria-label=\"link para saber mais sobre os cuidados de sa\u00fade ao domic\u00edlio\" title=\"liga\u00e7\u00e3o para saber mais\" href=\"\/pt\/our-services\/home-health\/\" target=\"_self\" class=\"mainCTA light3\">\n\t\t\t\t\t\t\t\t\t\t\t\t\t<span class=\"icon-cta fa-regular fa-arrow-up-right\" aria-hidden=\"true\"><\/span>\n\t\t\t\t\t\t\t\t\t\t\t\t\tSaiba mais\t\t\t\t\t\t\t\t\t\t\t\t<\/a>\n\t\t\t\t\t\t\t\t\t\t\t\t\t\t\t\t\t\t\t\t\t\t\t\n\t\t\t\t\t\t\t\t\t\t\t\t\t\t\t\t\t\t\t\t\t\t<\/div>\n\t\t\t\t\t\t\t\t\t\t\t\t\t\t\t\t\t\t\t<\/div>\n\t\t\t\t\t\t\t\t<\/div>\n\t\t\t\t\t\t\t<\/div>\n\t\t\t\t\t\t\t\t\t\t\t\t<div class=\"col-sm-6 col-md-auto col-grid\">\n\t\t\t\t\t\t\t\t<div class=\"cardBasic  Center Vertical\">\n\t\t\t\t\t\t\t\t\t\t\t\t\t\t\t\t\t\t\t<span class=\"icon fa-classic fa-light fa-hand-holding-medical\"><\/span>\n\t\t\t\t\t\t\t\t\t\t\t\t\t\t\t\t\t\t\n\t\t\t\t\t\t\t\t\t<div class=\"cardBasicBody\">\n\t\t\t\t\t\t\t\t\t\t<div class=\"cardBasicBodyTitle\" role=\"title\">Cuidados especializados<\/div>\n\t\t\t\t\t\t\t\t\t\t\t\t\t\t\t\t\t\t\t\t<div class=\"excerpt\">\n\t\t\t\t\t\t\t\t\t\t\t<p><span data-contrast=\"auto\">As nossas equipas interdisciplinares t\u00eam forma\u00e7\u00e3o especializada para prestar os cuidados avan\u00e7ados e especializados de que necessita - desde servi\u00e7os card\u00edacos a apoio \u00e0 recupera\u00e7\u00e3o ap\u00f3s cirurgia de substitui\u00e7\u00e3o de articula\u00e7\u00f5es. Oferecemos tratamento personalizado e de alta qualidade, adaptado \u00e0s necessidades exclusivas de cada paciente.<\/span><span data-ccp-props=\"{}\">\u00a0<\/span><\/p>\n\t\t\t\t\t\t\t\t\t\t<\/div>\n\t\t\t\t\t\t\t\t\t\t\t\t\t\t\t\t\t\t\t\t\t\t\t\t\t\t\t\t\t\t\t<div class=\"cardLinks\">\n\t\t\t\t\t\t\t\t\t\t\t\t\t\t\t\t\t\t\t\t\t\t\t<a aria-label=\"link para saber mais sobre cuidados especializados\" title=\"liga\u00e7\u00e3o para saber mais\" href=\"\/pt\/our-services\/specialty\/\" target=\"_self\" class=\"mainCTA light3\">\n\t\t\t\t\t\t\t\t\t\t\t\t\t<span class=\"icon-cta fa-regular fa-arrow-up-right\" aria-hidden=\"true\"><\/span>\n\t\t\t\t\t\t\t\t\t\t\t\t\tSaiba mais\t\t\t\t\t\t\t\t\t\t\t\t<\/a>\n\t\t\t\t\t\t\t\t\t\t\t\t\t\t\t\t\t\t\t\t\t\t\t\n\t\t\t\t\t\t\t\t\t\t\t\t\t\t\t\t\t\t\t\t\t\t<\/div>\n\t\t\t\t\t\t\t\t\t\t\t\t\t\t\t\t\t\t\t<\/div>\n\t\t\t\t\t\t\t\t<\/div>\n\t\t\t\t\t\t\t<\/div>\n\t\t\t\t\t\t\t\t\t\t\t\t<div class=\"col-sm-6 col-md-auto col-grid\">\n\t\t\t\t\t\t\t\t<div class=\"cardBasic  Center Vertical\">\n\t\t\t\t\t\t\t\t\t\t\t\t\t\t\t\t\t\t\t<span class=\"icon fa-classic fa-light fa-shield-heart\"><\/span>\n\t\t\t\t\t\t\t\t\t\t\t\t\t\t\t\t\t\t\n\t\t\t\t\t\t\t\t\t<div class=\"cardBasicBody\">\n\t\t\t\t\t\t\t\t\t\t<div class=\"cardBasicBodyTitle\" role=\"title\">Cuidados de apoio<\/div>\n\t\t\t\t\t\t\t\t\t\t\t\t\t\t\t\t\t\t\t\t<div class=\"excerpt\">\n\t\t\t\t\t\t\t\t\t\t\t<p><span data-contrast=\"auto\">A nossa equipa de Cuidados de Apoio oferece cuidados compassivos e especializados a doentes que enfrentam doen\u00e7as graves ou limitadoras da vida. Quer esteja a fazer um tratamento ativo ou a concentrar-se na qualidade de vida, estamos aqui para o apoiar a si e aos seus entes queridos em cada passo da sua viagem.<\/span><span data-ccp-props=\"{}\">\u00a0<\/span><\/p>\n<p><span data-ccp-props=\"{}\">\u00a0<\/span><\/p>\n\t\t\t\t\t\t\t\t\t\t<\/div>\n\t\t\t\t\t\t\t\t\t\t\t\t\t\t\t\t\t\t\t\t\t\t\t\t\t\t\t\t\t\t\t<div class=\"cardLinks\">\n\t\t\t\t\t\t\t\t\t\t\t\t\t\t\t\t\t\t\t\t\t\t\t<a aria-label=\"liga\u00e7\u00e3o para saber mais sobre cuidados de apoio\" title=\"liga\u00e7\u00e3o para saber mais\" href=\"\/pt\/our-services\/supportive\/\" target=\"_self\" class=\"mainCTA light3\">\n\t\t\t\t\t\t\t\t\t\t\t\t\t<span class=\"icon-cta fa-regular fa-arrow-up-right\" aria-hidden=\"true\"><\/span>\n\t\t\t\t\t\t\t\t\t\t\t\t\tSaiba mais\t\t\t\t\t\t\t\t\t\t\t\t<\/a>\n\t\t\t\t\t\t\t\t\t\t\t\t\t\t\t\t\t\t\t\t\t\t\t\n\t\t\t\t\t\t\t\t\t\t\t\t\t\t\t\t\t\t\t\t\t\t<\/div>\n\t\t\t\t\t\t\t\t\t\t\t\t\t\t\t\t\t\t\t<\/div>\n\t\t\t\t\t\t\t\t<\/div>\n\t\t\t\t\t\t\t<\/div>\n\t\t\t\t\t\t\t\t<\/div>\n\t\t\t<\/div>\n<\/div>\n\n\n<div id=\"map\" class=\"blockSettings  paddingTopNone paddingBottomMD media-object-block light\" style=\"\"><div class=\"container\">\n\t<div class=\"grid\">\n\t\t<div class=\"col-sm-12\">\n\t\t\t<div class=\"inner image-left list-style-disc inner-bg\" style=\"background-color: #E9F7F4;\">\n\t\t\t\t<div class=\"copy\">\n\t\t\t\t\t    <div class=\"mainCopyWrap\">\n            <h2>Encontrar um centro de sa\u00fade Southcoast perto de si<\/h2>\n    <div class=\"paragraphWrap\"><p><span data-contrast=\"auto\">Com locais convenientes no sudeste de Massachusetts, Rhode Island e \u00e1reas circundantes, a Southcoast Health facilita o acesso aos cuidados que voc\u00ea merece, perto de casa.<\/span><span data-ccp-props=\"{}\">\u00a0<\/span><\/p>\n<p><span data-contrast=\"auto\">Comece hoje a sua viagem para uma sa\u00fade melhor.<\/span><span data-ccp-props=\"{}\">\u00a0<\/span><\/p>\n<\/div>    <\/div>\n        <div class=\"ctaWrap\">\n                    <a aria-label=\"liga\u00e7\u00e3o para Contacte-nos\" class=\"mainCTA shadow light1\" href=\"https:\/\/athome.southcoast.org\/pt\/about\/\" title=\"Abrir Contacte-nos\" >Contactar-nos<\/a>            <\/div>\n    \t\t\t\t<\/div>\n\t\t\t\t\t\t\t\t<div class=\"images\">\n\t\t\t\t\t\t<img decoding=\"async\" class=\"single\" src=\"https:\/\/athome.southcoast.org\/wp-content\/uploads\/sites\/3\/2025\/05\/SHAH-Service-Areas-Map-2025.png\" alt=\"Southcoast Service Area Map\">\n\t\t\t\t\t\t\t\t\t\t<\/div>\n\t\t\t\t\n\t\t\t<\/div>\n\t\t<\/div>\n\t<\/div>\n<\/div>\n<\/div>","protected":false},"excerpt":{"rendered":"","protected":false},"author":7,"featured_media":0,"parent":0,"menu_order":0,"comment_status":"closed","ping_status":"closed","template":"","meta":{"_acf_changed":false,"footnotes":""},"class_list":["post-2011","page","type-page","status-publish","hentry"],"acf":[],"yoast_head":"<!-- This site is optimized with the Yoast SEO plugin v26.0 - https:\/\/yoast.com\/wordpress\/plugins\/seo\/ -->\n<title>Our Services | At Home<\/title>\n<meta name=\"robots\" content=\"index, follow, max-snippet:-1, max-image-preview:large, max-video-preview:-1\" \/>\n<link rel=\"canonical\" href=\"https:\/\/athome.southcoast.org\/pt\/our-services\/\" \/>\n<meta property=\"og:locale\" content=\"pt_PT\" \/>\n<meta property=\"og:type\" content=\"article\" \/>\n<meta property=\"og:title\" content=\"Our Services | At Home\" \/>\n<meta property=\"og:url\" content=\"https:\/\/athome.southcoast.org\/pt\/our-services\/\" \/>\n<meta property=\"og:site_name\" content=\"At Home\" \/>\n<meta property=\"article:modified_time\" content=\"2025-10-20T20:05:21+00:00\" \/>\n<meta name=\"twitter:card\" content=\"summary_large_image\" \/>\n<script type=\"application\/ld+json\" class=\"yoast-schema-graph\">{\"@context\":\"https:\/\/schema.org\",\"@graph\":[{\"@type\":\"WebPage\",\"@id\":\"https:\/\/athome.southcoast.org\/our-services\/\",\"url\":\"https:\/\/athome.southcoast.org\/our-services\/\",\"name\":\"Our Services | At Home\",\"isPartOf\":{\"@id\":\"https:\/\/athome.southcoast.org\/#website\"},\"datePublished\":\"2025-05-29T04:05:50+00:00\",\"dateModified\":\"2025-10-20T20:05:21+00:00\",\"breadcrumb\":{\"@id\":\"https:\/\/athome.southcoast.org\/our-services\/#breadcrumb\"},\"inLanguage\":\"pt-PT\",\"potentialAction\":[{\"@type\":\"ReadAction\",\"target\":[\"https:\/\/athome.southcoast.org\/our-services\/\"]}]},{\"@type\":\"BreadcrumbList\",\"@id\":\"https:\/\/athome.southcoast.org\/our-services\/#breadcrumb\",\"itemListElement\":[{\"@type\":\"ListItem\",\"position\":1,\"name\":\"\",\"item\":\"https:\/\/athome.southcoast.org\/\"},{\"@type\":\"ListItem\",\"position\":2,\"name\":\"Our Services\"}]},{\"@type\":\"WebSite\",\"@id\":\"https:\/\/athome.southcoast.org\/#website\",\"url\":\"https:\/\/athome.southcoast.org\/\",\"name\":\"Southcoast Health at Home\",\"description\":\"\",\"publisher\":{\"@id\":\"https:\/\/athome.southcoast.org\/#organization\"},\"potentialAction\":[{\"@type\":\"SearchAction\",\"target\":{\"@type\":\"EntryPoint\",\"urlTemplate\":\"https:\/\/athome.southcoast.org\/?s={search_term_string}\"},\"query-input\":{\"@type\":\"PropertyValueSpecification\",\"valueRequired\":true,\"valueName\":\"search_term_string\"}}],\"inLanguage\":\"pt-PT\"},{\"@type\":\"Organization\",\"@id\":\"https:\/\/athome.southcoast.org\/#organization\",\"name\":\"Southcoast Health at Home\",\"alternateName\":\"Southcoast Health\",\"url\":\"https:\/\/athome.southcoast.org\/\",\"logo\":{\"@type\":\"ImageObject\",\"inLanguage\":\"pt-PT\",\"@id\":\"https:\/\/athome.southcoast.org\/#\/schema\/logo\/image\/\",\"url\":\"https:\/\/athome.live-southcoast-health-multi.southcoast-health.org\/wp-content\/uploads\/sites\/3\/2025\/06\/AtHome_Logo.png\",\"contentUrl\":\"https:\/\/athome.live-southcoast-health-multi.southcoast-health.org\/wp-content\/uploads\/sites\/3\/2025\/06\/AtHome_Logo.png\",\"width\":450,\"height\":98,\"caption\":\"Southcoast Health at Home\"},\"image\":{\"@id\":\"https:\/\/athome.southcoast.org\/#\/schema\/logo\/image\/\"}}]}<\/script>\n<!-- \/ Yoast SEO plugin. -->","yoast_head_json":{"title":"Our Services | At Home","robots":{"index":"index","follow":"follow","max-snippet":"max-snippet:-1","max-image-preview":"max-image-preview:large","max-video-preview":"max-video-preview:-1"},"canonical":"https:\/\/athome.southcoast.org\/pt\/our-services\/","og_locale":"pt_PT","og_type":"article","og_title":"Our Services | At Home","og_url":"https:\/\/athome.southcoast.org\/pt\/our-services\/","og_site_name":"At Home","article_modified_time":"2025-10-20T20:05:21+00:00","twitter_card":"summary_large_image","schema":{"@context":"https:\/\/schema.org","@graph":[{"@type":"WebPage","@id":"https:\/\/athome.southcoast.org\/our-services\/","url":"https:\/\/athome.southcoast.org\/our-services\/","name":"Our Services | At Home","isPartOf":{"@id":"https:\/\/athome.southcoast.org\/#website"},"datePublished":"2025-05-29T04:05:50+00:00","dateModified":"2025-10-20T20:05:21+00:00","breadcrumb":{"@id":"https:\/\/athome.southcoast.org\/our-services\/#breadcrumb"},"inLanguage":"pt-PT","potentialAction":[{"@type":"ReadAction","target":["https:\/\/athome.southcoast.org\/our-services\/"]}]},{"@type":"BreadcrumbList","@id":"https:\/\/athome.southcoast.org\/our-services\/#breadcrumb","itemListElement":[{"@type":"ListItem","position":1,"name":"","item":"https:\/\/athome.southcoast.org\/"},{"@type":"ListItem","position":2,"name":"Our Services"}]},{"@type":"WebSite","@id":"https:\/\/athome.southcoast.org\/#website","url":"https:\/\/athome.southcoast.org\/","name":"Southcoast Health at Home (Sa\u00fade em casa)","description":"","publisher":{"@id":"https:\/\/athome.southcoast.org\/#organization"},"potentialAction":[{"@type":"SearchAction","target":{"@type":"EntryPoint","urlTemplate":"https:\/\/athome.southcoast.org\/?s={search_term_string}"},"query-input":{"@type":"PropertyValueSpecification","valueRequired":true,"valueName":"search_term_string"}}],"inLanguage":"pt-PT"},{"@type":"Organization","@id":"https:\/\/athome.southcoast.org\/#organization","name":"Southcoast Health at Home (Sa\u00fade em casa)","alternateName":"Southcoast Health","url":"https:\/\/athome.southcoast.org\/","logo":{"@type":"ImageObject","inLanguage":"pt-PT","@id":"https:\/\/athome.southcoast.org\/#\/schema\/logo\/image\/","url":"https:\/\/athome.live-southcoast-health-multi.southcoast-health.org\/wp-content\/uploads\/sites\/3\/2025\/06\/AtHome_Logo.png","contentUrl":"https:\/\/athome.live-southcoast-health-multi.southcoast-health.org\/wp-content\/uploads\/sites\/3\/2025\/06\/AtHome_Logo.png","width":450,"height":98,"caption":"Southcoast Health at Home"},"image":{"@id":"https:\/\/athome.southcoast.org\/#\/schema\/logo\/image\/"}}]}},"_links":{"self":[{"href":"https:\/\/athome.southcoast.org\/pt\/wp-json\/wp\/v2\/pages\/2011","targetHints":{"allow":["GET"]}}],"collection":[{"href":"https:\/\/athome.southcoast.org\/pt\/wp-json\/wp\/v2\/pages"}],"about":[{"href":"https:\/\/athome.southcoast.org\/pt\/wp-json\/wp\/v2\/types\/page"}],"author":[{"embeddable":true,"href":"https:\/\/athome.southcoast.org\/pt\/wp-json\/wp\/v2\/users\/7"}],"replies":[{"embeddable":true,"href":"https:\/\/athome.southcoast.org\/pt\/wp-json\/wp\/v2\/comments?post=2011"}],"version-history":[{"count":29,"href":"https:\/\/athome.southcoast.org\/pt\/wp-json\/wp\/v2\/pages\/2011\/revisions"}],"predecessor-version":[{"id":3044,"href":"https:\/\/athome.southcoast.org\/pt\/wp-json\/wp\/v2\/pages\/2011\/revisions\/3044"}],"wp:attachment":[{"href":"https:\/\/athome.southcoast.org\/pt\/wp-json\/wp\/v2\/media?parent=2011"}],"curies":[{"name":"wp","href":"https:\/\/api.w.org\/{rel}","templated":true}]}}