{"id":1960,"date":"2025-05-29T18:29:07","date_gmt":"2025-05-29T18:29:07","guid":{"rendered":"https:\/\/athome.test-southcoast-health-multi.southcoast-health.org\/?page_id=1960"},"modified":"2026-03-05T21:50:58","modified_gmt":"2026-03-05T21:50:58","slug":"angel-wings-retreat","status":"publish","type":"page","link":"https:\/\/athome.southcoast.org\/pt\/angel-wings-retreat\/","title":{"rendered":"Retiro Asas de Anjo"},"content":{"rendered":"<div  class=\"blockSettings  paddingTopMD paddingBottomMD heroBasicFluid light\" style=\"background-color:#E9F7F4;\"><div class=\"container\">\n            <div class=\"grid\">\n            <div class=\"col-sm-12 col-bleed-y\">\n                <div class=\"Center\">\n                    <div class=\"breadcrumbsWrapper desktop-breadcrumbs\"><nav id=\"breadcrumbs\" aria-label=\"P\u00e3o ralado\"><ol><li><a href=\"https:\/\/athome.southcoast.org\/pt\/\"><i class=\"fa-regular fa-house\"><\/i><span class=\"visually-hidden\">In\u00edcio<\/span><\/a><\/li><\/ol><\/nav><\/div><div class=\"breadcrumbsWrapper mobile-breadcrumbs\"><p id=\"mobile-breadcrumbs\" class=\"mobile-back-nav\"><span><span><a href=\"#\" onclick=\"return handleBackNavigation();\"><i class=\"fa-solid fa-chevron-left back-arrow\"><\/i> Voltar<\/a><\/span><\/span><\/p>\t\t<script>\n\t\t\tfunction handleBackNavigation() {\n\t\t\t\tif (window.history.length > 1) {\n\t\t\t\t\twindow.history.back();\n\t\t\t\t} else {\n\t\t\t\t\twindow.location.href = 'https:\/\/athome.southcoast.org\/pt';\n\t\t\t\t}\n\t\t\t\treturn false;\n\t\t\t}\n\t\t<\/script>\n<\/div>                <\/div>\n            <\/div>\n        <\/div>\n        <div class=\"grid align-center\">\n        <div class=\"col-sm-10\">\n            <div class=\"Center\">\n\n                    <div class=\"mainCopyWrap\">\n            <h1>Retiro Asas de Anjo  <\/h1>\n    <div class=\"paragraphWrap\"><p>O nosso Retiro Angel Wings \u00e9 um grupo de luto de dois dias para crian\u00e7as e adolescentes que est\u00e3o a sofrer a perda de um ente querido. Proporcionamos apoio emocional e f\u00edsico num ambiente seguro e sem julgamentos, onde crian\u00e7as dos 6 aos 15 anos podem explorar os seus pensamentos e sentimentos sobre a perda juntamente com os seus pares. O retiro cria um espa\u00e7o para recordar os entes queridos com outras crian\u00e7as que se podem identificar com a sua situa\u00e7\u00e3o.  <\/p><\/div>    <\/div>\n    \n                \n            <\/div>\n        <\/div>\n    <\/div>\n<\/div>\n    <div class=\"cornerArtWrapper cornerArt-small\">\n        <img decoding=\"async\" class=\"cornerArt\" src=\"https:\/\/athome.southcoast.org\/wp-content\/themes\/southcoast_multisite\/images\/corner-art.svg\" alt=\"\">\n    <\/div>\n<\/div>\n\n\n\n\n<div  class=\"blockSettings  paddingTopMD paddingBottomMD calloutbannerminiFluid layout-contained darkTheme\" style=\"background-color:#f6f7f7;\"><div class=\"container\">\n    <div class=\"grid\">\n        <div class=\"col-sm-12 col-bleed-y\">\n            <div class=\"banner-content  ctas-1\">\n                                    <div class=\"copy\">\n                        <p style=\"text-align: center;\"><strong>As inscri\u00e7\u00f5es para o Retiro Asas de Anjo 2026 j\u00e1 est\u00e3o abertas!<br \/>\n<\/strong><\/p>\n<p style=\"text-align: center;\">As candidaturas devem ser recebidas at\u00e9 ao final do dia \u00fatil de<br \/>\n<strong>19 de junho de 2026<\/strong>.<strong><br \/>\n<\/strong><\/p>\n                    <\/div>\n                                    <div class=\"ctaWrap\">\n                    <a aria-label=\"link para se candidatar agora\" class=\"mainCTA shadow light2\" href=\"https:\/\/forms.office.com\/pages\/responsepage.aspx?id=Sej3q5FBB0y0OprJmN6RMejZ7EhA1gpKmi4yfu5LfvdUMzY4NzBJM1NUVEQ0QVYzS0dVRVkyVlVYTS4u&#038;web=1&#038;wdLOR=c9C414E3D-2DF9-4450-B9D8-477AAF23296C&#038;route=shorturl\" title=\"Aberto Aplicar agora\" >Candidatar-se agora<\/a>            <\/div>\n                <\/div>\n        <\/div>\n    <\/div>\n<\/div>\n<\/div>\n\n\n<div  class=\"blockSettings  paddingTopSM paddingBottomMD media-object-video-block light\" style=\"background-color:#e1f5fa;\"><div class=\"container\">\n    <div class=\"grid\">\n        <div class=\"col-sm-12\">\n            <div class=\"inner video-center-bottom list-style-disc inner-white-bg\">\n                <div class=\"copy intro-Center\">\n                                                                <h2>Apoiar o Retiro Asas de Anjo  <\/h2>\n                                                                <p>H\u00e1 muitas maneiras de ajudar a apoiar o Retiro Asas de Anjo. S\u00e3o necess\u00e1rios volunt\u00e1rios para servir como conselheiros do retiro, l\u00edderes\/assistentes de actividades ou ajuda geral. Se estiver interessado em ser volunt\u00e1rio, clique no bot\u00e3o abaixo.<\/p>\n<p>Contacte-nos atrav\u00e9s de <strong>telefone: 508-973-3426<\/strong> ou por correio eletr\u00f3nico em <a class=\"linkified\" href=\"mailto:angelwingsretreat@southcoast.org\" target=\"_blank\" rel=\"noopener\">angelwingsretreat@southcoast.org<\/a><\/p>\n                    \n                    <div class=\"cta-wrap\">\n\n                                                                                        <a aria-label=\"link para saber mais sobre o voluntariado\" class=\"mainCTA shadow light1\" href=\"https:\/\/athome.southcoast.org\/pt\/volunteer\/\" title=\"Abrir Aprender sobre o voluntariado\" >Saiba mais sobre o voluntariado<\/a>                                                                                    \n                                                                                        <a aria-label=\"link para se candidatar a volunt\u00e1rio\" class=\"mainCTA shadow light1\" href=\"https:\/\/forms.office.com\/pages\/responsepage.aspx?id=Sej3q5FBB0y0OprJmN6RMejZ7EhA1gpKmi4yfu5LfvdUNlpLSTEzSDVUUlhXNzNFNVVJUTZKN01KNC4u&#038;web=1&#038;wdLOR=cF5B3385D-6500-4CA1-B6D7-FED9F2184566&#038;route=shorturl\" title=\"Abrir Candidatura a Volunt\u00e1rio\" >Candidatar-se a volunt\u00e1rio<\/a>                                                                                                        <\/div>\n\n                <\/div>\n                <div class=\"video-container\">\n                                            <div class=\"video-wrapper\">\n                                                                                                <a href=\"https:\/\/vimeo.com\/1166438301\" class=\"popup-youtube video-placeholder\">\n                                        <img decoding=\"async\" src=\"https:\/\/athome.southcoast.org\/wp-content\/uploads\/sites\/3\/2025\/05\/SHAH_AngelWingsRereat_FIller_2-scaled.jpg\" alt=\"\">\n                                        <div class=\"play-button\">\n                                            <i class=\"fa fa-play-circle\"><\/i>\n                                        <\/div>\n                                    <\/a>\n                                                            \n                                                    <\/div>\n                                    <\/div>\n            <\/div>\n        <\/div>\n    <\/div>\n<\/div>\n<\/div>\n\n\n<div  class=\"blockSettings  paddingTopMD paddingBottomMD media-object-block light\" style=\"\"><div class=\"container\">\n\t<div class=\"grid\">\n\t\t<div class=\"col-sm-12\">\n\t\t\t<div class=\"inner image-left list-style-disc inner-white-bg\" style=\"background-color: #fff;\">\n\t\t\t\t<div class=\"copy\">\n\t\t\t\t\t    <div class=\"mainCopyWrap\">\n            <h2>N\u00e3o pode ser volunt\u00e1rio, mas quer ajudar?<\/h2>\n    <div class=\"paragraphWrap\"><p>Considere fazer um donativo para o Retiro Angel Wings para ajudar a apoiar este importante programa.<\/p>\n<\/div>    <\/div>\n        <div class=\"ctaWrap\">\n                    <a aria-label=\"link para Doar agora\" class=\"mainCTA shadow light1\" href=\"https:\/\/host.nxt.blackbaud.com\/donor-form\/?svcid=tcs&#038;formId=cbb04c55-ad5c-4b46-9771-758b029bec04&#038;envid=p-ErWNnLTD3UGBHCAEwe1t7Q&#038;zone=usa\" target=\"_blank\" title=\"Abre a op\u00e7\u00e3o &quot;Doar agora&quot; num novo separador ou janela\" rel=\"noopener noreferrer\">Doar agora<span class=\"fa-regular fa-up-right-from-square\"><\/span><\/a>            <\/div>\n    \t\t\t\t<\/div>\n\t\t\t\t\t\t\t\t<div class=\"images\">\n\t\t\t\t\t\t<img decoding=\"async\" class=\"single\" src=\"https:\/\/athome.southcoast.org\/wp-content\/uploads\/sites\/3\/2025\/05\/HealthAtHome_Angel_Wings_Retreat_2024-scaled.jpg\" alt=\"\">\n\t\t\t\t\t\t\t\t\t\t<\/div>\n\t\t\t\t\n\t\t\t<\/div>\n\t\t<\/div>\n\t<\/div>\n<\/div>\n<\/div>\n\n\n<div  class=\"blockSettings  paddingTopMD paddingBottomMD cardsQuickFluid light\" style=\"background-color:#E9F7F4;\"><div class=\"container\">\n        <div class=\"grid\">\n        <div class=\"col-sm-12 maincopy\">\n                <div class=\"introWithCta leftAlign\">\n            <div class=\"mainCopyWrap\">\n            <h2>Servi\u00e7os relacionados<\/h2>\n        <\/div>\n        <\/div>\n            <\/div>\n\n\n\n    <\/div>\n                <div class=\"blockSeparator\"><\/div>\n        <div class=\"grid\" role=\"list\">\n                                        <div class=\"col-sm-6 col-lg-auto\" role=\"listitem\">\n                        <a href=\"https:\/\/athome.southcoast.org\/pt\/our-services\/\" target=\"_self\" class=\"quick-link\" style=\"\">\n                                                            <i class=\"fa-classic fa-light fa-arrow-up-right\"><\/i>\n                                                        <span lang=\"en\">Servi\u00e7os de sa\u00fade ao domic\u00edlio<\/span>\n                            <i class=\"fa-solid fa-arrow-up-right\"><\/i>\n                        <\/a>\n                    <\/div>\n                                \n                                                <div class=\"col-sm-6 col-lg-auto\" role=\"listitem\">\n                        <a href=\"https:\/\/athome.southcoast.org\/pt\/our-services\/supportive\/\" target=\"_self\" class=\"quick-link\" style=\"\">\n                                                            <i class=\"fa-classic fa-light fa-arrow-up-right\"><\/i>\n                                                        <span lang=\"en\">Servi\u00e7os de cuidados de apoio<\/span>\n                            <i class=\"fa-solid fa-arrow-up-right\"><\/i>\n                        <\/a>\n                    <\/div>\n                                \n                                                <div class=\"col-sm-6 col-lg-auto\" role=\"listitem\">\n                        <a href=\"https:\/\/athome.southcoast.org\/pt\/volunteer\/\" target=\"_self\" class=\"quick-link\" style=\"\">\n                                                            <i class=\"fa-classic fa-light fa-arrow-up-right\"><\/i>\n                                                        <span lang=\"en\">Volunt\u00e1rio<\/span>\n                            <i class=\"fa-solid fa-arrow-up-right\"><\/i>\n                        <\/a>\n                    <\/div>\n                                \n                                        <\/div>\n<\/div>\n<\/div>","protected":false},"excerpt":{"rendered":"","protected":false},"author":19,"featured_media":0,"parent":0,"menu_order":0,"comment_status":"closed","ping_status":"closed","template":"","meta":{"_acf_changed":false,"footnotes":""},"class_list":["post-1960","page","type-page","status-publish","hentry"],"acf":[],"yoast_head":"<!-- This site is optimized with the Yoast SEO plugin v26.0 - https:\/\/yoast.com\/wordpress\/plugins\/seo\/ -->\n<title>Angel Wings Retreat | At Home<\/title>\n<meta name=\"robots\" content=\"index, follow, max-snippet:-1, max-image-preview:large, max-video-preview:-1\" \/>\n<link rel=\"canonical\" href=\"https:\/\/athome.southcoast.org\/pt\/angel-wings-retreat\/\" \/>\n<meta property=\"og:locale\" content=\"pt_PT\" \/>\n<meta property=\"og:type\" content=\"article\" \/>\n<meta property=\"og:title\" content=\"Angel Wings Retreat | At Home\" \/>\n<meta property=\"og:url\" content=\"https:\/\/athome.southcoast.org\/pt\/angel-wings-retreat\/\" \/>\n<meta property=\"og:site_name\" content=\"At Home\" \/>\n<meta property=\"article:modified_time\" content=\"2026-03-05T21:50:58+00:00\" \/>\n<meta name=\"twitter:card\" content=\"summary_large_image\" \/>\n<script type=\"application\/ld+json\" class=\"yoast-schema-graph\">{\"@context\":\"https:\/\/schema.org\",\"@graph\":[{\"@type\":\"WebPage\",\"@id\":\"https:\/\/athome.southcoast.org\/angel-wings-retreat\/\",\"url\":\"https:\/\/athome.southcoast.org\/angel-wings-retreat\/\",\"name\":\"Angel Wings Retreat | At Home\",\"isPartOf\":{\"@id\":\"https:\/\/athome.southcoast.org\/#website\"},\"datePublished\":\"2025-05-29T18:29:07+00:00\",\"dateModified\":\"2026-03-05T21:50:58+00:00\",\"breadcrumb\":{\"@id\":\"https:\/\/athome.southcoast.org\/angel-wings-retreat\/#breadcrumb\"},\"inLanguage\":\"pt-PT\",\"potentialAction\":[{\"@type\":\"ReadAction\",\"target\":[\"https:\/\/athome.southcoast.org\/angel-wings-retreat\/\"]}]},{\"@type\":\"BreadcrumbList\",\"@id\":\"https:\/\/athome.southcoast.org\/angel-wings-retreat\/#breadcrumb\",\"itemListElement\":[{\"@type\":\"ListItem\",\"position\":1,\"name\":\"\",\"item\":\"https:\/\/athome.southcoast.org\/\"},{\"@type\":\"ListItem\",\"position\":2,\"name\":\"Angel Wings Retreat\"}]},{\"@type\":\"WebSite\",\"@id\":\"https:\/\/athome.southcoast.org\/#website\",\"url\":\"https:\/\/athome.southcoast.org\/\",\"name\":\"Southcoast Health at Home\",\"description\":\"\",\"publisher\":{\"@id\":\"https:\/\/athome.southcoast.org\/#organization\"},\"potentialAction\":[{\"@type\":\"SearchAction\",\"target\":{\"@type\":\"EntryPoint\",\"urlTemplate\":\"https:\/\/athome.southcoast.org\/?s={search_term_string}\"},\"query-input\":{\"@type\":\"PropertyValueSpecification\",\"valueRequired\":true,\"valueName\":\"search_term_string\"}}],\"inLanguage\":\"pt-PT\"},{\"@type\":\"Organization\",\"@id\":\"https:\/\/athome.southcoast.org\/#organization\",\"name\":\"Southcoast Health at Home\",\"alternateName\":\"Southcoast Health\",\"url\":\"https:\/\/athome.southcoast.org\/\",\"logo\":{\"@type\":\"ImageObject\",\"inLanguage\":\"pt-PT\",\"@id\":\"https:\/\/athome.southcoast.org\/#\/schema\/logo\/image\/\",\"url\":\"https:\/\/athome.live-southcoast-health-multi.southcoast-health.org\/wp-content\/uploads\/sites\/3\/2025\/06\/AtHome_Logo.png\",\"contentUrl\":\"https:\/\/athome.live-southcoast-health-multi.southcoast-health.org\/wp-content\/uploads\/sites\/3\/2025\/06\/AtHome_Logo.png\",\"width\":450,\"height\":98,\"caption\":\"Southcoast Health at Home\"},\"image\":{\"@id\":\"https:\/\/athome.southcoast.org\/#\/schema\/logo\/image\/\"}}]}<\/script>\n<!-- \/ Yoast SEO plugin. -->","yoast_head_json":{"title":"Angel Wings Retreat | At Home","robots":{"index":"index","follow":"follow","max-snippet":"max-snippet:-1","max-image-preview":"max-image-preview:large","max-video-preview":"max-video-preview:-1"},"canonical":"https:\/\/athome.southcoast.org\/pt\/angel-wings-retreat\/","og_locale":"pt_PT","og_type":"article","og_title":"Angel Wings Retreat | At Home","og_url":"https:\/\/athome.southcoast.org\/pt\/angel-wings-retreat\/","og_site_name":"At Home","article_modified_time":"2026-03-05T21:50:58+00:00","twitter_card":"summary_large_image","schema":{"@context":"https:\/\/schema.org","@graph":[{"@type":"WebPage","@id":"https:\/\/athome.southcoast.org\/angel-wings-retreat\/","url":"https:\/\/athome.southcoast.org\/angel-wings-retreat\/","name":"Angel Wings Retreat | At Home","isPartOf":{"@id":"https:\/\/athome.southcoast.org\/#website"},"datePublished":"2025-05-29T18:29:07+00:00","dateModified":"2026-03-05T21:50:58+00:00","breadcrumb":{"@id":"https:\/\/athome.southcoast.org\/angel-wings-retreat\/#breadcrumb"},"inLanguage":"pt-PT","potentialAction":[{"@type":"ReadAction","target":["https:\/\/athome.southcoast.org\/angel-wings-retreat\/"]}]},{"@type":"BreadcrumbList","@id":"https:\/\/athome.southcoast.org\/angel-wings-retreat\/#breadcrumb","itemListElement":[{"@type":"ListItem","position":1,"name":"","item":"https:\/\/athome.southcoast.org\/"},{"@type":"ListItem","position":2,"name":"Angel Wings Retreat"}]},{"@type":"WebSite","@id":"https:\/\/athome.southcoast.org\/#website","url":"https:\/\/athome.southcoast.org\/","name":"Southcoast Health at Home (Sa\u00fade em casa)","description":"","publisher":{"@id":"https:\/\/athome.southcoast.org\/#organization"},"potentialAction":[{"@type":"SearchAction","target":{"@type":"EntryPoint","urlTemplate":"https:\/\/athome.southcoast.org\/?s={search_term_string}"},"query-input":{"@type":"PropertyValueSpecification","valueRequired":true,"valueName":"search_term_string"}}],"inLanguage":"pt-PT"},{"@type":"Organization","@id":"https:\/\/athome.southcoast.org\/#organization","name":"Southcoast Health at Home (Sa\u00fade em casa)","alternateName":"Southcoast Health","url":"https:\/\/athome.southcoast.org\/","logo":{"@type":"ImageObject","inLanguage":"pt-PT","@id":"https:\/\/athome.southcoast.org\/#\/schema\/logo\/image\/","url":"https:\/\/athome.live-southcoast-health-multi.southcoast-health.org\/wp-content\/uploads\/sites\/3\/2025\/06\/AtHome_Logo.png","contentUrl":"https:\/\/athome.live-southcoast-health-multi.southcoast-health.org\/wp-content\/uploads\/sites\/3\/2025\/06\/AtHome_Logo.png","width":450,"height":98,"caption":"Southcoast Health at Home"},"image":{"@id":"https:\/\/athome.southcoast.org\/#\/schema\/logo\/image\/"}}]}},"_links":{"self":[{"href":"https:\/\/athome.southcoast.org\/pt\/wp-json\/wp\/v2\/pages\/1960","targetHints":{"allow":["GET"]}}],"collection":[{"href":"https:\/\/athome.southcoast.org\/pt\/wp-json\/wp\/v2\/pages"}],"about":[{"href":"https:\/\/athome.southcoast.org\/pt\/wp-json\/wp\/v2\/types\/page"}],"author":[{"embeddable":true,"href":"https:\/\/athome.southcoast.org\/pt\/wp-json\/wp\/v2\/users\/19"}],"replies":[{"embeddable":true,"href":"https:\/\/athome.southcoast.org\/pt\/wp-json\/wp\/v2\/comments?post=1960"}],"version-history":[{"count":78,"href":"https:\/\/athome.southcoast.org\/pt\/wp-json\/wp\/v2\/pages\/1960\/revisions"}],"predecessor-version":[{"id":3219,"href":"https:\/\/athome.southcoast.org\/pt\/wp-json\/wp\/v2\/pages\/1960\/revisions\/3219"}],"wp:attachment":[{"href":"https:\/\/athome.southcoast.org\/pt\/wp-json\/wp\/v2\/media?parent=1960"}],"curies":[{"name":"wp","href":"https:\/\/api.w.org\/{rel}","templated":true}]}}