{"id":1834,"date":"2025-05-12T17:21:58","date_gmt":"2025-05-12T17:21:58","guid":{"rendered":"https:\/\/athome.test-southcoast-health-multi.southcoast-health.org\/?page_id=1834"},"modified":"2025-10-20T20:06:39","modified_gmt":"2025-10-20T20:06:39","slug":"appointments-and-referrals","status":"publish","type":"page","link":"https:\/\/athome.southcoast.org\/pt\/appointments-and-referrals\/","title":{"rendered":"Refer\u00eancias"},"content":{"rendered":"<div  class=\"blockSettings  paddingTopSM paddingBottomSM heroBasicFluid darkTheme\" style=\"background-image:url(https:\/\/athome.southcoast.org\/wp-content\/uploads\/sites\/3\/2025\/10\/GettyImages-1711953029.jpg);background-size:cover;background-position:center center;\"><div class=\"overlay\"><\/div><div class=\"container\">\n            <div class=\"grid\">\n            <div class=\"col-sm-12 col-bleed-y\">\n                <div class=\"Center\">\n                    <div class=\"breadcrumbsWrapper desktop-breadcrumbs\"><nav id=\"breadcrumbs\" aria-label=\"P\u00e3o ralado\"><ol><li><a href=\"https:\/\/athome.southcoast.org\/pt\/\"><i class=\"fa-regular fa-house\"><\/i><span class=\"visually-hidden\">In\u00edcio<\/span><\/a><\/li><\/ol><\/nav><\/div><div class=\"breadcrumbsWrapper mobile-breadcrumbs\"><p id=\"mobile-breadcrumbs\" class=\"mobile-back-nav\"><span><span><a href=\"#\" onclick=\"return handleBackNavigation();\"><i class=\"fa-solid fa-chevron-left back-arrow\"><\/i> Voltar<\/a><\/span><\/span><\/p>\t\t<script>\n\t\t\tfunction handleBackNavigation() {\n\t\t\t\tif (window.history.length > 1) {\n\t\t\t\t\twindow.history.back();\n\t\t\t\t} else {\n\t\t\t\t\twindow.location.href = 'https:\/\/athome.southcoast.org\/pt';\n\t\t\t\t}\n\t\t\t\treturn false;\n\t\t\t}\n\t\t<\/script>\n<\/div>                <\/div>\n            <\/div>\n        <\/div>\n        <div class=\"grid align-center\">\n        <div class=\"col-sm-10\">\n            <div class=\"Center\">\n\n                    <div class=\"mainCopyWrap\">\n            <h1>Encaminhar um paciente para o Southcoast Health at Home<\/h1>\n    <div class=\"paragraphWrap\"><p>Southcoast Health at Home oferece servi\u00e7os de refer\u00eancia de confian\u00e7a para pacientes que necessitam de cuidados domicili\u00e1rios compassivos e abrangentes em Massachusetts e Rhode Island. Aceitamos refer\u00eancias de pacientes de m\u00e9dicos, hospitais, instala\u00e7\u00f5es de enfermagem especializadas, lares de idosos, ag\u00eancias comunit\u00e1rias e indiv\u00edduos. <\/p><\/div>    <\/div>\n    \n                \n            <\/div>\n        <\/div>\n    <\/div>\n<\/div>\n    <div class=\"cornerArtWrapper cornerArt-small\">\n        <img decoding=\"async\" class=\"cornerArt\" src=\"https:\/\/athome.southcoast.org\/wp-content\/themes\/southcoast_multisite\/images\/corner-art.svg\" alt=\"\">\n    <\/div>\n<\/div>\n\n\n\n\n<div  class=\"blockSettings  paddingTopMD paddingBottomMD media-object-block light\" style=\"\"><div class=\"container\">\n\t<div class=\"grid\">\n\t\t<div class=\"col-sm-12\">\n\t\t\t<div class=\"inner image-left list-style-disc inner-white-bg\" style=\"background-color: #fff;\">\n\t\t\t\t<div class=\"copy\">\n\t\t\t\t\t    <div class=\"mainCopyWrap\">\n            <h2>Processo de referencia\u00e7\u00e3o<\/h2>\n    <div class=\"paragraphWrap\"><p><span data-contrast=\"auto\">A nossa equipa dedica-se a tornar o processo de encaminhamento o mais simples poss\u00edvel. Tratamos de todos os aspectos, incluindo:<\/span><span data-ccp-props=\"{}\">\u00a0<\/span><\/p>\n<ul>\n<li data-leveltext=\"\u25cf\" data-font=\"\" data-listid=\"1\" data-list-defn-props=\"{&quot;335552541&quot;:1,&quot;335559685&quot;:720,&quot;335559991&quot;:360,&quot;469769242&quot;:[8226],&quot;469777803&quot;:&quot;left&quot;,&quot;469777804&quot;:&quot;\u25cf&quot;,&quot;469777815&quot;:&quot;multilevel&quot;}\" data-aria-posinset=\"1\" data-aria-level=\"1\"><span data-contrast=\"auto\">Coordena\u00e7\u00e3o com os prestadores de cuidados de sa\u00fade para assegurar uma transi\u00e7\u00e3o suave e atempada para os cuidados domicili\u00e1rios<\/span><span data-ccp-props=\"{}\">\u00a0<\/span><\/li>\n<\/ul>\n<ul>\n<li data-leveltext=\"\u25cf\" data-font=\"\" data-listid=\"1\" data-list-defn-props=\"{&quot;335552541&quot;:1,&quot;335559685&quot;:720,&quot;335559991&quot;:360,&quot;469769242&quot;:[8226],&quot;469777803&quot;:&quot;left&quot;,&quot;469777804&quot;:&quot;\u25cf&quot;,&quot;469777815&quot;:&quot;multilevel&quot;}\" data-aria-posinset=\"2\" data-aria-level=\"1\"><span data-contrast=\"auto\">Obter todas as autoriza\u00e7\u00f5es m\u00e9dicas necess\u00e1rias<\/span><span data-ccp-props=\"{}\">\u00a0<\/span><\/li>\n<\/ul>\n<ul>\n<li data-leveltext=\"\u25cf\" data-font=\"\" data-listid=\"1\" data-list-defn-props=\"{&quot;335552541&quot;:1,&quot;335559685&quot;:720,&quot;335559991&quot;:360,&quot;469769242&quot;:[8226],&quot;469777803&quot;:&quot;left&quot;,&quot;469777804&quot;:&quot;\u25cf&quot;,&quot;469777815&quot;:&quot;multilevel&quot;}\" data-aria-posinset=\"3\" data-aria-level=\"1\"><span data-contrast=\"auto\">Facilitar a encomenda de material m\u00e9dico essencial<\/span><span data-ccp-props=\"{}\">\u00a0<\/span><\/li>\n<\/ul>\n<ul>\n<li data-leveltext=\"\u25cf\" data-font=\"\" data-listid=\"1\" data-list-defn-props=\"{&quot;335552541&quot;:1,&quot;335559685&quot;:720,&quot;335559991&quot;:360,&quot;469769242&quot;:[8226],&quot;469777803&quot;:&quot;left&quot;,&quot;469777804&quot;:&quot;\u25cf&quot;,&quot;469777815&quot;:&quot;multilevel&quot;}\" data-aria-posinset=\"4\" data-aria-level=\"1\"><span data-contrast=\"auto\">Fornecer respostas claras sobre os benef\u00edcios e as op\u00e7\u00f5es dispon\u00edveis atrav\u00e9s dos cuidados domicili\u00e1rios<\/span><span data-ccp-props=\"{}\">\u00a0<\/span><\/li>\n<\/ul>\n<ul>\n<li data-leveltext=\"\u25cf\" data-font=\"\" data-listid=\"1\" data-list-defn-props=\"{&quot;335552541&quot;:1,&quot;335559685&quot;:720,&quot;335559991&quot;:360,&quot;469769242&quot;:[8226],&quot;469777803&quot;:&quot;left&quot;,&quot;469777804&quot;:&quot;\u25cf&quot;,&quot;469777815&quot;:&quot;multilevel&quot;}\" data-aria-posinset=\"5\" data-aria-level=\"1\"><span data-contrast=\"auto\">Ajudar os doentes a entrar em contacto com um prestador de cuidados prim\u00e1rios se n\u00e3o tiverem atualmente um<\/span><span data-ccp-props=\"{}\">\u00a0<\/span><\/li>\n<\/ul>\n<\/div>    <\/div>\n    \t\t\t\t<\/div>\n\t\t\t\t\t\t\t\t<div class=\"images\">\n\t\t\t\t\t\t<img decoding=\"async\" class=\"single\" src=\"https:\/\/athome.southcoast.org\/wp-content\/uploads\/sites\/3\/2025\/10\/Southcoast-at-Home-PT-August-2025-11-scaled.jpg\" alt=\"Southcoast Health At Home\">\n\t\t\t\t\t\t\t\t\t\t<\/div>\n\t\t\t\t\n\t\t\t<\/div>\n\t\t<\/div>\n\t<\/div>\n<\/div>\n<\/div>\n\n\n<div  class=\"blockSettings  paddingTopMD paddingBottomMD media-object-block light\" style=\"background-color:#E9F7F4;\"><div class=\"container\">\n\t<div class=\"grid\">\n\t\t<div class=\"col-sm-12\">\n\t\t\t<div class=\"inner image-right list-style-disc inner-bg\" style=\"background-color: #E9F7F4;\">\n\t\t\t\t<div class=\"copy\">\n\t\t\t\t\t    <div class=\"mainCopyWrap\">\n            <h2>Cuidados a pre\u00e7os acess\u00edveis, recursos acess\u00edveis <\/h2>\n    <div class=\"paragraphWrap\"><p><span class=\"TextRun SCXW232838848 BCX0\" lang=\"EN-US\" xml:lang=\"EN-US\" data-contrast=\"auto\"><span class=\"NormalTextRun SCXW232838848 BCX0\">Aceitamos seguros privados, Medicare, Medicaid e seguro direto. <\/span><span class=\"NormalTextRun ContextualSpellingAndGrammarErrorV2Themed SCXW232838848 BCX0\">pagamento<\/span><span class=\"NormalTextRun SCXW232838848 BCX0\"> dos doentes. Mais importante ainda, os cuidados est\u00e3o dispon\u00edveis para qualquer pessoa que necessite, independentemente da sua capacidade de pagamento. Pode ter a tranquilidade de saber que todos os pacientes encaminhados receber\u00e3o a aten\u00e7\u00e3o e os cuidados que realmente merecem.<\/span><\/span><span class=\"EOP SCXW232838848 BCX0\" data-ccp-props=\"{}\">\u00a0<\/span><\/p>\n<p><span class=\"TextRun SCXW244501955 BCX0\" lang=\"EN-US\" xml:lang=\"EN-US\" data-contrast=\"auto\"><span class=\"NormalTextRun SCXW244501955 BCX0\">Para os profissionais de sa\u00fade, oferecemos uma grande variedade de recursos para <\/span><span class=\"NormalTextRun SCXW244501955 BCX0\">assist\u00eancia<\/span><span class=\"NormalTextRun SCXW244501955 BCX0\"> durante todo o processo de encaminhamento. Para encaminhar um paciente, preencha o nosso formul\u00e1rio de encaminhamento m\u00e9dico. Os nossos servi\u00e7os de encaminhamento garantem que cada paciente recebe os cuidados personalizados e o apoio de que necessita, tudo no conforto do seu lar.<\/span><\/span><span class=\"EOP SCXW244501955 BCX0\" data-ccp-props=\"{}\">\u00a0<\/span><\/p>\n<\/div>    <\/div>\n        <div class=\"ctaWrap\">\n                    <a aria-label=\"liga\u00e7\u00e3o para o formul\u00e1rio de refer\u00eancia\" class=\"mainCTA shadow light1\" href=\"https:\/\/athome.southcoast.org\/wp-content\/uploads\/sites\/3\/2025\/09\/SHAH-Physcian-Referral-Form.pdf\" target=\"_blank\" title=\"Abre o Formul\u00e1rio de refer\u00eancia num novo separador ou janela\" rel=\"noopener noreferrer\">Formul\u00e1rio de refer\u00eancia<span class=\"fa-regular fa-download\"><\/span><\/a>            <\/div>\n    \t\t\t\t<\/div>\n\t\t\t\t\t\t\t\t<div class=\"images\">\n\t\t\t\t\t\t<img decoding=\"async\" class=\"single\" src=\"https:\/\/athome.southcoast.org\/wp-content\/uploads\/sites\/3\/2025\/10\/Southcoast-at-Home-PT-August-2025-8-scaled.jpg\" alt=\"Southcoast Health at Home\">\n\t\t\t\t\t\t\t\t\t\t<\/div>\n\t\t\t\t\n\t\t\t<\/div>\n\t\t<\/div>\n\t<\/div>\n<\/div>\n<\/div>\n\n\n<div  class=\"blockSettings  paddingTopSM paddingBottomSM multiple-media-object-block light\" style=\"background-color:#fff;\"><div class=\"container\">\n    <div class=\"grid\">\n        <div class=\"col-sm-12\">\n            <div class=\"inner left disc\">\n                <div class=\"copy\">\n                        <div class=\"mainCopyWrap\">\n            <h2>Southcoast Health at Home Oportunidades de emprego em MA e RI <\/h2>\n    <div class=\"paragraphWrap\"><p><span data-contrast=\"auto\">Se est\u00e1 \u00e0 procura de uma carreira que ofere\u00e7a crescimento profissional e realiza\u00e7\u00e3o pessoal, a Southcoast Health at Home pode ter a posi\u00e7\u00e3o perfeita para si. Cada vez mais prestadores de cuidados de sa\u00fade est\u00e3o a escolher o campo gratificante da coordena\u00e7\u00e3o de cuidados ao domic\u00edlio, onde as suas compet\u00eancias fazem uma diferen\u00e7a significativa na vida de pacientes de todas as idades.<\/span><\/p>\n<p><span data-contrast=\"auto\">A Southcoast Health tamb\u00e9m oferece in\u00fameras oportunidades de educa\u00e7\u00e3o e emprego para profissionais de sa\u00fade no sudeste de Massachusetts e Rhode Island. Al\u00e9m disso, temos um programa de refer\u00eancia para ligar profissionais talentosos \u00e0 nossa equipa.<\/span><span data-ccp-props=\"{}\">\u00a0<\/span><\/p>\n<\/div>    <\/div>\n    \n                <\/div>\n                <div class=\"images\">\n                                            <img decoding=\"async\" class=\"first\" src=\"https:\/\/athome.southcoast.org\/wp-content\/uploads\/sites\/3\/2025\/10\/Baby-Christian-_-Southcoast-Health-at-Home-Maternity-9-scaled.jpg\" alt=\"Southcoast Health At Home\">\n                                                                <img decoding=\"async\" class=\"second\" src=\"https:\/\/athome.southcoast.org\/wp-content\/uploads\/sites\/3\/2025\/05\/Southcoast-at-Home-PT-August-2025-2-scaled.jpg\" alt=\"Southcoast Health At Home\">\n                                                                <img decoding=\"async\" class=\"third\" src=\"https:\/\/athome.southcoast.org\/wp-content\/uploads\/sites\/3\/2025\/05\/Lenny-Clair-Conroy-LPN-_-Southcoast-health-at-Home-Aug-2025-2-scaled.jpg\" alt=\"Southcoast Health At Home\">\n                                    <\/div>\n\n            <\/div>\n        <\/div>\n    <\/div>\n<\/div>\n<\/div>\n\n\n\n\n<div  class=\"blockSettings  paddingTopMD paddingBottomMD bannerFluid light\" style=\"\"><div class=\"container\">\n    <div class=\"grid\">\n        <div class=\"col-sm-12\">\n            <div class=\"inner\">\n                                    <img decoding=\"async\" class=\"pulse\" src=\"https:\/\/athome.southcoast.org\/wp-content\/themes\/southcoast_multisite\/images\/pulse.svg\" alt=\"\">\n                                <div class=\"copy\">\n                        <div class=\"mainCopyWrap\">\n            <h3>Navegue pelos nossos empregos actuais de prestador de cuidados de sa\u00fade e candidate-se a posi\u00e7\u00f5es que correspondam \u00e0s suas qualifica\u00e7\u00f5es atrav\u00e9s do nosso portal de prestador de cuidados de sa\u00fade. Oferecemos oportunidades interessantes em cuidados cl\u00ednicos, incluindo fun\u00e7\u00f5es centradas em encaminhamentos cl\u00ednicos e cuidados com o paciente.<\/h3>\n        <\/div>\n        <div class=\"ctaWrap\">\n                    <a aria-label=\"liga\u00e7\u00e3o para Explorar Oportunidades\" class=\"mainCTA shadow dark1\" href=\"https:\/\/careers-southcoast.icims.com\/jobs\/search?ss=1&#038;searchKeyword=VNA&#038;searchRelation=keyword_all\" target=\"_blank\" title=\"Abre Explorar Oportunidades num novo separador ou janela\" rel=\"noopener noreferrer\">Explorar oportunidades<span class=\"fa-regular fa-up-right-from-square\"><\/span><\/a>            <\/div>\n                    <\/div>\n                <div class=\"media\">\n                    \n                        <img decoding=\"async\" class=\"doctor\" src=\"https:\/\/athome.southcoast.org\/wp-content\/uploads\/sites\/3\/2025\/05\/Dr.-Nosheen-Javed-6-1.png\" alt=\"Image of Dr. Nosheen Javed\">\n                        <img decoding=\"async\" class=\"graphical\" src=\"https:\/\/athome.southcoast.org\/wp-content\/themes\/southcoast_multisite\/images\/corner-art.svg\" alt=\"\">\n\n\n                                    <\/div>\n            <\/div>\n        <\/div>\n    <\/div>\n<\/div>\n<\/div>","protected":false},"excerpt":{"rendered":"","protected":false},"author":5,"featured_media":0,"parent":0,"menu_order":0,"comment_status":"closed","ping_status":"closed","template":"","meta":{"_acf_changed":false,"footnotes":""},"class_list":["post-1834","page","type-page","status-publish","hentry"],"acf":[],"yoast_head":"<!-- This site is optimized with the Yoast SEO plugin v26.0 - https:\/\/yoast.com\/wordpress\/plugins\/seo\/ -->\n<title>Referrals | At Home<\/title>\n<meta name=\"robots\" content=\"index, follow, max-snippet:-1, max-image-preview:large, max-video-preview:-1\" \/>\n<link rel=\"canonical\" href=\"https:\/\/athome.southcoast.org\/pt\/appointments-and-referrals\/\" \/>\n<meta property=\"og:locale\" content=\"pt_PT\" \/>\n<meta property=\"og:type\" content=\"article\" \/>\n<meta property=\"og:title\" content=\"Referrals | At Home\" \/>\n<meta property=\"og:url\" content=\"https:\/\/athome.southcoast.org\/pt\/appointments-and-referrals\/\" \/>\n<meta property=\"og:site_name\" content=\"At Home\" \/>\n<meta property=\"article:modified_time\" content=\"2025-10-20T20:06:39+00:00\" \/>\n<meta name=\"twitter:card\" content=\"summary_large_image\" \/>\n<script type=\"application\/ld+json\" class=\"yoast-schema-graph\">{\"@context\":\"https:\/\/schema.org\",\"@graph\":[{\"@type\":\"WebPage\",\"@id\":\"https:\/\/athome.southcoast.org\/appointments-and-referrals\/\",\"url\":\"https:\/\/athome.southcoast.org\/appointments-and-referrals\/\",\"name\":\"Referrals | At Home\",\"isPartOf\":{\"@id\":\"https:\/\/athome.southcoast.org\/#website\"},\"datePublished\":\"2025-05-12T17:21:58+00:00\",\"dateModified\":\"2025-10-20T20:06:39+00:00\",\"breadcrumb\":{\"@id\":\"https:\/\/athome.southcoast.org\/appointments-and-referrals\/#breadcrumb\"},\"inLanguage\":\"pt-PT\",\"potentialAction\":[{\"@type\":\"ReadAction\",\"target\":[\"https:\/\/athome.southcoast.org\/appointments-and-referrals\/\"]}]},{\"@type\":\"BreadcrumbList\",\"@id\":\"https:\/\/athome.southcoast.org\/appointments-and-referrals\/#breadcrumb\",\"itemListElement\":[{\"@type\":\"ListItem\",\"position\":1,\"name\":\"\",\"item\":\"https:\/\/athome.southcoast.org\/\"},{\"@type\":\"ListItem\",\"position\":2,\"name\":\"Referrals\"}]},{\"@type\":\"WebSite\",\"@id\":\"https:\/\/athome.southcoast.org\/#website\",\"url\":\"https:\/\/athome.southcoast.org\/\",\"name\":\"Southcoast Health at Home\",\"description\":\"\",\"publisher\":{\"@id\":\"https:\/\/athome.southcoast.org\/#organization\"},\"potentialAction\":[{\"@type\":\"SearchAction\",\"target\":{\"@type\":\"EntryPoint\",\"urlTemplate\":\"https:\/\/athome.southcoast.org\/?s={search_term_string}\"},\"query-input\":{\"@type\":\"PropertyValueSpecification\",\"valueRequired\":true,\"valueName\":\"search_term_string\"}}],\"inLanguage\":\"pt-PT\"},{\"@type\":\"Organization\",\"@id\":\"https:\/\/athome.southcoast.org\/#organization\",\"name\":\"Southcoast Health at Home\",\"alternateName\":\"Southcoast Health\",\"url\":\"https:\/\/athome.southcoast.org\/\",\"logo\":{\"@type\":\"ImageObject\",\"inLanguage\":\"pt-PT\",\"@id\":\"https:\/\/athome.southcoast.org\/#\/schema\/logo\/image\/\",\"url\":\"https:\/\/athome.live-southcoast-health-multi.southcoast-health.org\/wp-content\/uploads\/sites\/3\/2025\/06\/AtHome_Logo.png\",\"contentUrl\":\"https:\/\/athome.live-southcoast-health-multi.southcoast-health.org\/wp-content\/uploads\/sites\/3\/2025\/06\/AtHome_Logo.png\",\"width\":450,\"height\":98,\"caption\":\"Southcoast Health at Home\"},\"image\":{\"@id\":\"https:\/\/athome.southcoast.org\/#\/schema\/logo\/image\/\"}}]}<\/script>\n<!-- \/ Yoast SEO plugin. -->","yoast_head_json":{"title":"Refer\u00eancias | Em casa","robots":{"index":"index","follow":"follow","max-snippet":"max-snippet:-1","max-image-preview":"max-image-preview:large","max-video-preview":"max-video-preview:-1"},"canonical":"https:\/\/athome.southcoast.org\/pt\/appointments-and-referrals\/","og_locale":"pt_PT","og_type":"article","og_title":"Referrals | At Home","og_url":"https:\/\/athome.southcoast.org\/pt\/appointments-and-referrals\/","og_site_name":"At Home","article_modified_time":"2025-10-20T20:06:39+00:00","twitter_card":"summary_large_image","schema":{"@context":"https:\/\/schema.org","@graph":[{"@type":"WebPage","@id":"https:\/\/athome.southcoast.org\/appointments-and-referrals\/","url":"https:\/\/athome.southcoast.org\/appointments-and-referrals\/","name":"Refer\u00eancias | Em casa","isPartOf":{"@id":"https:\/\/athome.southcoast.org\/#website"},"datePublished":"2025-05-12T17:21:58+00:00","dateModified":"2025-10-20T20:06:39+00:00","breadcrumb":{"@id":"https:\/\/athome.southcoast.org\/appointments-and-referrals\/#breadcrumb"},"inLanguage":"pt-PT","potentialAction":[{"@type":"ReadAction","target":["https:\/\/athome.southcoast.org\/appointments-and-referrals\/"]}]},{"@type":"BreadcrumbList","@id":"https:\/\/athome.southcoast.org\/appointments-and-referrals\/#breadcrumb","itemListElement":[{"@type":"ListItem","position":1,"name":"","item":"https:\/\/athome.southcoast.org\/"},{"@type":"ListItem","position":2,"name":"Referrals"}]},{"@type":"WebSite","@id":"https:\/\/athome.southcoast.org\/#website","url":"https:\/\/athome.southcoast.org\/","name":"Southcoast Health at Home (Sa\u00fade em casa)","description":"","publisher":{"@id":"https:\/\/athome.southcoast.org\/#organization"},"potentialAction":[{"@type":"SearchAction","target":{"@type":"EntryPoint","urlTemplate":"https:\/\/athome.southcoast.org\/?s={search_term_string}"},"query-input":{"@type":"PropertyValueSpecification","valueRequired":true,"valueName":"search_term_string"}}],"inLanguage":"pt-PT"},{"@type":"Organization","@id":"https:\/\/athome.southcoast.org\/#organization","name":"Southcoast Health at Home (Sa\u00fade em casa)","alternateName":"Southcoast Health","url":"https:\/\/athome.southcoast.org\/","logo":{"@type":"ImageObject","inLanguage":"pt-PT","@id":"https:\/\/athome.southcoast.org\/#\/schema\/logo\/image\/","url":"https:\/\/athome.live-southcoast-health-multi.southcoast-health.org\/wp-content\/uploads\/sites\/3\/2025\/06\/AtHome_Logo.png","contentUrl":"https:\/\/athome.live-southcoast-health-multi.southcoast-health.org\/wp-content\/uploads\/sites\/3\/2025\/06\/AtHome_Logo.png","width":450,"height":98,"caption":"Southcoast Health at Home"},"image":{"@id":"https:\/\/athome.southcoast.org\/#\/schema\/logo\/image\/"}}]}},"_links":{"self":[{"href":"https:\/\/athome.southcoast.org\/pt\/wp-json\/wp\/v2\/pages\/1834","targetHints":{"allow":["GET"]}}],"collection":[{"href":"https:\/\/athome.southcoast.org\/pt\/wp-json\/wp\/v2\/pages"}],"about":[{"href":"https:\/\/athome.southcoast.org\/pt\/wp-json\/wp\/v2\/types\/page"}],"author":[{"embeddable":true,"href":"https:\/\/athome.southcoast.org\/pt\/wp-json\/wp\/v2\/users\/5"}],"replies":[{"embeddable":true,"href":"https:\/\/athome.southcoast.org\/pt\/wp-json\/wp\/v2\/comments?post=1834"}],"version-history":[{"count":47,"href":"https:\/\/athome.southcoast.org\/pt\/wp-json\/wp\/v2\/pages\/1834\/revisions"}],"predecessor-version":[{"id":3045,"href":"https:\/\/athome.southcoast.org\/pt\/wp-json\/wp\/v2\/pages\/1834\/revisions\/3045"}],"wp:attachment":[{"href":"https:\/\/athome.southcoast.org\/pt\/wp-json\/wp\/v2\/media?parent=1834"}],"curies":[{"name":"wp","href":"https:\/\/api.w.org\/{rel}","templated":true}]}}