{"id":2832,"date":"2025-08-14T13:42:01","date_gmt":"2025-08-14T13:42:01","guid":{"rendered":"https:\/\/athome.test-southcoast-health-multi.southcoast-health.org\/?page_id=2832"},"modified":"2025-10-20T20:11:34","modified_gmt":"2025-10-20T20:11:34","slug":"southcoast-health-at-home-employment-opportunities-in-ma-and-ri","status":"publish","type":"page","link":"https:\/\/athome.southcoast.org\/es\/southcoast-health-at-home-employment-opportunities-in-ma-and-ri\/","title":{"rendered":"Oportunidades de empleo"},"content":{"rendered":"<div  class=\"blockSettings  paddingTopMD paddingBottomMD multiple-media-object-block light\" style=\"\"><div class=\"container\">\n    <div class=\"grid\">\n        <div class=\"col-sm-12\">\n            <div class=\"inner right disc\">\n                <div class=\"copy\">\n                        <div class=\"mainCopyWrap\">\n            <h2>Southcoast Health at Home Oportunidades de Empleo en MA y RI <\/h2>\n    <div class=\"paragraphWrap\"><p><span data-contrast=\"auto\">Si busca una carrera que le ofrezca crecimiento profesional y realizaci\u00f3n personal, Southcoast Health at Home puede tener el puesto perfecto para usted. Cada vez son m\u00e1s los profesionales sanitarios que eligen el gratificante campo de la coordinaci\u00f3n de la atenci\u00f3n domiciliaria, donde sus habilidades marcan una diferencia significativa en la vida de pacientes de todas las edades.<\/span><\/p>\n<p><span data-contrast=\"auto\">Southcoast Health tambi\u00e9n ofrece numerosas oportunidades educativas y laborales para profesionales sanitarios en el sureste de Massachusetts y Rhode Island. Adem\u00e1s, contamos con un programa de referencias para poner en contacto a profesionales con talento con nuestro equipo.<\/span><span data-ccp-props=\"{}\">\u00a0<\/span><\/p>\n<\/div>    <\/div>\n    \n                <\/div>\n                <div class=\"images\">\n                                            <img decoding=\"async\" class=\"first\" src=\"https:\/\/athome.southcoast.org\/wp-content\/uploads\/sites\/3\/2025\/05\/Lenny-Clair-Conroy-LPN-_-Southcoast-health-at-Home-Aug-2025-2-scaled.jpg\" alt=\"Southcoast Health At Home\">\n                                                                <img decoding=\"async\" class=\"second\" src=\"https:\/\/athome.southcoast.org\/wp-content\/uploads\/sites\/3\/2025\/10\/Remote-Patient-Monitoring-August-2025-2-scaled.jpg\" alt=\"Remote Patient Monitoring\">\n                                                                <img decoding=\"async\" class=\"third\" src=\"https:\/\/athome.southcoast.org\/wp-content\/uploads\/sites\/3\/2025\/10\/Southcoast-at-Home-PT-August-2025-6-scaled.jpg\" alt=\"Southcoast Health At Home\">\n                                    <\/div>\n\n            <\/div>\n        <\/div>\n    <\/div>\n<\/div>\n<\/div>\n\n\n\n\n<div  class=\"blockSettings  paddingTopNone paddingBottomMD bannerFluid light\" style=\"\"><div class=\"container\">\n    <div class=\"grid\">\n        <div class=\"col-sm-12\">\n            <div class=\"inner\">\n                                    <img decoding=\"async\" class=\"pulse\" src=\"https:\/\/athome.southcoast.org\/wp-content\/themes\/southcoast_multisite\/images\/pulse.svg\" alt=\"\">\n                                <div class=\"copy\">\n                        <div class=\"mainCopyWrap\">\n            <h3>Consulte nuestras ofertas de empleo actuales para profesionales sanitarios y solicite los puestos que se ajusten a sus cualificaciones a trav\u00e9s de nuestro portal para profesionales sanitarios. Ofrecemos interesantes oportunidades en atenci\u00f3n cl\u00ednica, incluidos puestos centrados en derivaciones cl\u00ednicas y atenci\u00f3n al paciente.<\/h3>\n        <\/div>\n        <div class=\"ctaWrap\">\n                    <a aria-label=\"enlace a Explorar oportunidades\" class=\"mainCTA shadow dark1\" href=\"https:\/\/employees-southcoast.icims.com\/jobs\/search?ss=1&#038;searchKeyword=VNA&#038;searchRelation=keyword_all\" target=\"_blank\" title=\"Abre Explorar oportunidades en una nueva pesta\u00f1a o ventana\" rel=\"noopener noreferrer\">Explorar oportunidades<span class=\"fa-regular fa-up-right-from-square\"><\/span><\/a>            <\/div>\n                    <\/div>\n                <div class=\"media\">\n                    \n                        <img decoding=\"async\" class=\"doctor\" src=\"https:\/\/athome.southcoast.org\/wp-content\/uploads\/sites\/3\/2025\/05\/Dr.-Nosheen-Javed-6-1.png\" alt=\"Image of Dr. Nosheen Javed\">\n                        <img decoding=\"async\" class=\"graphical\" src=\"https:\/\/athome.southcoast.org\/wp-content\/themes\/southcoast_multisite\/images\/corner-art.svg\" alt=\"\">\n\n\n                                    <\/div>\n            <\/div>\n        <\/div>\n    <\/div>\n<\/div>\n<\/div>","protected":false},"excerpt":{"rendered":"","protected":false},"author":23,"featured_media":0,"parent":0,"menu_order":0,"comment_status":"closed","ping_status":"closed","template":"","meta":{"_acf_changed":false,"footnotes":""},"class_list":["post-2832","page","type-page","status-publish","hentry"],"acf":[],"yoast_head":"<!-- This site is optimized with the Yoast SEO plugin v26.0 - https:\/\/yoast.com\/wordpress\/plugins\/seo\/ -->\n<title>Employment Opportunities | At Home<\/title>\n<meta name=\"robots\" content=\"index, follow, max-snippet:-1, max-image-preview:large, max-video-preview:-1\" \/>\n<link rel=\"canonical\" href=\"https:\/\/athome.southcoast.org\/es\/southcoast-health-at-home-employment-opportunities-in-ma-and-ri\/\" \/>\n<meta property=\"og:locale\" content=\"es_MX\" \/>\n<meta property=\"og:type\" content=\"article\" \/>\n<meta property=\"og:title\" content=\"Employment Opportunities | At Home\" \/>\n<meta property=\"og:url\" content=\"https:\/\/athome.southcoast.org\/es\/southcoast-health-at-home-employment-opportunities-in-ma-and-ri\/\" \/>\n<meta property=\"og:site_name\" content=\"At Home\" \/>\n<meta property=\"article:modified_time\" content=\"2025-10-20T20:11:34+00:00\" \/>\n<meta name=\"twitter:card\" content=\"summary_large_image\" \/>\n<script type=\"application\/ld+json\" class=\"yoast-schema-graph\">{\"@context\":\"https:\/\/schema.org\",\"@graph\":[{\"@type\":\"WebPage\",\"@id\":\"https:\/\/athome.southcoast.org\/southcoast-health-at-home-employment-opportunities-in-ma-and-ri\/\",\"url\":\"https:\/\/athome.southcoast.org\/southcoast-health-at-home-employment-opportunities-in-ma-and-ri\/\",\"name\":\"Employment Opportunities | At Home\",\"isPartOf\":{\"@id\":\"https:\/\/athome.southcoast.org\/#website\"},\"datePublished\":\"2025-08-14T13:42:01+00:00\",\"dateModified\":\"2025-10-20T20:11:34+00:00\",\"breadcrumb\":{\"@id\":\"https:\/\/athome.southcoast.org\/southcoast-health-at-home-employment-opportunities-in-ma-and-ri\/#breadcrumb\"},\"inLanguage\":\"es-MX\",\"potentialAction\":[{\"@type\":\"ReadAction\",\"target\":[\"https:\/\/athome.southcoast.org\/southcoast-health-at-home-employment-opportunities-in-ma-and-ri\/\"]}]},{\"@type\":\"BreadcrumbList\",\"@id\":\"https:\/\/athome.southcoast.org\/southcoast-health-at-home-employment-opportunities-in-ma-and-ri\/#breadcrumb\",\"itemListElement\":[{\"@type\":\"ListItem\",\"position\":1,\"name\":\"\",\"item\":\"https:\/\/athome.southcoast.org\/\"},{\"@type\":\"ListItem\",\"position\":2,\"name\":\"Employment Opportunities\"}]},{\"@type\":\"WebSite\",\"@id\":\"https:\/\/athome.southcoast.org\/#website\",\"url\":\"https:\/\/athome.southcoast.org\/\",\"name\":\"Southcoast Health at Home\",\"description\":\"\",\"publisher\":{\"@id\":\"https:\/\/athome.southcoast.org\/#organization\"},\"potentialAction\":[{\"@type\":\"SearchAction\",\"target\":{\"@type\":\"EntryPoint\",\"urlTemplate\":\"https:\/\/athome.southcoast.org\/?s={search_term_string}\"},\"query-input\":{\"@type\":\"PropertyValueSpecification\",\"valueRequired\":true,\"valueName\":\"search_term_string\"}}],\"inLanguage\":\"es-MX\"},{\"@type\":\"Organization\",\"@id\":\"https:\/\/athome.southcoast.org\/#organization\",\"name\":\"Southcoast Health at Home\",\"alternateName\":\"Southcoast Health\",\"url\":\"https:\/\/athome.southcoast.org\/\",\"logo\":{\"@type\":\"ImageObject\",\"inLanguage\":\"es-MX\",\"@id\":\"https:\/\/athome.southcoast.org\/#\/schema\/logo\/image\/\",\"url\":\"https:\/\/athome.live-southcoast-health-multi.southcoast-health.org\/wp-content\/uploads\/sites\/3\/2025\/06\/AtHome_Logo.png\",\"contentUrl\":\"https:\/\/athome.live-southcoast-health-multi.southcoast-health.org\/wp-content\/uploads\/sites\/3\/2025\/06\/AtHome_Logo.png\",\"width\":450,\"height\":98,\"caption\":\"Southcoast Health at Home\"},\"image\":{\"@id\":\"https:\/\/athome.southcoast.org\/#\/schema\/logo\/image\/\"}}]}<\/script>\n<!-- \/ Yoast SEO plugin. -->","yoast_head_json":{"title":"Oportunidades de Empleo | En Casa","robots":{"index":"index","follow":"follow","max-snippet":"max-snippet:-1","max-image-preview":"max-image-preview:large","max-video-preview":"max-video-preview:-1"},"canonical":"https:\/\/athome.southcoast.org\/es\/southcoast-health-at-home-employment-opportunities-in-ma-and-ri\/","og_locale":"es_MX","og_type":"article","og_title":"Employment Opportunities | At Home","og_url":"https:\/\/athome.southcoast.org\/es\/southcoast-health-at-home-employment-opportunities-in-ma-and-ri\/","og_site_name":"At Home","article_modified_time":"2025-10-20T20:11:34+00:00","twitter_card":"summary_large_image","schema":{"@context":"https:\/\/schema.org","@graph":[{"@type":"WebPage","@id":"https:\/\/athome.southcoast.org\/southcoast-health-at-home-employment-opportunities-in-ma-and-ri\/","url":"https:\/\/athome.southcoast.org\/southcoast-health-at-home-employment-opportunities-in-ma-and-ri\/","name":"Oportunidades de Empleo | En Casa","isPartOf":{"@id":"https:\/\/athome.southcoast.org\/#website"},"datePublished":"2025-08-14T13:42:01+00:00","dateModified":"2025-10-20T20:11:34+00:00","breadcrumb":{"@id":"https:\/\/athome.southcoast.org\/southcoast-health-at-home-employment-opportunities-in-ma-and-ri\/#breadcrumb"},"inLanguage":"es-MX","potentialAction":[{"@type":"ReadAction","target":["https:\/\/athome.southcoast.org\/southcoast-health-at-home-employment-opportunities-in-ma-and-ri\/"]}]},{"@type":"BreadcrumbList","@id":"https:\/\/athome.southcoast.org\/southcoast-health-at-home-employment-opportunities-in-ma-and-ri\/#breadcrumb","itemListElement":[{"@type":"ListItem","position":1,"name":"","item":"https:\/\/athome.southcoast.org\/"},{"@type":"ListItem","position":2,"name":"Employment Opportunities"}]},{"@type":"WebSite","@id":"https:\/\/athome.southcoast.org\/#website","url":"https:\/\/athome.southcoast.org\/","name":"Southcoast Health at Home","description":"","publisher":{"@id":"https:\/\/athome.southcoast.org\/#organization"},"potentialAction":[{"@type":"SearchAction","target":{"@type":"EntryPoint","urlTemplate":"https:\/\/athome.southcoast.org\/?s={search_term_string}"},"query-input":{"@type":"PropertyValueSpecification","valueRequired":true,"valueName":"search_term_string"}}],"inLanguage":"es-MX"},{"@type":"Organization","@id":"https:\/\/athome.southcoast.org\/#organization","name":"Southcoast Health at Home","alternateName":"Southcoast Health","url":"https:\/\/athome.southcoast.org\/","logo":{"@type":"ImageObject","inLanguage":"es-MX","@id":"https:\/\/athome.southcoast.org\/#\/schema\/logo\/image\/","url":"https:\/\/athome.live-southcoast-health-multi.southcoast-health.org\/wp-content\/uploads\/sites\/3\/2025\/06\/AtHome_Logo.png","contentUrl":"https:\/\/athome.live-southcoast-health-multi.southcoast-health.org\/wp-content\/uploads\/sites\/3\/2025\/06\/AtHome_Logo.png","width":450,"height":98,"caption":"Southcoast Health at Home"},"image":{"@id":"https:\/\/athome.southcoast.org\/#\/schema\/logo\/image\/"}}]}},"_links":{"self":[{"href":"https:\/\/athome.southcoast.org\/es\/wp-json\/wp\/v2\/pages\/2832","targetHints":{"allow":["GET"]}}],"collection":[{"href":"https:\/\/athome.southcoast.org\/es\/wp-json\/wp\/v2\/pages"}],"about":[{"href":"https:\/\/athome.southcoast.org\/es\/wp-json\/wp\/v2\/types\/page"}],"author":[{"embeddable":true,"href":"https:\/\/athome.southcoast.org\/es\/wp-json\/wp\/v2\/users\/23"}],"replies":[{"embeddable":true,"href":"https:\/\/athome.southcoast.org\/es\/wp-json\/wp\/v2\/comments?post=2832"}],"version-history":[{"count":10,"href":"https:\/\/athome.southcoast.org\/es\/wp-json\/wp\/v2\/pages\/2832\/revisions"}],"predecessor-version":[{"id":3050,"href":"https:\/\/athome.southcoast.org\/es\/wp-json\/wp\/v2\/pages\/2832\/revisions\/3050"}],"wp:attachment":[{"href":"https:\/\/athome.southcoast.org\/es\/wp-json\/wp\/v2\/media?parent=2832"}],"curies":[{"name":"wp","href":"https:\/\/api.w.org\/{rel}","templated":true}]}}