{"id":2011,"date":"2025-05-29T04:05:50","date_gmt":"2025-05-29T04:05:50","guid":{"rendered":"https:\/\/athome.test-southcoast-health-multi.southcoast-health.org\/?page_id=2011"},"modified":"2025-10-20T20:05:21","modified_gmt":"2025-10-20T20:05:21","slug":"our-services","status":"publish","type":"page","link":"https:\/\/athome.southcoast.org\/es\/our-services\/","title":{"rendered":"Nuestros servicios"},"content":{"rendered":"<div  class=\"blockSettings  paddingTopSM paddingBottomSM heroBasicFluid darkTheme\" style=\"background-image:url(https:\/\/athome.southcoast.org\/wp-content\/uploads\/sites\/3\/2025\/10\/GettyImages-1917170366-scaled.jpg);background-size:cover;background-position:center center;\"><div class=\"overlay\"><\/div><div class=\"container\">\n            <div class=\"grid\">\n            <div class=\"col-sm-12 col-bleed-y\">\n                <div class=\"Center\">\n                    <div class=\"breadcrumbsWrapper desktop-breadcrumbs\"><nav id=\"breadcrumbs\" aria-label=\"Migas de pan\"><ol><li><a href=\"https:\/\/athome.southcoast.org\/es\/\"><i class=\"fa-regular fa-house\"><\/i><span class=\"visually-hidden\">Inicio<\/span><\/a><\/li><\/ol><\/nav><\/div><div class=\"breadcrumbsWrapper mobile-breadcrumbs\"><p id=\"mobile-breadcrumbs\" class=\"mobile-back-nav\"><span><span><a href=\"#\" onclick=\"return handleBackNavigation();\"><i class=\"fa-solid fa-chevron-left back-arrow\"><\/i> Volver<\/a><\/span><\/span><\/p>\t\t<script>\n\t\t\tfunction handleBackNavigation() {\n\t\t\t\tif (window.history.length > 1) {\n\t\t\t\t\twindow.history.back();\n\t\t\t\t} else {\n\t\t\t\t\twindow.location.href = 'https:\/\/athome.southcoast.org\/es';\n\t\t\t\t}\n\t\t\t\treturn false;\n\t\t\t}\n\t\t<\/script>\n<\/div>                <\/div>\n            <\/div>\n        <\/div>\n        <div class=\"grid align-center\">\n        <div class=\"col-sm-10\">\n            <div class=\"Center\">\n\n                    <div class=\"mainCopyWrap\">\n            <h1>Nuestros servicios<\/h1>\n    <div class=\"paragraphWrap\"><p>Nuestro equipo de atenci\u00f3n domiciliaria est\u00e1 aqu\u00ed para ofrecerle una atenci\u00f3n experta y compasiva, ayud\u00e1ndole a mantenerse sano, c\u00f3modo y seguro en casa. <\/p><\/div>    <\/div>\n    \n                \n            <\/div>\n        <\/div>\n    <\/div>\n<\/div>\n    <div class=\"cornerArtWrapper cornerArt-small\">\n        <img decoding=\"async\" class=\"cornerArt\" src=\"https:\/\/athome.southcoast.org\/wp-content\/themes\/southcoast_multisite\/images\/corner-art.svg\" alt=\"\">\n    <\/div>\n<\/div>\n\n\n\n\n<div  class=\"blockSettings  paddingTopMD paddingBottomMD cardIconsFluid cardIconsImageFluid light\" style=\"\">\t<div class=\"container\">\n\t\t\t\t\t<div class=\"grid\">\n\t\t\t\t<div class=\"col-sm-12\">\n\t\t\t\t\t<div class=\"introCenter\">\n\t\t\t\t\t\t<div class=\"maincopy intro\">\n\t\t\t\t\t\t\t<h2>Atenci\u00f3n compasiva en todo momento<\/h2>\n\t\t\t\t\t\t\t\t\t\t\t\t\t\t\t<p><p>Llevamos m\u00e1s de 100 a\u00f1os proporcionando a nuestra comunidad de la Costa Sur una atenci\u00f3n personalizada y de confianza en la comodidad de su propio hogar. Nuestro experto equipo de m\u00e9dicos, enfermeras, fisioterapeutas, y mucho m\u00e1s se asegurar\u00e1 de que usted reciba el m\u00e1s alto nivel de atenci\u00f3n domiciliaria posible, completamente personalizado a su situaci\u00f3n \u00fanica.<\/p>\n<\/p>\n\t\t\t\t\t\t\t\t\t\t\t\t\t<\/div>\n\t\t\t\t\t\t\t\t\t\t\t\t\t\t\t\t\t\t\t\t\t\t\t\t\t\t                                                                                                        \t\t\t\t\t<\/div>\n\t\t\t\t<\/div>\n\t\t\t<\/div>\n\t\t\n\t\t\t\t\t<!--Manual Cards-->\n\t\t\t<div class=\"grid\">\n\t\t\t\t\t\t\t\t\t\t\t<div class=\"col-sm-6 col-md-auto col-grid\">\n\t\t\t\t\t\t\t\t<div class=\"cardBasic  Center Vertical\">\n\t\t\t\t\t\t\t\t\t\t\t\t\t\t\t\t\t\t\t<span class=\"icon fa-classic fa-light fa-bed-pulse\"><\/span>\n\t\t\t\t\t\t\t\t\t\t\t\t\t\t\t\t\t\t\n\t\t\t\t\t\t\t\t\t<div class=\"cardBasicBody\">\n\t\t\t\t\t\t\t\t\t\t<div class=\"cardBasicBodyTitle\" role=\"title\">Asistencia sanitaria a domicilio<\/div>\n\t\t\t\t\t\t\t\t\t\t\t\t\t\t\t\t\t\t\t\t<div class=\"excerpt\">\n\t\t\t\t\t\t\t\t\t\t\t<p><span data-contrast=\"auto\">Llevamos una atenci\u00f3n especializada y compasiva hasta la puerta de su casa. En estrecha colaboraci\u00f3n con su m\u00e9dico, dise\u00f1amos un plan de cuidados personalizado para ayudarle a vivir en casa de forma segura, c\u00f3moda e independiente.<\/span><\/p>\n\t\t\t\t\t\t\t\t\t\t<\/div>\n\t\t\t\t\t\t\t\t\t\t\t\t\t\t\t\t\t\t\t\t\t\t\t\t\t\t\t\t\t\t\t<div class=\"cardLinks\">\n\t\t\t\t\t\t\t\t\t\t\t\t\t\t\t\t\t\t\t\t\t\t\t<a aria-label=\"enlace para obtener m\u00e1s informaci\u00f3n sobre la asistencia sanitaria a domicilio\" title=\"enlace a M\u00e1s informaci\u00f3n\" href=\"\/es\/our-services\/home-health\/\" target=\"_self\" class=\"mainCTA light3\">\n\t\t\t\t\t\t\t\t\t\t\t\t\t<span class=\"icon-cta fa-regular fa-arrow-up-right\" aria-hidden=\"true\"><\/span>\n\t\t\t\t\t\t\t\t\t\t\t\t\tM\u00e1s informaci\u00f3n\t\t\t\t\t\t\t\t\t\t\t\t<\/a>\n\t\t\t\t\t\t\t\t\t\t\t\t\t\t\t\t\t\t\t\t\t\t\t\n\t\t\t\t\t\t\t\t\t\t\t\t\t\t\t\t\t\t\t\t\t\t<\/div>\n\t\t\t\t\t\t\t\t\t\t\t\t\t\t\t\t\t\t\t<\/div>\n\t\t\t\t\t\t\t\t<\/div>\n\t\t\t\t\t\t\t<\/div>\n\t\t\t\t\t\t\t\t\t\t\t\t<div class=\"col-sm-6 col-md-auto col-grid\">\n\t\t\t\t\t\t\t\t<div class=\"cardBasic  Center Vertical\">\n\t\t\t\t\t\t\t\t\t\t\t\t\t\t\t\t\t\t\t<span class=\"icon fa-classic fa-light fa-hand-holding-medical\"><\/span>\n\t\t\t\t\t\t\t\t\t\t\t\t\t\t\t\t\t\t\n\t\t\t\t\t\t\t\t\t<div class=\"cardBasicBody\">\n\t\t\t\t\t\t\t\t\t\t<div class=\"cardBasicBodyTitle\" role=\"title\">Atenci\u00f3n especializada<\/div>\n\t\t\t\t\t\t\t\t\t\t\t\t\t\t\t\t\t\t\t\t<div class=\"excerpt\">\n\t\t\t\t\t\t\t\t\t\t\t<p><span data-contrast=\"auto\">Nuestros equipos interdisciplinares est\u00e1n formados por expertos para ofrecerle la atenci\u00f3n avanzada y especializada que necesita, desde servicios card\u00edacos y del coraz\u00f3n hasta apoyo para la recuperaci\u00f3n tras una operaci\u00f3n de pr\u00f3tesis articular. Proporcionamos un tratamiento personalizado de alta calidad adaptado a las necesidades \u00fanicas de cada paciente.<\/span><span data-ccp-props=\"{}\">\u00a0<\/span><\/p>\n\t\t\t\t\t\t\t\t\t\t<\/div>\n\t\t\t\t\t\t\t\t\t\t\t\t\t\t\t\t\t\t\t\t\t\t\t\t\t\t\t\t\t\t\t<div class=\"cardLinks\">\n\t\t\t\t\t\t\t\t\t\t\t\t\t\t\t\t\t\t\t\t\t\t\t<a aria-label=\"enlace para obtener m\u00e1s informaci\u00f3n sobre atenci\u00f3n especializada\" title=\"enlace a M\u00e1s informaci\u00f3n\" href=\"\/es\/our-services\/specialty\/\" target=\"_self\" class=\"mainCTA light3\">\n\t\t\t\t\t\t\t\t\t\t\t\t\t<span class=\"icon-cta fa-regular fa-arrow-up-right\" aria-hidden=\"true\"><\/span>\n\t\t\t\t\t\t\t\t\t\t\t\t\tM\u00e1s informaci\u00f3n\t\t\t\t\t\t\t\t\t\t\t\t<\/a>\n\t\t\t\t\t\t\t\t\t\t\t\t\t\t\t\t\t\t\t\t\t\t\t\n\t\t\t\t\t\t\t\t\t\t\t\t\t\t\t\t\t\t\t\t\t\t<\/div>\n\t\t\t\t\t\t\t\t\t\t\t\t\t\t\t\t\t\t\t<\/div>\n\t\t\t\t\t\t\t\t<\/div>\n\t\t\t\t\t\t\t<\/div>\n\t\t\t\t\t\t\t\t\t\t\t\t<div class=\"col-sm-6 col-md-auto col-grid\">\n\t\t\t\t\t\t\t\t<div class=\"cardBasic  Center Vertical\">\n\t\t\t\t\t\t\t\t\t\t\t\t\t\t\t\t\t\t\t<span class=\"icon fa-classic fa-light fa-shield-heart\"><\/span>\n\t\t\t\t\t\t\t\t\t\t\t\t\t\t\t\t\t\t\n\t\t\t\t\t\t\t\t\t<div class=\"cardBasicBody\">\n\t\t\t\t\t\t\t\t\t\t<div class=\"cardBasicBodyTitle\" role=\"title\">Cuidados de apoyo<\/div>\n\t\t\t\t\t\t\t\t\t\t\t\t\t\t\t\t\t\t\t\t<div class=\"excerpt\">\n\t\t\t\t\t\t\t\t\t\t\t<p><span data-contrast=\"auto\">Nuestro equipo de Cuidados de Apoyo ofrece una atenci\u00f3n compasiva y especializada a los pacientes que se enfrentan a enfermedades graves o que limitan su vida. Tanto si est\u00e1 en tratamiento activo como si se centra en la calidad de vida, estamos aqu\u00ed para apoyarle a usted y a sus seres queridos en cada paso de su viaje.<\/span><span data-ccp-props=\"{}\">\u00a0<\/span><\/p>\n<p><span data-ccp-props=\"{}\">\u00a0<\/span><\/p>\n\t\t\t\t\t\t\t\t\t\t<\/div>\n\t\t\t\t\t\t\t\t\t\t\t\t\t\t\t\t\t\t\t\t\t\t\t\t\t\t\t\t\t\t\t<div class=\"cardLinks\">\n\t\t\t\t\t\t\t\t\t\t\t\t\t\t\t\t\t\t\t\t\t\t\t<a aria-label=\"enlace para obtener m\u00e1s informaci\u00f3n sobre los cuidados m\u00e9dicos de apoyo\" title=\"enlace a M\u00e1s informaci\u00f3n\" href=\"\/es\/our-services\/supportive\/\" target=\"_self\" class=\"mainCTA light3\">\n\t\t\t\t\t\t\t\t\t\t\t\t\t<span class=\"icon-cta fa-regular fa-arrow-up-right\" aria-hidden=\"true\"><\/span>\n\t\t\t\t\t\t\t\t\t\t\t\t\tM\u00e1s informaci\u00f3n\t\t\t\t\t\t\t\t\t\t\t\t<\/a>\n\t\t\t\t\t\t\t\t\t\t\t\t\t\t\t\t\t\t\t\t\t\t\t\n\t\t\t\t\t\t\t\t\t\t\t\t\t\t\t\t\t\t\t\t\t\t<\/div>\n\t\t\t\t\t\t\t\t\t\t\t\t\t\t\t\t\t\t\t<\/div>\n\t\t\t\t\t\t\t\t<\/div>\n\t\t\t\t\t\t\t<\/div>\n\t\t\t\t\t\t\t\t<\/div>\n\t\t\t<\/div>\n<\/div>\n\n\n<div id=\"map\" class=\"blockSettings  paddingTopNone paddingBottomMD media-object-block light\" style=\"\"><div class=\"container\">\n\t<div class=\"grid\">\n\t\t<div class=\"col-sm-12\">\n\t\t\t<div class=\"inner image-left list-style-disc inner-bg\" style=\"background-color: #E9F7F4;\">\n\t\t\t\t<div class=\"copy\">\n\t\t\t\t\t    <div class=\"mainCopyWrap\">\n            <h2>Encuentre un centro Southcoast Health cerca de usted<\/h2>\n    <div class=\"paragraphWrap\"><p><span data-contrast=\"auto\">Southcoast Health, que cuenta con pr\u00e1cticos centros en el sureste de Massachusetts, Rhode Island y las zonas circundantes, facilita el acceso a la atenci\u00f3n que se merece, cerca de casa.<\/span><span data-ccp-props=\"{}\">\u00a0<\/span><\/p>\n<p><span data-contrast=\"auto\">Empiece hoy mismo su viaje hacia una mejor salud.<\/span><span data-ccp-props=\"{}\">\u00a0<\/span><\/p>\n<\/div>    <\/div>\n        <div class=\"ctaWrap\">\n                    <a aria-label=\"enlace a Contacto\" class=\"mainCTA shadow light1\" href=\"https:\/\/athome.southcoast.org\/es\/about\/\" title=\"Abrir Contacto\" >Contacte con nosotros<\/a>            <\/div>\n    \t\t\t\t<\/div>\n\t\t\t\t\t\t\t\t<div class=\"images\">\n\t\t\t\t\t\t<img decoding=\"async\" class=\"single\" src=\"https:\/\/athome.southcoast.org\/wp-content\/uploads\/sites\/3\/2025\/05\/SHAH-Service-Areas-Map-2025.png\" alt=\"Southcoast Service Area Map\">\n\t\t\t\t\t\t\t\t\t\t<\/div>\n\t\t\t\t\n\t\t\t<\/div>\n\t\t<\/div>\n\t<\/div>\n<\/div>\n<\/div>","protected":false},"excerpt":{"rendered":"","protected":false},"author":7,"featured_media":0,"parent":0,"menu_order":0,"comment_status":"closed","ping_status":"closed","template":"","meta":{"_acf_changed":false,"footnotes":""},"class_list":["post-2011","page","type-page","status-publish","hentry"],"acf":[],"yoast_head":"<!-- This site is optimized with the Yoast SEO plugin v26.0 - https:\/\/yoast.com\/wordpress\/plugins\/seo\/ -->\n<title>Our Services | At Home<\/title>\n<meta name=\"robots\" content=\"index, follow, max-snippet:-1, max-image-preview:large, max-video-preview:-1\" \/>\n<link rel=\"canonical\" href=\"https:\/\/athome.southcoast.org\/es\/our-services\/\" \/>\n<meta property=\"og:locale\" content=\"es_MX\" \/>\n<meta property=\"og:type\" content=\"article\" \/>\n<meta property=\"og:title\" content=\"Our Services | At Home\" \/>\n<meta property=\"og:url\" content=\"https:\/\/athome.southcoast.org\/es\/our-services\/\" \/>\n<meta property=\"og:site_name\" content=\"At Home\" \/>\n<meta property=\"article:modified_time\" content=\"2025-10-20T20:05:21+00:00\" \/>\n<meta name=\"twitter:card\" content=\"summary_large_image\" \/>\n<script type=\"application\/ld+json\" class=\"yoast-schema-graph\">{\"@context\":\"https:\/\/schema.org\",\"@graph\":[{\"@type\":\"WebPage\",\"@id\":\"https:\/\/athome.southcoast.org\/our-services\/\",\"url\":\"https:\/\/athome.southcoast.org\/our-services\/\",\"name\":\"Our Services | At Home\",\"isPartOf\":{\"@id\":\"https:\/\/athome.southcoast.org\/#website\"},\"datePublished\":\"2025-05-29T04:05:50+00:00\",\"dateModified\":\"2025-10-20T20:05:21+00:00\",\"breadcrumb\":{\"@id\":\"https:\/\/athome.southcoast.org\/our-services\/#breadcrumb\"},\"inLanguage\":\"es-MX\",\"potentialAction\":[{\"@type\":\"ReadAction\",\"target\":[\"https:\/\/athome.southcoast.org\/our-services\/\"]}]},{\"@type\":\"BreadcrumbList\",\"@id\":\"https:\/\/athome.southcoast.org\/our-services\/#breadcrumb\",\"itemListElement\":[{\"@type\":\"ListItem\",\"position\":1,\"name\":\"\",\"item\":\"https:\/\/athome.southcoast.org\/\"},{\"@type\":\"ListItem\",\"position\":2,\"name\":\"Our Services\"}]},{\"@type\":\"WebSite\",\"@id\":\"https:\/\/athome.southcoast.org\/#website\",\"url\":\"https:\/\/athome.southcoast.org\/\",\"name\":\"Southcoast Health at Home\",\"description\":\"\",\"publisher\":{\"@id\":\"https:\/\/athome.southcoast.org\/#organization\"},\"potentialAction\":[{\"@type\":\"SearchAction\",\"target\":{\"@type\":\"EntryPoint\",\"urlTemplate\":\"https:\/\/athome.southcoast.org\/?s={search_term_string}\"},\"query-input\":{\"@type\":\"PropertyValueSpecification\",\"valueRequired\":true,\"valueName\":\"search_term_string\"}}],\"inLanguage\":\"es-MX\"},{\"@type\":\"Organization\",\"@id\":\"https:\/\/athome.southcoast.org\/#organization\",\"name\":\"Southcoast Health at Home\",\"alternateName\":\"Southcoast Health\",\"url\":\"https:\/\/athome.southcoast.org\/\",\"logo\":{\"@type\":\"ImageObject\",\"inLanguage\":\"es-MX\",\"@id\":\"https:\/\/athome.southcoast.org\/#\/schema\/logo\/image\/\",\"url\":\"https:\/\/athome.live-southcoast-health-multi.southcoast-health.org\/wp-content\/uploads\/sites\/3\/2025\/06\/AtHome_Logo.png\",\"contentUrl\":\"https:\/\/athome.live-southcoast-health-multi.southcoast-health.org\/wp-content\/uploads\/sites\/3\/2025\/06\/AtHome_Logo.png\",\"width\":450,\"height\":98,\"caption\":\"Southcoast Health at Home\"},\"image\":{\"@id\":\"https:\/\/athome.southcoast.org\/#\/schema\/logo\/image\/\"}}]}<\/script>\n<!-- \/ Yoast SEO plugin. -->","yoast_head_json":{"title":"Our Services | At Home","robots":{"index":"index","follow":"follow","max-snippet":"max-snippet:-1","max-image-preview":"max-image-preview:large","max-video-preview":"max-video-preview:-1"},"canonical":"https:\/\/athome.southcoast.org\/es\/our-services\/","og_locale":"es_MX","og_type":"article","og_title":"Our Services | At Home","og_url":"https:\/\/athome.southcoast.org\/es\/our-services\/","og_site_name":"At Home","article_modified_time":"2025-10-20T20:05:21+00:00","twitter_card":"summary_large_image","schema":{"@context":"https:\/\/schema.org","@graph":[{"@type":"WebPage","@id":"https:\/\/athome.southcoast.org\/our-services\/","url":"https:\/\/athome.southcoast.org\/our-services\/","name":"Our Services | At Home","isPartOf":{"@id":"https:\/\/athome.southcoast.org\/#website"},"datePublished":"2025-05-29T04:05:50+00:00","dateModified":"2025-10-20T20:05:21+00:00","breadcrumb":{"@id":"https:\/\/athome.southcoast.org\/our-services\/#breadcrumb"},"inLanguage":"es-MX","potentialAction":[{"@type":"ReadAction","target":["https:\/\/athome.southcoast.org\/our-services\/"]}]},{"@type":"BreadcrumbList","@id":"https:\/\/athome.southcoast.org\/our-services\/#breadcrumb","itemListElement":[{"@type":"ListItem","position":1,"name":"","item":"https:\/\/athome.southcoast.org\/"},{"@type":"ListItem","position":2,"name":"Our Services"}]},{"@type":"WebSite","@id":"https:\/\/athome.southcoast.org\/#website","url":"https:\/\/athome.southcoast.org\/","name":"Southcoast Health at Home","description":"","publisher":{"@id":"https:\/\/athome.southcoast.org\/#organization"},"potentialAction":[{"@type":"SearchAction","target":{"@type":"EntryPoint","urlTemplate":"https:\/\/athome.southcoast.org\/?s={search_term_string}"},"query-input":{"@type":"PropertyValueSpecification","valueRequired":true,"valueName":"search_term_string"}}],"inLanguage":"es-MX"},{"@type":"Organization","@id":"https:\/\/athome.southcoast.org\/#organization","name":"Southcoast Health at Home","alternateName":"Southcoast Health","url":"https:\/\/athome.southcoast.org\/","logo":{"@type":"ImageObject","inLanguage":"es-MX","@id":"https:\/\/athome.southcoast.org\/#\/schema\/logo\/image\/","url":"https:\/\/athome.live-southcoast-health-multi.southcoast-health.org\/wp-content\/uploads\/sites\/3\/2025\/06\/AtHome_Logo.png","contentUrl":"https:\/\/athome.live-southcoast-health-multi.southcoast-health.org\/wp-content\/uploads\/sites\/3\/2025\/06\/AtHome_Logo.png","width":450,"height":98,"caption":"Southcoast Health at Home"},"image":{"@id":"https:\/\/athome.southcoast.org\/#\/schema\/logo\/image\/"}}]}},"_links":{"self":[{"href":"https:\/\/athome.southcoast.org\/es\/wp-json\/wp\/v2\/pages\/2011","targetHints":{"allow":["GET"]}}],"collection":[{"href":"https:\/\/athome.southcoast.org\/es\/wp-json\/wp\/v2\/pages"}],"about":[{"href":"https:\/\/athome.southcoast.org\/es\/wp-json\/wp\/v2\/types\/page"}],"author":[{"embeddable":true,"href":"https:\/\/athome.southcoast.org\/es\/wp-json\/wp\/v2\/users\/7"}],"replies":[{"embeddable":true,"href":"https:\/\/athome.southcoast.org\/es\/wp-json\/wp\/v2\/comments?post=2011"}],"version-history":[{"count":29,"href":"https:\/\/athome.southcoast.org\/es\/wp-json\/wp\/v2\/pages\/2011\/revisions"}],"predecessor-version":[{"id":3044,"href":"https:\/\/athome.southcoast.org\/es\/wp-json\/wp\/v2\/pages\/2011\/revisions\/3044"}],"wp:attachment":[{"href":"https:\/\/athome.southcoast.org\/es\/wp-json\/wp\/v2\/media?parent=2011"}],"curies":[{"name":"wp","href":"https:\/\/api.w.org\/{rel}","templated":true}]}}