{"id":1960,"date":"2025-05-29T18:29:07","date_gmt":"2025-05-29T18:29:07","guid":{"rendered":"https:\/\/athome.test-southcoast-health-multi.southcoast-health.org\/?page_id=1960"},"modified":"2026-03-05T21:50:58","modified_gmt":"2026-03-05T21:50:58","slug":"angel-wings-retreat","status":"publish","type":"page","link":"https:\/\/athome.southcoast.org\/es\/angel-wings-retreat\/","title":{"rendered":"Retiro Angel Wings"},"content":{"rendered":"<div  class=\"blockSettings  paddingTopMD paddingBottomMD heroBasicFluid light\" style=\"background-color:#E9F7F4;\"><div class=\"container\">\n            <div class=\"grid\">\n            <div class=\"col-sm-12 col-bleed-y\">\n                <div class=\"Center\">\n                    <div class=\"breadcrumbsWrapper desktop-breadcrumbs\"><nav id=\"breadcrumbs\" aria-label=\"Migas de pan\"><ol><li><a href=\"https:\/\/athome.southcoast.org\/es\/\"><i class=\"fa-regular fa-house\"><\/i><span class=\"visually-hidden\">Inicio<\/span><\/a><\/li><\/ol><\/nav><\/div><div class=\"breadcrumbsWrapper mobile-breadcrumbs\"><p id=\"mobile-breadcrumbs\" class=\"mobile-back-nav\"><span><span><a href=\"#\" onclick=\"return handleBackNavigation();\"><i class=\"fa-solid fa-chevron-left back-arrow\"><\/i> Volver<\/a><\/span><\/span><\/p>\t\t<script>\n\t\t\tfunction handleBackNavigation() {\n\t\t\t\tif (window.history.length > 1) {\n\t\t\t\t\twindow.history.back();\n\t\t\t\t} else {\n\t\t\t\t\twindow.location.href = 'https:\/\/athome.southcoast.org\/es';\n\t\t\t\t}\n\t\t\t\treturn false;\n\t\t\t}\n\t\t<\/script>\n<\/div>                <\/div>\n            <\/div>\n        <\/div>\n        <div class=\"grid align-center\">\n        <div class=\"col-sm-10\">\n            <div class=\"Center\">\n\n                    <div class=\"mainCopyWrap\">\n            <h1>Retiro Angel Wings  <\/h1>\n    <div class=\"paragraphWrap\"><p>Nuestro retiro Angel Wings es un grupo de duelo de dos d\u00edas para ni\u00f1os y adolescentes que est\u00e1n sufriendo la p\u00e9rdida de un ser querido. Proporcionamos apoyo emocional y f\u00edsico en un entorno seguro y sin prejuicios, donde los ni\u00f1os de 6 a 15 a\u00f1os pueden explorar sus pensamientos y sentimientos sobre la p\u00e9rdida junto a sus compa\u00f1eros. El retiro crea un espacio para recordar a los seres queridos con otros ni\u00f1os que pueden identificarse con su situaci\u00f3n.  <\/p><\/div>    <\/div>\n    \n                \n            <\/div>\n        <\/div>\n    <\/div>\n<\/div>\n    <div class=\"cornerArtWrapper cornerArt-small\">\n        <img decoding=\"async\" class=\"cornerArt\" src=\"https:\/\/athome.southcoast.org\/wp-content\/themes\/southcoast_multisite\/images\/corner-art.svg\" alt=\"\">\n    <\/div>\n<\/div>\n\n\n\n\n<div  class=\"blockSettings  paddingTopMD paddingBottomMD calloutbannerminiFluid layout-contained darkTheme\" style=\"background-color:#f6f7f7;\"><div class=\"container\">\n    <div class=\"grid\">\n        <div class=\"col-sm-12 col-bleed-y\">\n            <div class=\"banner-content  ctas-1\">\n                                    <div class=\"copy\">\n                        <p style=\"text-align: center;\"><strong>\u00a1Ya est\u00e1 abierto el plazo de inscripci\u00f3n para el Retiro de Alas de \u00c1ngel 2026!<br \/>\n<\/strong><\/p>\n<p style=\"text-align: center;\">Las solicitudes deber\u00e1n recibirse antes del final del d\u00eda laborable del<br \/>\n<strong>19 de junio de 2026<\/strong>.<strong><br \/>\n<\/strong><\/p>\n                    <\/div>\n                                    <div class=\"ctaWrap\">\n                    <a aria-label=\"enlace para solicitar ahora\" class=\"mainCTA shadow light2\" href=\"https:\/\/forms.office.com\/pages\/responsepage.aspx?id=Sej3q5FBB0y0OprJmN6RMejZ7EhA1gpKmi4yfu5LfvdUMzY4NzBJM1NUVEQ0QVYzS0dVRVkyVlVYTS4u&#038;web=1&#038;wdLOR=c9C414E3D-2DF9-4450-B9D8-477AAF23296C&#038;route=shorturl\" title=\"Abierto Solicitar ahora\" >Solicitar ahora<\/a>            <\/div>\n                <\/div>\n        <\/div>\n    <\/div>\n<\/div>\n<\/div>\n\n\n<div  class=\"blockSettings  paddingTopSM paddingBottomMD media-object-video-block light\" style=\"background-color:#e1f5fa;\"><div class=\"container\">\n    <div class=\"grid\">\n        <div class=\"col-sm-12\">\n            <div class=\"inner video-center-bottom list-style-disc inner-white-bg\">\n                <div class=\"copy intro-Center\">\n                                                                <h2>Apoya el retiro Angel Wings  <\/h2>\n                                                                <p>Hay muchas maneras en que usted puede ayudar a apoyar el Retiro Angel Wings. Se necesitan voluntarios para servir como consejeros del retiro, l\u00edderes de actividades\/asistentes o ayuda en general. Si usted est\u00e1 interesado en ser voluntario, haga clic en el bot\u00f3n de abajo.<\/p>\n<p>P\u00f3ngase en contacto con nosotros <strong>tel\u00e9fono 508-973-3426<\/strong> o por correo electr\u00f3nico a <a class=\"linkified\" href=\"mailto:angelwingsretreat@southcoast.org\" target=\"_blank\" rel=\"noopener\">angelwingsretreat@southcoast.org<\/a><\/p>\n                    \n                    <div class=\"cta-wrap\">\n\n                                                                                        <a aria-label=\"Enlace para saber m\u00e1s sobre el voluntariado\" class=\"mainCTA shadow light1\" href=\"https:\/\/athome.southcoast.org\/es\/volunteer\/\" title=\"Abrir Aprender sobre el voluntariado\" >M\u00e1s informaci\u00f3n sobre el voluntariado<\/a>                                                                                    \n                                                                                        <a aria-label=\"enlace para solicitar ser voluntario\" class=\"mainCTA shadow light1\" href=\"https:\/\/forms.office.com\/pages\/responsepage.aspx?id=Sej3q5FBB0y0OprJmN6RMejZ7EhA1gpKmi4yfu5LfvdUNlpLSTEzSDVUUlhXNzNFNVVJUTZKN01KNC4u&#038;web=1&#038;wdLOR=cF5B3385D-6500-4CA1-B6D7-FED9F2184566&#038;route=shorturl\" title=\"Abierto Solicitar ser voluntario\" >Solicitud de voluntariado<\/a>                                                                                                        <\/div>\n\n                <\/div>\n                <div class=\"video-container\">\n                                            <div class=\"video-wrapper\">\n                                                                                                <a href=\"https:\/\/vimeo.com\/1166438301\" class=\"popup-youtube video-placeholder\">\n                                        <img decoding=\"async\" src=\"https:\/\/athome.southcoast.org\/wp-content\/uploads\/sites\/3\/2025\/05\/SHAH_AngelWingsRereat_FIller_2-scaled.jpg\" alt=\"\">\n                                        <div class=\"play-button\">\n                                            <i class=\"fa fa-play-circle\"><\/i>\n                                        <\/div>\n                                    <\/a>\n                                                            \n                                                    <\/div>\n                                    <\/div>\n            <\/div>\n        <\/div>\n    <\/div>\n<\/div>\n<\/div>\n\n\n<div  class=\"blockSettings  paddingTopMD paddingBottomMD media-object-block light\" style=\"\"><div class=\"container\">\n\t<div class=\"grid\">\n\t\t<div class=\"col-sm-12\">\n\t\t\t<div class=\"inner image-left list-style-disc inner-white-bg\" style=\"background-color: #fff;\">\n\t\t\t\t<div class=\"copy\">\n\t\t\t\t\t    <div class=\"mainCopyWrap\">\n            <h2>\u00bfNo puede ser voluntario, pero quiere ayudar?<\/h2>\n    <div class=\"paragraphWrap\"><p>Considere la posibilidad de hacer una donaci\u00f3n al Retiro Angel Wings para contribuir a este importante programa.<\/p>\n<\/div>    <\/div>\n        <div class=\"ctaWrap\">\n                    <a aria-label=\"enlace a Donar ahora\" class=\"mainCTA shadow light1\" href=\"https:\/\/host.nxt.blackbaud.com\/donor-form\/?svcid=tcs&#038;formId=cbb04c55-ad5c-4b46-9771-758b029bec04&#038;envid=p-ErWNnLTD3UGBHCAEwe1t7Q&#038;zone=usa\" target=\"_blank\" title=\"Abre Donar ahora en una nueva pesta\u00f1a o ventana\" rel=\"noopener noreferrer\">Donar ahora<span class=\"fa-regular fa-up-right-from-square\"><\/span><\/a>            <\/div>\n    \t\t\t\t<\/div>\n\t\t\t\t\t\t\t\t<div class=\"images\">\n\t\t\t\t\t\t<img decoding=\"async\" class=\"single\" src=\"https:\/\/athome.southcoast.org\/wp-content\/uploads\/sites\/3\/2025\/05\/HealthAtHome_Angel_Wings_Retreat_2024-scaled.jpg\" alt=\"\">\n\t\t\t\t\t\t\t\t\t\t<\/div>\n\t\t\t\t\n\t\t\t<\/div>\n\t\t<\/div>\n\t<\/div>\n<\/div>\n<\/div>\n\n\n<div  class=\"blockSettings  paddingTopMD paddingBottomMD cardsQuickFluid light\" style=\"background-color:#E9F7F4;\"><div class=\"container\">\n        <div class=\"grid\">\n        <div class=\"col-sm-12 maincopy\">\n                <div class=\"introWithCta leftAlign\">\n            <div class=\"mainCopyWrap\">\n            <h2>Servicios relacionados<\/h2>\n        <\/div>\n        <\/div>\n            <\/div>\n\n\n\n    <\/div>\n                <div class=\"blockSeparator\"><\/div>\n        <div class=\"grid\" role=\"list\">\n                                        <div class=\"col-sm-6 col-lg-auto\" role=\"listitem\">\n                        <a href=\"https:\/\/athome.southcoast.org\/es\/our-services\/\" target=\"_self\" class=\"quick-link\" style=\"\">\n                                                            <i class=\"fa-classic fa-light fa-arrow-up-right\"><\/i>\n                                                        <span lang=\"en\">Servicios sanitarios a domicilio<\/span>\n                            <i class=\"fa-solid fa-arrow-up-right\"><\/i>\n                        <\/a>\n                    <\/div>\n                                \n                                                <div class=\"col-sm-6 col-lg-auto\" role=\"listitem\">\n                        <a href=\"https:\/\/athome.southcoast.org\/es\/our-services\/supportive\/\" target=\"_self\" class=\"quick-link\" style=\"\">\n                                                            <i class=\"fa-classic fa-light fa-arrow-up-right\"><\/i>\n                                                        <span lang=\"en\">Servicios de cuidados de apoyo<\/span>\n                            <i class=\"fa-solid fa-arrow-up-right\"><\/i>\n                        <\/a>\n                    <\/div>\n                                \n                                                <div class=\"col-sm-6 col-lg-auto\" role=\"listitem\">\n                        <a href=\"https:\/\/athome.southcoast.org\/es\/volunteer\/\" target=\"_self\" class=\"quick-link\" style=\"\">\n                                                            <i class=\"fa-classic fa-light fa-arrow-up-right\"><\/i>\n                                                        <span lang=\"en\">Voluntario<\/span>\n                            <i class=\"fa-solid fa-arrow-up-right\"><\/i>\n                        <\/a>\n                    <\/div>\n                                \n                                        <\/div>\n<\/div>\n<\/div>","protected":false},"excerpt":{"rendered":"","protected":false},"author":19,"featured_media":0,"parent":0,"menu_order":0,"comment_status":"closed","ping_status":"closed","template":"","meta":{"_acf_changed":false,"footnotes":""},"class_list":["post-1960","page","type-page","status-publish","hentry"],"acf":[],"yoast_head":"<!-- This site is optimized with the Yoast SEO plugin v26.0 - https:\/\/yoast.com\/wordpress\/plugins\/seo\/ -->\n<title>Angel Wings Retreat | At Home<\/title>\n<meta name=\"robots\" content=\"index, follow, max-snippet:-1, max-image-preview:large, max-video-preview:-1\" \/>\n<link rel=\"canonical\" href=\"https:\/\/athome.southcoast.org\/es\/angel-wings-retreat\/\" \/>\n<meta property=\"og:locale\" content=\"es_MX\" \/>\n<meta property=\"og:type\" content=\"article\" \/>\n<meta property=\"og:title\" content=\"Angel Wings Retreat | At Home\" \/>\n<meta property=\"og:url\" content=\"https:\/\/athome.southcoast.org\/es\/angel-wings-retreat\/\" \/>\n<meta property=\"og:site_name\" content=\"At Home\" \/>\n<meta property=\"article:modified_time\" content=\"2026-03-05T21:50:58+00:00\" \/>\n<meta name=\"twitter:card\" content=\"summary_large_image\" \/>\n<script type=\"application\/ld+json\" class=\"yoast-schema-graph\">{\"@context\":\"https:\/\/schema.org\",\"@graph\":[{\"@type\":\"WebPage\",\"@id\":\"https:\/\/athome.southcoast.org\/angel-wings-retreat\/\",\"url\":\"https:\/\/athome.southcoast.org\/angel-wings-retreat\/\",\"name\":\"Angel Wings Retreat | At Home\",\"isPartOf\":{\"@id\":\"https:\/\/athome.southcoast.org\/#website\"},\"datePublished\":\"2025-05-29T18:29:07+00:00\",\"dateModified\":\"2026-03-05T21:50:58+00:00\",\"breadcrumb\":{\"@id\":\"https:\/\/athome.southcoast.org\/angel-wings-retreat\/#breadcrumb\"},\"inLanguage\":\"es-MX\",\"potentialAction\":[{\"@type\":\"ReadAction\",\"target\":[\"https:\/\/athome.southcoast.org\/angel-wings-retreat\/\"]}]},{\"@type\":\"BreadcrumbList\",\"@id\":\"https:\/\/athome.southcoast.org\/angel-wings-retreat\/#breadcrumb\",\"itemListElement\":[{\"@type\":\"ListItem\",\"position\":1,\"name\":\"\",\"item\":\"https:\/\/athome.southcoast.org\/\"},{\"@type\":\"ListItem\",\"position\":2,\"name\":\"Angel Wings Retreat\"}]},{\"@type\":\"WebSite\",\"@id\":\"https:\/\/athome.southcoast.org\/#website\",\"url\":\"https:\/\/athome.southcoast.org\/\",\"name\":\"Southcoast Health at Home\",\"description\":\"\",\"publisher\":{\"@id\":\"https:\/\/athome.southcoast.org\/#organization\"},\"potentialAction\":[{\"@type\":\"SearchAction\",\"target\":{\"@type\":\"EntryPoint\",\"urlTemplate\":\"https:\/\/athome.southcoast.org\/?s={search_term_string}\"},\"query-input\":{\"@type\":\"PropertyValueSpecification\",\"valueRequired\":true,\"valueName\":\"search_term_string\"}}],\"inLanguage\":\"es-MX\"},{\"@type\":\"Organization\",\"@id\":\"https:\/\/athome.southcoast.org\/#organization\",\"name\":\"Southcoast Health at Home\",\"alternateName\":\"Southcoast Health\",\"url\":\"https:\/\/athome.southcoast.org\/\",\"logo\":{\"@type\":\"ImageObject\",\"inLanguage\":\"es-MX\",\"@id\":\"https:\/\/athome.southcoast.org\/#\/schema\/logo\/image\/\",\"url\":\"https:\/\/athome.live-southcoast-health-multi.southcoast-health.org\/wp-content\/uploads\/sites\/3\/2025\/06\/AtHome_Logo.png\",\"contentUrl\":\"https:\/\/athome.live-southcoast-health-multi.southcoast-health.org\/wp-content\/uploads\/sites\/3\/2025\/06\/AtHome_Logo.png\",\"width\":450,\"height\":98,\"caption\":\"Southcoast Health at Home\"},\"image\":{\"@id\":\"https:\/\/athome.southcoast.org\/#\/schema\/logo\/image\/\"}}]}<\/script>\n<!-- \/ Yoast SEO plugin. -->","yoast_head_json":{"title":"Retiro Angel Wings | En casa","robots":{"index":"index","follow":"follow","max-snippet":"max-snippet:-1","max-image-preview":"max-image-preview:large","max-video-preview":"max-video-preview:-1"},"canonical":"https:\/\/athome.southcoast.org\/es\/angel-wings-retreat\/","og_locale":"es_MX","og_type":"article","og_title":"Angel Wings Retreat | At Home","og_url":"https:\/\/athome.southcoast.org\/es\/angel-wings-retreat\/","og_site_name":"At Home","article_modified_time":"2026-03-05T21:50:58+00:00","twitter_card":"summary_large_image","schema":{"@context":"https:\/\/schema.org","@graph":[{"@type":"WebPage","@id":"https:\/\/athome.southcoast.org\/angel-wings-retreat\/","url":"https:\/\/athome.southcoast.org\/angel-wings-retreat\/","name":"Retiro Angel Wings | En casa","isPartOf":{"@id":"https:\/\/athome.southcoast.org\/#website"},"datePublished":"2025-05-29T18:29:07+00:00","dateModified":"2026-03-05T21:50:58+00:00","breadcrumb":{"@id":"https:\/\/athome.southcoast.org\/angel-wings-retreat\/#breadcrumb"},"inLanguage":"es-MX","potentialAction":[{"@type":"ReadAction","target":["https:\/\/athome.southcoast.org\/angel-wings-retreat\/"]}]},{"@type":"BreadcrumbList","@id":"https:\/\/athome.southcoast.org\/angel-wings-retreat\/#breadcrumb","itemListElement":[{"@type":"ListItem","position":1,"name":"","item":"https:\/\/athome.southcoast.org\/"},{"@type":"ListItem","position":2,"name":"Angel Wings Retreat"}]},{"@type":"WebSite","@id":"https:\/\/athome.southcoast.org\/#website","url":"https:\/\/athome.southcoast.org\/","name":"Southcoast Health at Home","description":"","publisher":{"@id":"https:\/\/athome.southcoast.org\/#organization"},"potentialAction":[{"@type":"SearchAction","target":{"@type":"EntryPoint","urlTemplate":"https:\/\/athome.southcoast.org\/?s={search_term_string}"},"query-input":{"@type":"PropertyValueSpecification","valueRequired":true,"valueName":"search_term_string"}}],"inLanguage":"es-MX"},{"@type":"Organization","@id":"https:\/\/athome.southcoast.org\/#organization","name":"Southcoast Health at Home","alternateName":"Southcoast Health","url":"https:\/\/athome.southcoast.org\/","logo":{"@type":"ImageObject","inLanguage":"es-MX","@id":"https:\/\/athome.southcoast.org\/#\/schema\/logo\/image\/","url":"https:\/\/athome.live-southcoast-health-multi.southcoast-health.org\/wp-content\/uploads\/sites\/3\/2025\/06\/AtHome_Logo.png","contentUrl":"https:\/\/athome.live-southcoast-health-multi.southcoast-health.org\/wp-content\/uploads\/sites\/3\/2025\/06\/AtHome_Logo.png","width":450,"height":98,"caption":"Southcoast Health at Home"},"image":{"@id":"https:\/\/athome.southcoast.org\/#\/schema\/logo\/image\/"}}]}},"_links":{"self":[{"href":"https:\/\/athome.southcoast.org\/es\/wp-json\/wp\/v2\/pages\/1960","targetHints":{"allow":["GET"]}}],"collection":[{"href":"https:\/\/athome.southcoast.org\/es\/wp-json\/wp\/v2\/pages"}],"about":[{"href":"https:\/\/athome.southcoast.org\/es\/wp-json\/wp\/v2\/types\/page"}],"author":[{"embeddable":true,"href":"https:\/\/athome.southcoast.org\/es\/wp-json\/wp\/v2\/users\/19"}],"replies":[{"embeddable":true,"href":"https:\/\/athome.southcoast.org\/es\/wp-json\/wp\/v2\/comments?post=1960"}],"version-history":[{"count":78,"href":"https:\/\/athome.southcoast.org\/es\/wp-json\/wp\/v2\/pages\/1960\/revisions"}],"predecessor-version":[{"id":3219,"href":"https:\/\/athome.southcoast.org\/es\/wp-json\/wp\/v2\/pages\/1960\/revisions\/3219"}],"wp:attachment":[{"href":"https:\/\/athome.southcoast.org\/es\/wp-json\/wp\/v2\/media?parent=1960"}],"curies":[{"name":"wp","href":"https:\/\/api.w.org\/{rel}","templated":true}]}}