{"id":1919,"date":"2025-05-28T18:00:20","date_gmt":"2025-05-28T18:00:20","guid":{"rendered":"https:\/\/athome.test-southcoast-health-multi.southcoast-health.org\/?page_id=1919"},"modified":"2025-12-09T20:22:59","modified_gmt":"2025-12-09T20:22:59","slug":"specialty","status":"publish","type":"page","link":"https:\/\/athome.southcoast.org\/es\/our-services\/specialty\/","title":{"rendered":"Atenci\u00f3n domiciliaria especializada"},"content":{"rendered":"<div  class=\"blockSettings    hero-main-block show-breadcrumbs\" style=\"\"><div class=\"background\"><\/div>\n<div class=\"container\">\n\n    <div class=\"breadcrumbsWrapper desktop-breadcrumbs\"><nav id=\"breadcrumbs\" aria-label=\"Migas de pan\"><ol><li><a href=\"https:\/\/athome.southcoast.org\/es\/\"><i class=\"fa-regular fa-house\"><\/i><span class=\"visually-hidden\">Inicio<\/span><\/a><\/li><\/ol><\/nav><\/div><div class=\"breadcrumbsWrapper mobile-breadcrumbs\"><p id=\"mobile-breadcrumbs\"><span><span><a href=\"https:\/\/athome.southcoast.org\/es\"><i class=\"far fa-home\"><\/i><\/a><\/span> <i class=\"fa-solid fa-chevron-right separator\"><\/i> <span><a href=\"https:\/\/athome.southcoast.org\/es\/our-services\/\">Nuestros servicios<\/a><\/span><\/span><\/p><\/div>    <div class=\"grid\">\n        <div class=\"col-bleed-y\">\n            <div class=\"inner-wrap\">\n                <div class=\"content-col\">\n                                            <h1>Atenci\u00f3n domiciliaria especializada<\/h1>\n                                        <div class=\"copy-wrap\">\n                                                    <p><span class=\"TextRun SCXW111496035 BCX0\" lang=\"EN\" xml:lang=\"EN\" data-contrast=\"auto\"><span class=\"NormalTextRun SCXW111496035 BCX0\">Nuestros equipos interdisciplinarios altamente cualificados prestan asistencia avanzada y especializada donde los pacientes m\u00e1s la necesitan, en la comodidad de su hogar. Desde cuidados cardiacos avanzados hasta la gesti\u00f3n de enfermedades cr\u00f3nicas como la diabetes, la insuficiencia cardiaca y la EPOC, ofrecemos una gama completa de servicios de atenci\u00f3n domiciliaria adaptados a las necesidades de apoyo \u00fanicas de cada persona con la que trabajamos. <\/span><\/span><span class=\"EOP SCXW111496035 BCX0\" data-ccp-props=\"{}\">\u00a0<\/span><\/p>\n                                            <\/div>\n                                            <div class=\"cta-wrap\">\n                                                            <a aria-label=\"enlace a Contacto\" class=\"mainCTA shadow dark1\" href=\"https:\/\/athome.southcoast.org\/es\/about\/#contact\" title=\"Abrir Contacto\" >Contacte con nosotros<\/a>                                                                                <\/div>\n                                    <\/div>\n                <div class=\"media-col\">\n                                            <img\n                            class=\"main-img\"\n                            src=\"https:\/\/athome.southcoast.org\/wp-content\/uploads\/sites\/3\/2025\/05\/Lenny-Clair-Conroy-LPN-_-Southcoast-health-at-Home-Aug-2025-6-scaled.jpg\"\n                                                        srcset=\"https:\/\/athome.southcoast.org\/wp-content\/uploads\/sites\/3\/2025\/05\/Lenny-Clair-Conroy-LPN-_-Southcoast-health-at-Home-Aug-2025-6-scaled.jpg 2560w, https:\/\/athome.southcoast.org\/wp-content\/uploads\/sites\/3\/2025\/05\/Lenny-Clair-Conroy-LPN-_-Southcoast-health-at-Home-Aug-2025-6-300x200.jpg 300w, https:\/\/athome.southcoast.org\/wp-content\/uploads\/sites\/3\/2025\/05\/Lenny-Clair-Conroy-LPN-_-Southcoast-health-at-Home-Aug-2025-6-1024x683.jpg 1024w, https:\/\/athome.southcoast.org\/wp-content\/uploads\/sites\/3\/2025\/05\/Lenny-Clair-Conroy-LPN-_-Southcoast-health-at-Home-Aug-2025-6-768x512.jpg 768w, https:\/\/athome.southcoast.org\/wp-content\/uploads\/sites\/3\/2025\/05\/Lenny-Clair-Conroy-LPN-_-Southcoast-health-at-Home-Aug-2025-6-1536x1025.jpg 1536w, https:\/\/athome.southcoast.org\/wp-content\/uploads\/sites\/3\/2025\/05\/Lenny-Clair-Conroy-LPN-_-Southcoast-health-at-Home-Aug-2025-6-2048x1366.jpg 2048w, https:\/\/athome.southcoast.org\/wp-content\/uploads\/sites\/3\/2025\/05\/Lenny-Clair-Conroy-LPN-_-Southcoast-health-at-Home-Aug-2025-6-18x12.jpg 18w\"\n                            sizes=\"(max-width: 768px) 100vw, (max-width: 1200px) 50vw, 800px\"\n                                                        alt=\"southcoast Health at Home\"\n                            loading=\"eager\"\n                            decoding=\"async\"\n                            fetchpriority=\"high\">\n                                                            <img decoding=\"async\" class=\"corner-art\" src=\"https:\/\/athome.southcoast.org\/wp-content\/themes\/southcoast_multisite\/images\/corner-art.svg\">\n                <\/div>\n            <\/div>\n        <\/div>\n    <\/div>\n<\/div>\n\n<script>\n    document.querySelectorAll('.play-button').forEach(button => {\n        button.addEventListener('click', function() {\n            const modal = this.nextElementSibling;\n            modal.style.display = 'block';\n            document.body.style.overflow = 'hidden';\n        });\n    });\n\n    document.querySelectorAll('.close-modal, .modal-overlay').forEach(element => {\n        element.addEventListener('click', function() {\n            const modal = this.closest('.video-modal');\n            modal.style.display = 'none';\n            document.body.style.overflow = '';\n        });\n    });\n<\/script>\n<\/div>\n\n\n<div  class=\"blockSettings  paddingTopSM paddingBottomSM cardsQuickFluid light\" style=\"background-color:#fff;\"><div class=\"container\">\n        <div class=\"grid\">\n        <div class=\"col-sm-12 maincopy\">\n                <div class=\"introWithCta leftAlign\">\n            <div class=\"mainCopyWrap\">\n            <h2>Cuidados de confianza  <\/h2>\n    <div class=\"paragraphWrap\"><p><span data-contrast=\"auto\">Cada uno de nuestros servicios de atenci\u00f3n especializada est\u00e1 a cargo de un equipo experto de enfermeras diplomadas y licenciadas, terapeutas ocupacionales y fisioterapeutas, asistentes terap\u00e9uticos, logopedas, trabajadores sociales m\u00e9dicos y auxiliares sanitarios a domicilio.\u00a0<\/span><span data-ccp-props=\"{}\">\u00a0<\/span><\/p>\n<p><span data-ccp-props=\"{}\">\u00a0<\/span><\/p>\n<p><span data-contrast=\"auto\">Nuestros servicios especializados de atenci\u00f3n domiciliaria en Massachusetts y Rhode Island incluyen:<\/span><span data-ccp-props=\"{}\">\u00a0<\/span><\/p>\n<\/div>    <\/div>\n        <\/div>\n            <\/div>\n\n\n\n    <\/div>\n                <div class=\"blockSeparator\"><\/div>\n        <div class=\"grid\" role=\"list\">\n                                    \n                                    <div class=\"col-sm-6 col-lg-4\" role=\"listitem\">\n                        <span class=\"quick-link\" style=\"\">\n                                                            <i class=\"fa-classic fa-light fa-heart-pulse\"><\/i>\n                                                        <span lang=\"en\">Atenci\u00f3n cardiaca avanzada<\/span>\n                        <\/span>\n                    <\/div>\n                                            \n                                    <div class=\"col-sm-6 col-lg-4\" role=\"listitem\">\n                        <span class=\"quick-link\" style=\"\">\n                                                            <i class=\"fa-classic fa-light fa-stethoscope\"><\/i>\n                                                        <span lang=\"en\">Gesti\u00f3n de enfermedades cr\u00f3nicas<\/span>\n                        <\/span>\n                    <\/div>\n                                            \n                                    <div class=\"col-sm-6 col-lg-4\" role=\"listitem\">\n                        <span class=\"quick-link\" style=\"\">\n                                                            <i class=\"fa-classic fa-light fa-house-chimney-heart\"><\/i>\n                                                        <span lang=\"en\">Cuidados paliativos<\/span>\n                        <\/span>\n                    <\/div>\n                                            \n                                    <div class=\"col-sm-6 col-lg-4\" role=\"listitem\">\n                        <span class=\"quick-link\" style=\"\">\n                                                            <i class=\"fa-classic fa-light fa-person-running\"><\/i>\n                                                        <span lang=\"en\">Cuidados postoperatorios de las pr\u00f3tesis articulares<\/span>\n                        <\/span>\n                    <\/div>\n                                            \n                                    <div class=\"col-sm-6 col-lg-4\" role=\"listitem\">\n                        <span class=\"quick-link\" style=\"\">\n                                                            <i class=\"fa-classic fa-light fa-head-side-medical\"><\/i>\n                                                        <span lang=\"en\">Salud maternoinfantil<\/span>\n                        <\/span>\n                    <\/div>\n                                            \n                                    <div class=\"col-sm-6 col-lg-4\" role=\"listitem\">\n                        <span class=\"quick-link\" style=\"\">\n                                                            <i class=\"fa-classic fa-light fa-camera-web\"><\/i>\n                                                        <span lang=\"en\">Monitorizaci\u00f3n remota de pacientes<\/span>\n                        <\/span>\n                    <\/div>\n                                            \n                                    <div class=\"col-sm-6 col-lg-4\" role=\"listitem\">\n                        <span class=\"quick-link\" style=\"\">\n                                                            <i class=\"fa-classic fa-light fa-bandage\"><\/i>\n                                                        <span lang=\"en\">Cuidados de heridas y ostom\u00edas<\/span>\n                        <\/span>\n                    <\/div>\n                                        <\/div>\n<\/div>\n<\/div>\n\n\n<div id=\"\" class=\"bannerFluidTwo paddingTopNone paddingBottomNone\">\n    \n        <div class=\"grid\">\n            <div class=\"col-sm-12 col-bleed\">\n                <div class=\"banner-content-wrap  darkTheme\" style=\"background-image:url(https:\/\/athome.southcoast.org\/wp-content\/uploads\/sites\/3\/2025\/06\/565833e567a4025a013f1b09a464da09745c8d50-scaled-e1748882906203.jpg);background-size:cover;background-position:center center; \">\n                    \n                                            <div class=\"overlay\" style=\"\"><\/div>\n                    \n                    <div class=\"banner-content container\">\n                            <div class=\"mainCopyWrap\">\n            <h2>Los cuidados que necesita en los lugares que ama  <\/h2>\n    <div class=\"paragraphWrap\"><p>Nuestro equipo de expertos m\u00e9dicos est\u00e1 formado para proporcionar la asistencia domiciliaria especializada de mayor calidad disponible, colaborando con sus m\u00e9dicos para crear el sistema de apoyo perfecto para sus necesidades.  <\/p><\/div>    <\/div>\n                            \n                    <\/div>\n                <\/div>\n            <\/div>\n        <\/div>\n\n        <\/div>\n\n\n<div  class=\"blockSettings  paddingTopMD paddingBottomMD cardsQuickFluid light\" style=\"\"><div class=\"container\">\n        <div class=\"grid\">\n        <div class=\"col-sm-12 maincopy\">\n                <div class=\"introWithCta leftAlign\">\n            <div class=\"mainCopyWrap\">\n            <h2>Encuentre la atenci\u00f3n que necesita <\/h2>\n    <div class=\"paragraphWrap\"><p><span class=\"TextRun SCXW226046106 BCX0\" lang=\"EN-US\" xml:lang=\"EN-US\" data-contrast=\"auto\"><span class=\"NormalTextRun SCXW226046106 BCX0\">Descubra el plan de atenci\u00f3n domiciliaria especializada <\/span><span class=\"NormalTextRun SCXW226046106 BCX0\">eso es<\/span><span class=\"NormalTextRun SCXW226046106 BCX0\"> adecuado para ti.<\/span><\/span><\/p>\n<\/div>    <\/div>\n        <\/div>\n            <\/div>\n\n\n\n    <\/div>\n                <div class=\"blockSeparator\"><\/div>\n        <div class=\"grid\" role=\"list\">\n                                        <div class=\"col-sm-6 col-lg-auto\" role=\"listitem\">\n                        <a href=\"https:\/\/athome.southcoast.org\/es\/#testimonials\" target=\"_self\" class=\"quick-link\" style=\"\">\n                                                            <i class=\"fa-classic fa-light fa-arrow-up-right\"><\/i>\n                                                        <span lang=\"en\">Testimonios<\/span>\n                            <i class=\"fa-solid fa-arrow-up-right\"><\/i>\n                        <\/a>\n                    <\/div>\n                                \n                                                <div class=\"col-sm-6 col-lg-auto\" role=\"listitem\">\n                        <a href=\"\/es\/our-services\/#map\" target=\"_self\" class=\"quick-link\" style=\"\">\n                                                            <i class=\"fa-classic fa-light fa-arrow-up-right\"><\/i>\n                                                        <span lang=\"en\">Servicios cercanos<\/span>\n                            <i class=\"fa-solid fa-arrow-up-right\"><\/i>\n                        <\/a>\n                    <\/div>\n                                \n                                                <div class=\"col-sm-6 col-lg-auto\" role=\"listitem\">\n                        <a href=\"\/es\/about\/#faqs\" target=\"_self\" class=\"quick-link\" style=\"\">\n                                                            <i class=\"fa-classic fa-light fa-arrow-up-right\"><\/i>\n                                                        <span lang=\"en\">Preguntas frecuentes<\/span>\n                            <i class=\"fa-solid fa-arrow-up-right\"><\/i>\n                        <\/a>\n                    <\/div>\n                                \n                                        <\/div>\n<\/div>\n<\/div>","protected":false},"excerpt":{"rendered":"","protected":false},"author":7,"featured_media":0,"parent":2011,"menu_order":0,"comment_status":"closed","ping_status":"closed","template":"","meta":{"_acf_changed":false,"footnotes":""},"class_list":["post-1919","page","type-page","status-publish","hentry"],"acf":[],"yoast_head":"<!-- This site is optimized with the Yoast SEO plugin v26.0 - https:\/\/yoast.com\/wordpress\/plugins\/seo\/ -->\n<title>Specialty Home Care | At Home<\/title>\n<meta name=\"robots\" content=\"index, follow, max-snippet:-1, max-image-preview:large, max-video-preview:-1\" \/>\n<link rel=\"canonical\" href=\"https:\/\/athome.southcoast.org\/es\/our-services\/specialty\/\" \/>\n<meta property=\"og:locale\" content=\"es_MX\" \/>\n<meta property=\"og:type\" content=\"article\" \/>\n<meta property=\"og:title\" content=\"Specialty Home Care | At Home\" \/>\n<meta property=\"og:url\" content=\"https:\/\/athome.southcoast.org\/es\/our-services\/specialty\/\" \/>\n<meta property=\"og:site_name\" content=\"At Home\" \/>\n<meta property=\"article:modified_time\" content=\"2025-12-09T20:22:59+00:00\" \/>\n<meta name=\"twitter:card\" content=\"summary_large_image\" \/>\n<script type=\"application\/ld+json\" class=\"yoast-schema-graph\">{\"@context\":\"https:\/\/schema.org\",\"@graph\":[{\"@type\":\"WebPage\",\"@id\":\"https:\/\/athome.southcoast.org\/our-services\/specialty\/\",\"url\":\"https:\/\/athome.southcoast.org\/our-services\/specialty\/\",\"name\":\"Specialty Home Care | At Home\",\"isPartOf\":{\"@id\":\"https:\/\/athome.southcoast.org\/#website\"},\"datePublished\":\"2025-05-28T18:00:20+00:00\",\"dateModified\":\"2025-12-09T20:22:59+00:00\",\"breadcrumb\":{\"@id\":\"https:\/\/athome.southcoast.org\/our-services\/specialty\/#breadcrumb\"},\"inLanguage\":\"es-MX\",\"potentialAction\":[{\"@type\":\"ReadAction\",\"target\":[\"https:\/\/athome.southcoast.org\/our-services\/specialty\/\"]}]},{\"@type\":\"BreadcrumbList\",\"@id\":\"https:\/\/athome.southcoast.org\/our-services\/specialty\/#breadcrumb\",\"itemListElement\":[{\"@type\":\"ListItem\",\"position\":1,\"name\":\"\",\"item\":\"https:\/\/athome.southcoast.org\/\"},{\"@type\":\"ListItem\",\"position\":2,\"name\":\"Our Services\",\"item\":\"https:\/\/athome.southcoast.org\/our-services\/\"},{\"@type\":\"ListItem\",\"position\":3,\"name\":\"Specialty Home Care\"}]},{\"@type\":\"WebSite\",\"@id\":\"https:\/\/athome.southcoast.org\/#website\",\"url\":\"https:\/\/athome.southcoast.org\/\",\"name\":\"Southcoast Health at Home\",\"description\":\"\",\"publisher\":{\"@id\":\"https:\/\/athome.southcoast.org\/#organization\"},\"potentialAction\":[{\"@type\":\"SearchAction\",\"target\":{\"@type\":\"EntryPoint\",\"urlTemplate\":\"https:\/\/athome.southcoast.org\/?s={search_term_string}\"},\"query-input\":{\"@type\":\"PropertyValueSpecification\",\"valueRequired\":true,\"valueName\":\"search_term_string\"}}],\"inLanguage\":\"es-MX\"},{\"@type\":\"Organization\",\"@id\":\"https:\/\/athome.southcoast.org\/#organization\",\"name\":\"Southcoast Health at Home\",\"alternateName\":\"Southcoast Health\",\"url\":\"https:\/\/athome.southcoast.org\/\",\"logo\":{\"@type\":\"ImageObject\",\"inLanguage\":\"es-MX\",\"@id\":\"https:\/\/athome.southcoast.org\/#\/schema\/logo\/image\/\",\"url\":\"https:\/\/athome.live-southcoast-health-multi.southcoast-health.org\/wp-content\/uploads\/sites\/3\/2025\/06\/AtHome_Logo.png\",\"contentUrl\":\"https:\/\/athome.live-southcoast-health-multi.southcoast-health.org\/wp-content\/uploads\/sites\/3\/2025\/06\/AtHome_Logo.png\",\"width\":450,\"height\":98,\"caption\":\"Southcoast Health at Home\"},\"image\":{\"@id\":\"https:\/\/athome.southcoast.org\/#\/schema\/logo\/image\/\"}}]}<\/script>\n<!-- \/ Yoast SEO plugin. -->","yoast_head_json":{"title":"Specialty Home Care | At Home","robots":{"index":"index","follow":"follow","max-snippet":"max-snippet:-1","max-image-preview":"max-image-preview:large","max-video-preview":"max-video-preview:-1"},"canonical":"https:\/\/athome.southcoast.org\/es\/our-services\/specialty\/","og_locale":"es_MX","og_type":"article","og_title":"Specialty Home Care | At Home","og_url":"https:\/\/athome.southcoast.org\/es\/our-services\/specialty\/","og_site_name":"At Home","article_modified_time":"2025-12-09T20:22:59+00:00","twitter_card":"summary_large_image","schema":{"@context":"https:\/\/schema.org","@graph":[{"@type":"WebPage","@id":"https:\/\/athome.southcoast.org\/our-services\/specialty\/","url":"https:\/\/athome.southcoast.org\/our-services\/specialty\/","name":"Specialty Home Care | At Home","isPartOf":{"@id":"https:\/\/athome.southcoast.org\/#website"},"datePublished":"2025-05-28T18:00:20+00:00","dateModified":"2025-12-09T20:22:59+00:00","breadcrumb":{"@id":"https:\/\/athome.southcoast.org\/our-services\/specialty\/#breadcrumb"},"inLanguage":"es-MX","potentialAction":[{"@type":"ReadAction","target":["https:\/\/athome.southcoast.org\/our-services\/specialty\/"]}]},{"@type":"BreadcrumbList","@id":"https:\/\/athome.southcoast.org\/our-services\/specialty\/#breadcrumb","itemListElement":[{"@type":"ListItem","position":1,"name":"","item":"https:\/\/athome.southcoast.org\/"},{"@type":"ListItem","position":2,"name":"Our Services","item":"https:\/\/athome.southcoast.org\/our-services\/"},{"@type":"ListItem","position":3,"name":"Specialty Home Care"}]},{"@type":"WebSite","@id":"https:\/\/athome.southcoast.org\/#website","url":"https:\/\/athome.southcoast.org\/","name":"Southcoast Health at Home","description":"","publisher":{"@id":"https:\/\/athome.southcoast.org\/#organization"},"potentialAction":[{"@type":"SearchAction","target":{"@type":"EntryPoint","urlTemplate":"https:\/\/athome.southcoast.org\/?s={search_term_string}"},"query-input":{"@type":"PropertyValueSpecification","valueRequired":true,"valueName":"search_term_string"}}],"inLanguage":"es-MX"},{"@type":"Organization","@id":"https:\/\/athome.southcoast.org\/#organization","name":"Southcoast Health at Home","alternateName":"Southcoast Health","url":"https:\/\/athome.southcoast.org\/","logo":{"@type":"ImageObject","inLanguage":"es-MX","@id":"https:\/\/athome.southcoast.org\/#\/schema\/logo\/image\/","url":"https:\/\/athome.live-southcoast-health-multi.southcoast-health.org\/wp-content\/uploads\/sites\/3\/2025\/06\/AtHome_Logo.png","contentUrl":"https:\/\/athome.live-southcoast-health-multi.southcoast-health.org\/wp-content\/uploads\/sites\/3\/2025\/06\/AtHome_Logo.png","width":450,"height":98,"caption":"Southcoast Health at Home"},"image":{"@id":"https:\/\/athome.southcoast.org\/#\/schema\/logo\/image\/"}}]}},"_links":{"self":[{"href":"https:\/\/athome.southcoast.org\/es\/wp-json\/wp\/v2\/pages\/1919","targetHints":{"allow":["GET"]}}],"collection":[{"href":"https:\/\/athome.southcoast.org\/es\/wp-json\/wp\/v2\/pages"}],"about":[{"href":"https:\/\/athome.southcoast.org\/es\/wp-json\/wp\/v2\/types\/page"}],"author":[{"embeddable":true,"href":"https:\/\/athome.southcoast.org\/es\/wp-json\/wp\/v2\/users\/7"}],"replies":[{"embeddable":true,"href":"https:\/\/athome.southcoast.org\/es\/wp-json\/wp\/v2\/comments?post=1919"}],"version-history":[{"count":39,"href":"https:\/\/athome.southcoast.org\/es\/wp-json\/wp\/v2\/pages\/1919\/revisions"}],"predecessor-version":[{"id":3063,"href":"https:\/\/athome.southcoast.org\/es\/wp-json\/wp\/v2\/pages\/1919\/revisions\/3063"}],"up":[{"embeddable":true,"href":"https:\/\/athome.southcoast.org\/es\/wp-json\/wp\/v2\/pages\/2011"}],"wp:attachment":[{"href":"https:\/\/athome.southcoast.org\/es\/wp-json\/wp\/v2\/media?parent=1919"}],"curies":[{"name":"wp","href":"https:\/\/api.w.org\/{rel}","templated":true}]}}