{"id":1834,"date":"2025-05-12T17:21:58","date_gmt":"2025-05-12T17:21:58","guid":{"rendered":"https:\/\/athome.test-southcoast-health-multi.southcoast-health.org\/?page_id=1834"},"modified":"2025-10-20T20:06:39","modified_gmt":"2025-10-20T20:06:39","slug":"appointments-and-referrals","status":"publish","type":"page","link":"https:\/\/athome.southcoast.org\/es\/appointments-and-referrals\/","title":{"rendered":"Remisiones"},"content":{"rendered":"<div  class=\"blockSettings  paddingTopSM paddingBottomSM heroBasicFluid darkTheme\" style=\"background-image:url(https:\/\/athome.southcoast.org\/wp-content\/uploads\/sites\/3\/2025\/10\/GettyImages-1711953029.jpg);background-size:cover;background-position:center center;\"><div class=\"overlay\"><\/div><div class=\"container\">\n            <div class=\"grid\">\n            <div class=\"col-sm-12 col-bleed-y\">\n                <div class=\"Center\">\n                    <div class=\"breadcrumbsWrapper desktop-breadcrumbs\"><nav id=\"breadcrumbs\" aria-label=\"Migas de pan\"><ol><li><a href=\"https:\/\/athome.southcoast.org\/es\/\"><i class=\"fa-regular fa-house\"><\/i><span class=\"visually-hidden\">Inicio<\/span><\/a><\/li><\/ol><\/nav><\/div><div class=\"breadcrumbsWrapper mobile-breadcrumbs\"><p id=\"mobile-breadcrumbs\" class=\"mobile-back-nav\"><span><span><a href=\"#\" onclick=\"return handleBackNavigation();\"><i class=\"fa-solid fa-chevron-left back-arrow\"><\/i> Volver<\/a><\/span><\/span><\/p>\t\t<script>\n\t\t\tfunction handleBackNavigation() {\n\t\t\t\tif (window.history.length > 1) {\n\t\t\t\t\twindow.history.back();\n\t\t\t\t} else {\n\t\t\t\t\twindow.location.href = 'https:\/\/athome.southcoast.org\/es';\n\t\t\t\t}\n\t\t\t\treturn false;\n\t\t\t}\n\t\t<\/script>\n<\/div>                <\/div>\n            <\/div>\n        <\/div>\n        <div class=\"grid align-center\">\n        <div class=\"col-sm-10\">\n            <div class=\"Center\">\n\n                    <div class=\"mainCopyWrap\">\n            <h1>Remitir un paciente a Southcoast Health at Home<\/h1>\n    <div class=\"paragraphWrap\"><p>Southcoast Health at Home ofrece servicios de derivaci\u00f3n de confianza para pacientes que necesitan atenci\u00f3n domiciliaria compasiva e integral en Massachusetts y Rhode Island. Aceptamos derivaciones de pacientes de m\u00e9dicos, hospitales, centros de enfermer\u00eda especializada, residencias de ancianos, agencias comunitarias y particulares. <\/p><\/div>    <\/div>\n    \n                \n            <\/div>\n        <\/div>\n    <\/div>\n<\/div>\n    <div class=\"cornerArtWrapper cornerArt-small\">\n        <img decoding=\"async\" class=\"cornerArt\" src=\"https:\/\/athome.southcoast.org\/wp-content\/themes\/southcoast_multisite\/images\/corner-art.svg\" alt=\"\">\n    <\/div>\n<\/div>\n\n\n\n\n<div  class=\"blockSettings  paddingTopMD paddingBottomMD media-object-block light\" style=\"\"><div class=\"container\">\n\t<div class=\"grid\">\n\t\t<div class=\"col-sm-12\">\n\t\t\t<div class=\"inner image-left list-style-disc inner-white-bg\" style=\"background-color: #fff;\">\n\t\t\t\t<div class=\"copy\">\n\t\t\t\t\t    <div class=\"mainCopyWrap\">\n            <h2>Proceso de remisi\u00f3n<\/h2>\n    <div class=\"paragraphWrap\"><p><span data-contrast=\"auto\">Nuestro equipo se dedica a hacer que el proceso de remisi\u00f3n sea lo m\u00e1s fluido posible. Nos encargamos de todos los aspectos, incluidos:<\/span><span data-ccp-props=\"{}\">\u00a0<\/span><\/p>\n<ul>\n<li data-leveltext=\"\u25cf\" data-font=\"\" data-listid=\"1\" data-list-defn-props=\"{&quot;335552541&quot;:1,&quot;335559685&quot;:720,&quot;335559991&quot;:360,&quot;469769242&quot;:[8226],&quot;469777803&quot;:&quot;left&quot;,&quot;469777804&quot;:&quot;\u25cf&quot;,&quot;469777815&quot;:&quot;multilevel&quot;}\" data-aria-posinset=\"1\" data-aria-level=\"1\"><span data-contrast=\"auto\">Coordinarse con los profesionales sanitarios para garantizar una transici\u00f3n fluida y oportuna a la atenci\u00f3n domiciliaria.<\/span><span data-ccp-props=\"{}\">\u00a0<\/span><\/li>\n<\/ul>\n<ul>\n<li data-leveltext=\"\u25cf\" data-font=\"\" data-listid=\"1\" data-list-defn-props=\"{&quot;335552541&quot;:1,&quot;335559685&quot;:720,&quot;335559991&quot;:360,&quot;469769242&quot;:[8226],&quot;469777803&quot;:&quot;left&quot;,&quot;469777804&quot;:&quot;\u25cf&quot;,&quot;469777815&quot;:&quot;multilevel&quot;}\" data-aria-posinset=\"2\" data-aria-level=\"1\"><span data-contrast=\"auto\">Obtener todas las autorizaciones m\u00e9dicas necesarias<\/span><span data-ccp-props=\"{}\">\u00a0<\/span><\/li>\n<\/ul>\n<ul>\n<li data-leveltext=\"\u25cf\" data-font=\"\" data-listid=\"1\" data-list-defn-props=\"{&quot;335552541&quot;:1,&quot;335559685&quot;:720,&quot;335559991&quot;:360,&quot;469769242&quot;:[8226],&quot;469777803&quot;:&quot;left&quot;,&quot;469777804&quot;:&quot;\u25cf&quot;,&quot;469777815&quot;:&quot;multilevel&quot;}\" data-aria-posinset=\"3\" data-aria-level=\"1\"><span data-contrast=\"auto\">Facilitar el pedido de suministros m\u00e9dicos esenciales<\/span><span data-ccp-props=\"{}\">\u00a0<\/span><\/li>\n<\/ul>\n<ul>\n<li data-leveltext=\"\u25cf\" data-font=\"\" data-listid=\"1\" data-list-defn-props=\"{&quot;335552541&quot;:1,&quot;335559685&quot;:720,&quot;335559991&quot;:360,&quot;469769242&quot;:[8226],&quot;469777803&quot;:&quot;left&quot;,&quot;469777804&quot;:&quot;\u25cf&quot;,&quot;469777815&quot;:&quot;multilevel&quot;}\" data-aria-posinset=\"4\" data-aria-level=\"1\"><span data-contrast=\"auto\">Dar respuestas claras sobre las ventajas y opciones de la asistencia a domicilio<\/span><span data-ccp-props=\"{}\">\u00a0<\/span><\/li>\n<\/ul>\n<ul>\n<li data-leveltext=\"\u25cf\" data-font=\"\" data-listid=\"1\" data-list-defn-props=\"{&quot;335552541&quot;:1,&quot;335559685&quot;:720,&quot;335559991&quot;:360,&quot;469769242&quot;:[8226],&quot;469777803&quot;:&quot;left&quot;,&quot;469777804&quot;:&quot;\u25cf&quot;,&quot;469777815&quot;:&quot;multilevel&quot;}\" data-aria-posinset=\"5\" data-aria-level=\"1\"><span data-contrast=\"auto\">Ayudar a los pacientes a ponerse en contacto con un m\u00e9dico de atenci\u00f3n primaria si no tienen uno en la actualidad.<\/span><span data-ccp-props=\"{}\">\u00a0<\/span><\/li>\n<\/ul>\n<\/div>    <\/div>\n    \t\t\t\t<\/div>\n\t\t\t\t\t\t\t\t<div class=\"images\">\n\t\t\t\t\t\t<img decoding=\"async\" class=\"single\" src=\"https:\/\/athome.southcoast.org\/wp-content\/uploads\/sites\/3\/2025\/10\/Southcoast-at-Home-PT-August-2025-11-scaled.jpg\" alt=\"Southcoast Health At Home\">\n\t\t\t\t\t\t\t\t\t\t<\/div>\n\t\t\t\t\n\t\t\t<\/div>\n\t\t<\/div>\n\t<\/div>\n<\/div>\n<\/div>\n\n\n<div  class=\"blockSettings  paddingTopMD paddingBottomMD media-object-block light\" style=\"background-color:#E9F7F4;\"><div class=\"container\">\n\t<div class=\"grid\">\n\t\t<div class=\"col-sm-12\">\n\t\t\t<div class=\"inner image-right list-style-disc inner-bg\" style=\"background-color: #E9F7F4;\">\n\t\t\t\t<div class=\"copy\">\n\t\t\t\t\t    <div class=\"mainCopyWrap\">\n            <h2>Asistencia asequible, recursos accesibles <\/h2>\n    <div class=\"paragraphWrap\"><p><span class=\"TextRun SCXW232838848 BCX0\" lang=\"EN-US\" xml:lang=\"EN-US\" data-contrast=\"auto\"><span class=\"NormalTextRun SCXW232838848 BCX0\">Aceptamos seguros privados, Medicare, Medicaid y pago directo. <\/span><span class=\"NormalTextRun ContextualSpellingAndGrammarErrorV2Themed SCXW232838848 BCX0\">pago<\/span><span class=\"NormalTextRun SCXW232838848 BCX0\"> de los pacientes. Y lo que es m\u00e1s importante, la atenci\u00f3n est\u00e1 disponible para cualquier persona que la necesite, independientemente de su capacidad de pago. Puede estar tranquilo sabiendo que todos los pacientes remitidos recibir\u00e1n la atenci\u00f3n y los cuidados que realmente merecen.<\/span><\/span><span class=\"EOP SCXW232838848 BCX0\" data-ccp-props=\"{}\">\u00a0<\/span><\/p>\n<p><span class=\"TextRun SCXW244501955 BCX0\" lang=\"EN-US\" xml:lang=\"EN-US\" data-contrast=\"auto\"><span class=\"NormalTextRun SCXW244501955 BCX0\">Para los profesionales de la salud, ofrecemos una gran cantidad de recursos de proveedores para <\/span><span class=\"NormalTextRun SCXW244501955 BCX0\">asista a<\/span><span class=\"NormalTextRun SCXW244501955 BCX0\"> durante todo el proceso de derivaci\u00f3n. Para derivar a un paciente, rellene nuestro formulario de derivaci\u00f3n m\u00e9dica. Nuestros servicios de derivaci\u00f3n garantizan que cada paciente reciba la atenci\u00f3n y el apoyo personalizados que necesita, todo ello en la comodidad de su hogar.<\/span><\/span><span class=\"EOP SCXW244501955 BCX0\" data-ccp-props=\"{}\">\u00a0<\/span><\/p>\n<\/div>    <\/div>\n        <div class=\"ctaWrap\">\n                    <a aria-label=\"Enlace al formulario de remisi\u00f3n\" class=\"mainCTA shadow light1\" href=\"https:\/\/athome.southcoast.org\/wp-content\/uploads\/sites\/3\/2025\/09\/SHAH-Physcian-Referral-Form.pdf\" target=\"_blank\" title=\"Abre el formulario de remisi\u00f3n en una nueva pesta\u00f1a o ventana\" rel=\"noopener noreferrer\">Formulario de remisi\u00f3n<span class=\"fa-regular fa-download\"><\/span><\/a>            <\/div>\n    \t\t\t\t<\/div>\n\t\t\t\t\t\t\t\t<div class=\"images\">\n\t\t\t\t\t\t<img decoding=\"async\" class=\"single\" src=\"https:\/\/athome.southcoast.org\/wp-content\/uploads\/sites\/3\/2025\/10\/Southcoast-at-Home-PT-August-2025-8-scaled.jpg\" alt=\"Southcoast Health at Home\">\n\t\t\t\t\t\t\t\t\t\t<\/div>\n\t\t\t\t\n\t\t\t<\/div>\n\t\t<\/div>\n\t<\/div>\n<\/div>\n<\/div>\n\n\n<div  class=\"blockSettings  paddingTopSM paddingBottomSM multiple-media-object-block light\" style=\"background-color:#fff;\"><div class=\"container\">\n    <div class=\"grid\">\n        <div class=\"col-sm-12\">\n            <div class=\"inner left disc\">\n                <div class=\"copy\">\n                        <div class=\"mainCopyWrap\">\n            <h2>Southcoast Health at Home Oportunidades de Empleo en MA y RI <\/h2>\n    <div class=\"paragraphWrap\"><p><span data-contrast=\"auto\">Si busca una carrera que le ofrezca crecimiento profesional y realizaci\u00f3n personal, Southcoast Health at Home puede tener el puesto perfecto para usted. Cada vez son m\u00e1s los profesionales sanitarios que eligen el gratificante campo de la coordinaci\u00f3n de la atenci\u00f3n domiciliaria, donde sus habilidades marcan una diferencia significativa en la vida de pacientes de todas las edades.<\/span><\/p>\n<p><span data-contrast=\"auto\">Southcoast Health tambi\u00e9n ofrece numerosas oportunidades educativas y laborales para profesionales sanitarios en el sureste de Massachusetts y Rhode Island. Adem\u00e1s, contamos con un programa de referencias para poner en contacto a profesionales con talento con nuestro equipo.<\/span><span data-ccp-props=\"{}\">\u00a0<\/span><\/p>\n<\/div>    <\/div>\n    \n                <\/div>\n                <div class=\"images\">\n                                            <img decoding=\"async\" class=\"first\" src=\"https:\/\/athome.southcoast.org\/wp-content\/uploads\/sites\/3\/2025\/10\/Baby-Christian-_-Southcoast-Health-at-Home-Maternity-9-scaled.jpg\" alt=\"Southcoast Health At Home\">\n                                                                <img decoding=\"async\" class=\"second\" src=\"https:\/\/athome.southcoast.org\/wp-content\/uploads\/sites\/3\/2025\/05\/Southcoast-at-Home-PT-August-2025-2-scaled.jpg\" alt=\"Southcoast Health At Home\">\n                                                                <img decoding=\"async\" class=\"third\" src=\"https:\/\/athome.southcoast.org\/wp-content\/uploads\/sites\/3\/2025\/05\/Lenny-Clair-Conroy-LPN-_-Southcoast-health-at-Home-Aug-2025-2-scaled.jpg\" alt=\"Southcoast Health At Home\">\n                                    <\/div>\n\n            <\/div>\n        <\/div>\n    <\/div>\n<\/div>\n<\/div>\n\n\n\n\n<div  class=\"blockSettings  paddingTopMD paddingBottomMD bannerFluid light\" style=\"\"><div class=\"container\">\n    <div class=\"grid\">\n        <div class=\"col-sm-12\">\n            <div class=\"inner\">\n                                    <img decoding=\"async\" class=\"pulse\" src=\"https:\/\/athome.southcoast.org\/wp-content\/themes\/southcoast_multisite\/images\/pulse.svg\" alt=\"\">\n                                <div class=\"copy\">\n                        <div class=\"mainCopyWrap\">\n            <h3>Consulte nuestras ofertas de empleo actuales para profesionales sanitarios y solicite los puestos que se ajusten a sus cualificaciones a trav\u00e9s de nuestro portal para profesionales sanitarios. Ofrecemos interesantes oportunidades en atenci\u00f3n cl\u00ednica, incluidos puestos centrados en derivaciones cl\u00ednicas y atenci\u00f3n al paciente.<\/h3>\n        <\/div>\n        <div class=\"ctaWrap\">\n                    <a aria-label=\"enlace a Explorar oportunidades\" class=\"mainCTA shadow dark1\" href=\"https:\/\/careers-southcoast.icims.com\/jobs\/search?ss=1&#038;searchKeyword=VNA&#038;searchRelation=keyword_all\" target=\"_blank\" title=\"Abre Explorar oportunidades en una nueva pesta\u00f1a o ventana\" rel=\"noopener noreferrer\">Explorar oportunidades<span class=\"fa-regular fa-up-right-from-square\"><\/span><\/a>            <\/div>\n                    <\/div>\n                <div class=\"media\">\n                    \n                        <img decoding=\"async\" class=\"doctor\" src=\"https:\/\/athome.southcoast.org\/wp-content\/uploads\/sites\/3\/2025\/05\/Dr.-Nosheen-Javed-6-1.png\" alt=\"Image of Dr. Nosheen Javed\">\n                        <img decoding=\"async\" class=\"graphical\" src=\"https:\/\/athome.southcoast.org\/wp-content\/themes\/southcoast_multisite\/images\/corner-art.svg\" alt=\"\">\n\n\n                                    <\/div>\n            <\/div>\n        <\/div>\n    <\/div>\n<\/div>\n<\/div>","protected":false},"excerpt":{"rendered":"","protected":false},"author":5,"featured_media":0,"parent":0,"menu_order":0,"comment_status":"closed","ping_status":"closed","template":"","meta":{"_acf_changed":false,"footnotes":""},"class_list":["post-1834","page","type-page","status-publish","hentry"],"acf":[],"yoast_head":"<!-- This site is optimized with the Yoast SEO plugin v26.0 - https:\/\/yoast.com\/wordpress\/plugins\/seo\/ -->\n<title>Referrals | At Home<\/title>\n<meta name=\"robots\" content=\"index, follow, max-snippet:-1, max-image-preview:large, max-video-preview:-1\" \/>\n<link rel=\"canonical\" href=\"https:\/\/athome.southcoast.org\/es\/appointments-and-referrals\/\" \/>\n<meta property=\"og:locale\" content=\"es_MX\" \/>\n<meta property=\"og:type\" content=\"article\" \/>\n<meta property=\"og:title\" content=\"Referrals | At Home\" \/>\n<meta property=\"og:url\" content=\"https:\/\/athome.southcoast.org\/es\/appointments-and-referrals\/\" \/>\n<meta property=\"og:site_name\" content=\"At Home\" \/>\n<meta property=\"article:modified_time\" content=\"2025-10-20T20:06:39+00:00\" \/>\n<meta name=\"twitter:card\" content=\"summary_large_image\" \/>\n<script type=\"application\/ld+json\" class=\"yoast-schema-graph\">{\"@context\":\"https:\/\/schema.org\",\"@graph\":[{\"@type\":\"WebPage\",\"@id\":\"https:\/\/athome.southcoast.org\/appointments-and-referrals\/\",\"url\":\"https:\/\/athome.southcoast.org\/appointments-and-referrals\/\",\"name\":\"Referrals | At Home\",\"isPartOf\":{\"@id\":\"https:\/\/athome.southcoast.org\/#website\"},\"datePublished\":\"2025-05-12T17:21:58+00:00\",\"dateModified\":\"2025-10-20T20:06:39+00:00\",\"breadcrumb\":{\"@id\":\"https:\/\/athome.southcoast.org\/appointments-and-referrals\/#breadcrumb\"},\"inLanguage\":\"es-MX\",\"potentialAction\":[{\"@type\":\"ReadAction\",\"target\":[\"https:\/\/athome.southcoast.org\/appointments-and-referrals\/\"]}]},{\"@type\":\"BreadcrumbList\",\"@id\":\"https:\/\/athome.southcoast.org\/appointments-and-referrals\/#breadcrumb\",\"itemListElement\":[{\"@type\":\"ListItem\",\"position\":1,\"name\":\"\",\"item\":\"https:\/\/athome.southcoast.org\/\"},{\"@type\":\"ListItem\",\"position\":2,\"name\":\"Referrals\"}]},{\"@type\":\"WebSite\",\"@id\":\"https:\/\/athome.southcoast.org\/#website\",\"url\":\"https:\/\/athome.southcoast.org\/\",\"name\":\"Southcoast Health at Home\",\"description\":\"\",\"publisher\":{\"@id\":\"https:\/\/athome.southcoast.org\/#organization\"},\"potentialAction\":[{\"@type\":\"SearchAction\",\"target\":{\"@type\":\"EntryPoint\",\"urlTemplate\":\"https:\/\/athome.southcoast.org\/?s={search_term_string}\"},\"query-input\":{\"@type\":\"PropertyValueSpecification\",\"valueRequired\":true,\"valueName\":\"search_term_string\"}}],\"inLanguage\":\"es-MX\"},{\"@type\":\"Organization\",\"@id\":\"https:\/\/athome.southcoast.org\/#organization\",\"name\":\"Southcoast Health at Home\",\"alternateName\":\"Southcoast Health\",\"url\":\"https:\/\/athome.southcoast.org\/\",\"logo\":{\"@type\":\"ImageObject\",\"inLanguage\":\"es-MX\",\"@id\":\"https:\/\/athome.southcoast.org\/#\/schema\/logo\/image\/\",\"url\":\"https:\/\/athome.live-southcoast-health-multi.southcoast-health.org\/wp-content\/uploads\/sites\/3\/2025\/06\/AtHome_Logo.png\",\"contentUrl\":\"https:\/\/athome.live-southcoast-health-multi.southcoast-health.org\/wp-content\/uploads\/sites\/3\/2025\/06\/AtHome_Logo.png\",\"width\":450,\"height\":98,\"caption\":\"Southcoast Health at Home\"},\"image\":{\"@id\":\"https:\/\/athome.southcoast.org\/#\/schema\/logo\/image\/\"}}]}<\/script>\n<!-- \/ Yoast SEO plugin. -->","yoast_head_json":{"title":"Referrals | At Home","robots":{"index":"index","follow":"follow","max-snippet":"max-snippet:-1","max-image-preview":"max-image-preview:large","max-video-preview":"max-video-preview:-1"},"canonical":"https:\/\/athome.southcoast.org\/es\/appointments-and-referrals\/","og_locale":"es_MX","og_type":"article","og_title":"Referrals | At Home","og_url":"https:\/\/athome.southcoast.org\/es\/appointments-and-referrals\/","og_site_name":"At Home","article_modified_time":"2025-10-20T20:06:39+00:00","twitter_card":"summary_large_image","schema":{"@context":"https:\/\/schema.org","@graph":[{"@type":"WebPage","@id":"https:\/\/athome.southcoast.org\/appointments-and-referrals\/","url":"https:\/\/athome.southcoast.org\/appointments-and-referrals\/","name":"Referrals | At Home","isPartOf":{"@id":"https:\/\/athome.southcoast.org\/#website"},"datePublished":"2025-05-12T17:21:58+00:00","dateModified":"2025-10-20T20:06:39+00:00","breadcrumb":{"@id":"https:\/\/athome.southcoast.org\/appointments-and-referrals\/#breadcrumb"},"inLanguage":"es-MX","potentialAction":[{"@type":"ReadAction","target":["https:\/\/athome.southcoast.org\/appointments-and-referrals\/"]}]},{"@type":"BreadcrumbList","@id":"https:\/\/athome.southcoast.org\/appointments-and-referrals\/#breadcrumb","itemListElement":[{"@type":"ListItem","position":1,"name":"","item":"https:\/\/athome.southcoast.org\/"},{"@type":"ListItem","position":2,"name":"Referrals"}]},{"@type":"WebSite","@id":"https:\/\/athome.southcoast.org\/#website","url":"https:\/\/athome.southcoast.org\/","name":"Southcoast Health at Home","description":"","publisher":{"@id":"https:\/\/athome.southcoast.org\/#organization"},"potentialAction":[{"@type":"SearchAction","target":{"@type":"EntryPoint","urlTemplate":"https:\/\/athome.southcoast.org\/?s={search_term_string}"},"query-input":{"@type":"PropertyValueSpecification","valueRequired":true,"valueName":"search_term_string"}}],"inLanguage":"es-MX"},{"@type":"Organization","@id":"https:\/\/athome.southcoast.org\/#organization","name":"Southcoast Health at Home","alternateName":"Southcoast Health","url":"https:\/\/athome.southcoast.org\/","logo":{"@type":"ImageObject","inLanguage":"es-MX","@id":"https:\/\/athome.southcoast.org\/#\/schema\/logo\/image\/","url":"https:\/\/athome.live-southcoast-health-multi.southcoast-health.org\/wp-content\/uploads\/sites\/3\/2025\/06\/AtHome_Logo.png","contentUrl":"https:\/\/athome.live-southcoast-health-multi.southcoast-health.org\/wp-content\/uploads\/sites\/3\/2025\/06\/AtHome_Logo.png","width":450,"height":98,"caption":"Southcoast Health at Home"},"image":{"@id":"https:\/\/athome.southcoast.org\/#\/schema\/logo\/image\/"}}]}},"_links":{"self":[{"href":"https:\/\/athome.southcoast.org\/es\/wp-json\/wp\/v2\/pages\/1834","targetHints":{"allow":["GET"]}}],"collection":[{"href":"https:\/\/athome.southcoast.org\/es\/wp-json\/wp\/v2\/pages"}],"about":[{"href":"https:\/\/athome.southcoast.org\/es\/wp-json\/wp\/v2\/types\/page"}],"author":[{"embeddable":true,"href":"https:\/\/athome.southcoast.org\/es\/wp-json\/wp\/v2\/users\/5"}],"replies":[{"embeddable":true,"href":"https:\/\/athome.southcoast.org\/es\/wp-json\/wp\/v2\/comments?post=1834"}],"version-history":[{"count":47,"href":"https:\/\/athome.southcoast.org\/es\/wp-json\/wp\/v2\/pages\/1834\/revisions"}],"predecessor-version":[{"id":3045,"href":"https:\/\/athome.southcoast.org\/es\/wp-json\/wp\/v2\/pages\/1834\/revisions\/3045"}],"wp:attachment":[{"href":"https:\/\/athome.southcoast.org\/es\/wp-json\/wp\/v2\/media?parent=1834"}],"curies":[{"name":"wp","href":"https:\/\/api.w.org\/{rel}","templated":true}]}}