{"id":1813,"date":"2025-05-12T16:37:24","date_gmt":"2025-05-12T16:37:24","guid":{"rendered":"https:\/\/athome.test-southcoast-health-multi.southcoast-health.org\/?page_id=1813"},"modified":"2025-10-20T19:38:49","modified_gmt":"2025-10-20T19:38:49","slug":"patient-and-family-support","status":"publish","type":"page","link":"https:\/\/athome.southcoast.org\/es\/patient-and-family-support\/","title":{"rendered":"Apoyo a pacientes y familiares"},"content":{"rendered":"<div  class=\"blockSettings  paddingTopSM paddingBottomSM heroBasicFluid darkTheme\" style=\"background-image:url(https:\/\/athome.southcoast.org\/wp-content\/uploads\/sites\/3\/2025\/10\/GettyImages-1917170366-scaled.jpg);background-size:cover;background-position:center center;\"><div class=\"overlay\"><\/div><div class=\"container\">\n            <div class=\"grid\">\n            <div class=\"col-sm-12 col-bleed-y\">\n                <div class=\"Center\">\n                    <div class=\"breadcrumbsWrapper desktop-breadcrumbs\"><nav id=\"breadcrumbs\" aria-label=\"Migas de pan\"><ol><li><a href=\"https:\/\/athome.southcoast.org\/es\/\"><i class=\"fa-regular fa-house\"><\/i><span class=\"visually-hidden\">Inicio<\/span><\/a><\/li><\/ol><\/nav><\/div><div class=\"breadcrumbsWrapper mobile-breadcrumbs\"><p id=\"mobile-breadcrumbs\" class=\"mobile-back-nav\"><span><span><a href=\"#\" onclick=\"return handleBackNavigation();\"><i class=\"fa-solid fa-chevron-left back-arrow\"><\/i> Volver<\/a><\/span><\/span><\/p>\t\t<script>\n\t\t\tfunction handleBackNavigation() {\n\t\t\t\tif (window.history.length > 1) {\n\t\t\t\t\twindow.history.back();\n\t\t\t\t} else {\n\t\t\t\t\twindow.location.href = 'https:\/\/athome.southcoast.org\/es';\n\t\t\t\t}\n\t\t\t\treturn false;\n\t\t\t}\n\t\t<\/script>\n<\/div>                <\/div>\n            <\/div>\n        <\/div>\n        <div class=\"grid align-center\">\n        <div class=\"col-sm-10\">\n            <div class=\"Center\">\n\n                    <div class=\"mainCopyWrap\">\n            <h1>Apoyo a pacientes y familiares<\/h1>\n    <div class=\"paragraphWrap\"><p>Ofrecemos una variedad de recursos y seminarios educativos para dotar a los pacientes de las herramientas necesarias para gestionar su salud cardiaca y vascular.<\/p><\/div>    <\/div>\n    \n                \n            <\/div>\n        <\/div>\n    <\/div>\n<\/div>\n    <div class=\"cornerArtWrapper cornerArt-small\">\n        <img decoding=\"async\" class=\"cornerArt\" src=\"https:\/\/athome.southcoast.org\/wp-content\/themes\/southcoast_multisite\/images\/corner-art.svg\" alt=\"\">\n    <\/div>\n<\/div>\n\n\n\n\n<div  class=\"blockSettings  paddingTopMD paddingBottomMD cardIconsFluid cardIconsImageFluid light\" style=\"background-color:#f6f7f7;\">\t<div class=\"container\">\n\t\t\t\t\t<div class=\"grid\">\n\t\t\t\t<div class=\"col-sm-12\">\n\t\t\t\t\t<div class=\"introCenter\">\n\t\t\t\t\t\t<div class=\"maincopy intro\">\n\t\t\t\t\t\t\t<h2>Grupos de apoyo al duelo<\/h2>\n\t\t\t\t\t\t\t\t\t\t\t\t\t\t\t<p><p>Southcoast Health at Home ofrece Grupos de Apoyo para el Duelo como una extensi\u00f3n del cuidado compasivo que proporcionamos a trav\u00e9s de nuestros servicios de hospicio y paliativos. Estos grupos est\u00e1n dise\u00f1ados espec\u00edficamente para los familiares que han experimentado la p\u00e9rdida de un ser querido bajo nuestro cuidado. Nuestros grupos y talleres de apoyo al duelo son formas maravillosas de obtener el apoyo de compa\u00f1eros y compa\u00f1eros a lo largo del viaje a trav\u00e9s del duelo. Durante todo el a\u00f1o se ofrecen diversos grupos de apoyo y talleres gratuitos y abiertos al p\u00fablico.<\/p>\n<\/p>\n\t\t\t\t\t\t\t\t\t\t\t\t\t<\/div>\n\t\t\t\t\t\t\t\t\t\t\t\t\t\t\t\t\t\t\t\t\t\t\t\t\t\t                                                                                                        \t\t\t\t\t<\/div>\n\t\t\t\t<\/div>\n\t\t\t<\/div>\n\t\t\n\t\t\t\t\t<!--Manual Cards-->\n\t\t\t<div class=\"grid\">\n\t\t\t\t\t\t\t\t\t\t\t<div class=\"col-sm-6 col-md-4 col-grid\">\n\t\t\t\t\t\t\t\t<div class=\"cardBasic strokeBar Left Horizontal\">\n\t\t\t\t\t\t\t\t\t\t\t\t\t\t\t\t\t\t\n\t\t\t\t\t\t\t\t\t<div class=\"cardBasicBody\">\n\t\t\t\t\t\t\t\t\t\t<div class=\"cardBasicBodyTitle\" role=\"title\">Grupo de apoyo al duelo por p\u00e9rdida general - Virtual<\/div>\n\t\t\t\t\t\t\t\t\t\t\t\t\t\t\t\t\t\t\t\t<div class=\"excerpt\">\n\t\t\t\t\t\t\t\t\t\t\t<p><span data-contrast=\"none\">El tercer mi\u00e9rcoles de cada mes<\/span><span data-ccp-props=\"{&quot;134233117&quot;:false,&quot;134233118&quot;:false,&quot;335559738&quot;:0,&quot;335559739&quot;:0}\">\u00a0<\/span><span data-ccp-props=\"{&quot;134233117&quot;:false,&quot;134233118&quot;:false,&quot;335559738&quot;:0,&quot;335559739&quot;:0}\">\u00a0<\/span><\/p>\n<p><b><span data-contrast=\"none\">Es necesario inscribirse. <\/span><\/b><span data-contrast=\"none\">Para inscribirse, p\u00f3ngase en contacto con Nancy Arnold por correo electr\u00f3nico en <\/span><a href=\"mailto:arnoldn@southcoast.org\"><span data-contrast=\"none\">arnoldn@southcoast.org<\/span><\/a><span data-contrast=\"none\"> o por tel\u00e9fono al 508-973-3227.<\/span><span data-ccp-props=\"{&quot;134233117&quot;:false,&quot;134233118&quot;:false,&quot;335557856&quot;:16777215,&quot;335559738&quot;:0,&quot;335559739&quot;:0}\">\u00a0<\/span><\/p>\n<p><span data-contrast=\"none\">El enlace virtual se facilitar\u00e1 tras la inscripci\u00f3n.<\/span><span data-ccp-props=\"{&quot;134233117&quot;:false,&quot;134233118&quot;:false,&quot;335557856&quot;:16777215,&quot;335559738&quot;:0,&quot;335559739&quot;:0}\">\u00a0<\/span><\/p>\n\t\t\t\t\t\t\t\t\t\t<\/div>\n\t\t\t\t\t\t\t\t\t\t\t\t\t\t\t\t\t\t\t\t\t\t\t\t\t\t\t\t\t\t\t<div class=\"cardLinks\">\n\t\t\t\t\t\t\t\t\t\t\t\t\t\t\t\t\t\t\t\t\t\t\t<a aria-label=\"link to Register Here of Grupo de Apoyo para el Duelo por P\u00e9rdida General - Virtual\" title=\"enlace a Reg\u00edstrese aqu\u00ed\" href=\"mailto:arnoldn@southcoast.org\" target=\"_blank\" class=\"mainCTA light3\">\n\t\t\t\t\t\t\t\t\t\t\t\t\t<span class=\"icon-cta fa-regular fa-arrow-up-right\" aria-hidden=\"true\"><\/span>\n\t\t\t\t\t\t\t\t\t\t\t\t\tReg\u00edstrese aqu\u00ed <span class=\"fa-regular fa-arrow-up-right-from-square readMoreIconTarget\"><\/span>\t\t\t\t\t\t\t\t\t\t\t\t<\/a>\n\t\t\t\t\t\t\t\t\t\t\t\t\t\t\t\t\t\t\t\t\t\t\t\n\t\t\t\t\t\t\t\t\t\t\t\t\t\t\t\t\t\t\t\t\t\t<\/div>\n\t\t\t\t\t\t\t\t\t\t\t\t\t\t\t\t\t\t\t<\/div>\n\t\t\t\t\t\t\t\t<\/div>\n\t\t\t\t\t\t\t<\/div>\n\t\t\t\t\t\t\t\t\t\t\t\t<div class=\"col-sm-6 col-md-4 col-grid\">\n\t\t\t\t\t\t\t\t<div class=\"cardBasic strokeBar Left Horizontal\">\n\t\t\t\t\t\t\t\t\t\t\t\t\t\t\t\t\t\t\n\t\t\t\t\t\t\t\t\t<div class=\"cardBasicBody\">\n\t\t\t\t\t\t\t\t\t\t<div class=\"cardBasicBodyTitle\" role=\"title\">Grupo de apoyo al duelo para viudos y viudas<\/div>\n\t\t\t\t\t\t\t\t\t\t\t\t\t\t\t\t\t\t\t\t<div class=\"excerpt\">\n\t\t\t\t\t\t\t\t\t\t\t<p><span data-contrast=\"none\">El primer jueves de cada mes<\/span><span data-ccp-props=\"{&quot;134233117&quot;:false,&quot;134233118&quot;:false,&quot;335559738&quot;:0,&quot;335559739&quot;:0}\">\u00a0<\/span><\/p>\n<p><span data-contrast=\"none\">A lo largo del a\u00f1o se ofrecen diversos grupos de apoyo y talleres gratuitos.<\/span> <span data-contrast=\"none\">abierto al p\u00fablico.<\/span><span data-ccp-props=\"{&quot;134233117&quot;:false,&quot;134233118&quot;:false,&quot;335557856&quot;:16777215,&quot;335559738&quot;:0,&quot;335559739&quot;:0}\">\u00a0<\/span><\/p>\n<p><b><span data-contrast=\"none\">Es necesario inscribirse.<\/span><\/b><span data-contrast=\"none\"> Para inscribirse, p\u00f3ngase en contacto con Nancy Arnold por correo electr\u00f3nico en <\/span><a href=\"mailto:arnoldn@southcoast.org\"><span data-contrast=\"none\">arnoldn@southcoast.org<\/span><\/a><span data-contrast=\"none\"> o por tel\u00e9fono al 508-973-3227.<\/span><span data-ccp-props=\"{&quot;134233117&quot;:false,&quot;134233118&quot;:false,&quot;335557856&quot;:16777215,&quot;335559738&quot;:0,&quot;335559739&quot;:0}\">\u00a0<\/span><\/p>\n\t\t\t\t\t\t\t\t\t\t<\/div>\n\t\t\t\t\t\t\t\t\t\t\t\t\t\t\t\t\t\t\t\t\t\t\t\t\t\t\t\t\t\t\t<div class=\"cardLinks\">\n\t\t\t\t\t\t\t\t\t\t\t\t\t\t\t\t\t\t\t\t\t\t\t<a aria-label=\"link to Reg\u00edstrese aqu\u00ed del Grupo de apoyo para viudos y viudas en duelo\" title=\"enlace a Reg\u00edstrese aqu\u00ed\" href=\"mailto:arnoldn@southcoast.org\" target=\"_blank\" class=\"mainCTA light3\">\n\t\t\t\t\t\t\t\t\t\t\t\t\t<span class=\"icon-cta fa-regular fa-arrow-up-right\" aria-hidden=\"true\"><\/span>\n\t\t\t\t\t\t\t\t\t\t\t\t\tReg\u00edstrese aqu\u00ed <span class=\"fa-regular fa-arrow-up-right-from-square readMoreIconTarget\"><\/span>\t\t\t\t\t\t\t\t\t\t\t\t<\/a>\n\t\t\t\t\t\t\t\t\t\t\t\t\t\t\t\t\t\t\t\t\t\t\t\n\t\t\t\t\t\t\t\t\t\t\t\t\t\t\t\t\t\t\t\t\t\t<\/div>\n\t\t\t\t\t\t\t\t\t\t\t\t\t\t\t\t\t\t\t<\/div>\n\t\t\t\t\t\t\t\t<\/div>\n\t\t\t\t\t\t\t<\/div>\n\t\t\t\t\t\t\t\t\t\t\t\t<div class=\"col-sm-6 col-md-4 col-grid\">\n\t\t\t\t\t\t\t\t<div class=\"cardBasic strokeBar Left Horizontal\">\n\t\t\t\t\t\t\t\t\t\t\t\t\t\t\t\t\t\t\n\t\t\t\t\t\t\t\t\t<div class=\"cardBasicBody\">\n\t\t\t\t\t\t\t\t\t\t<div class=\"cardBasicBodyTitle\" role=\"title\">Grupo de apoyo al duelo por p\u00e9rdida general<\/div>\n\t\t\t\t\t\t\t\t\t\t\t\t\t\t\t\t\t\t\t\t<div class=\"excerpt\">\n\t\t\t\t\t\t\t\t\t\t\t<p><span data-contrast=\"none\">El segundo jueves de cada mes<\/span><span data-ccp-props=\"{&quot;134233117&quot;:false,&quot;134233118&quot;:false,&quot;335559738&quot;:0,&quot;335559739&quot;:0}\">\u00a0<\/span><\/p>\n<p><b><span data-contrast=\"none\">Es necesario inscribirse. <\/span><\/b><span data-contrast=\"none\">Para inscribirse, p\u00f3ngase en contacto con Nancy Arnold por correo electr\u00f3nico en <\/span><a href=\"mailto:arnoldn@southcoast.org\"><span data-contrast=\"none\">arnoldn@southcoast.org<\/span><\/a><span data-contrast=\"none\"> o por tel\u00e9fono al 508-973-3227.<\/span><\/p>\n\t\t\t\t\t\t\t\t\t\t<\/div>\n\t\t\t\t\t\t\t\t\t\t\t\t\t\t\t\t\t\t\t\t\t\t\t\t\t\t\t\t\t\t\t<div class=\"cardLinks\">\n\t\t\t\t\t\t\t\t\t\t\t\t\t\t\t\t\t\t\t\t\t\t\t<a aria-label=\"link to Reg\u00edstrese aqu\u00ed del Grupo de Apoyo al Duelo por P\u00e9rdida General\" title=\"enlace a Reg\u00edstrese aqu\u00ed\" href=\"mailto:arnoldn@southcoast.org\" target=\"_blank\" class=\"mainCTA light3\">\n\t\t\t\t\t\t\t\t\t\t\t\t\t<span class=\"icon-cta fa-regular fa-arrow-up-right\" aria-hidden=\"true\"><\/span>\n\t\t\t\t\t\t\t\t\t\t\t\t\tReg\u00edstrese aqu\u00ed <span class=\"fa-regular fa-arrow-up-right-from-square readMoreIconTarget\"><\/span>\t\t\t\t\t\t\t\t\t\t\t\t<\/a>\n\t\t\t\t\t\t\t\t\t\t\t\t\t\t\t\t\t\t\t\t\t\t\t\n\t\t\t\t\t\t\t\t\t\t\t\t\t\t\t\t\t\t\t\t\t\t<\/div>\n\t\t\t\t\t\t\t\t\t\t\t\t\t\t\t\t\t\t\t<\/div>\n\t\t\t\t\t\t\t\t<\/div>\n\t\t\t\t\t\t\t<\/div>\n\t\t\t\t\t\t\t\t<\/div>\n\t\t\t<\/div>\n<\/div>\n\n\n<div  class=\"blockSettings  paddingTopSM paddingBottomMD media-object-block light\" style=\"\"><div class=\"container\">\n\t<div class=\"grid\">\n\t\t<div class=\"col-sm-12\">\n\t\t\t<div class=\"inner image-right list-style-disc inner-white-bg\" style=\"background-color: #fff;\">\n\t\t\t\t<div class=\"copy\">\n\t\t\t\t\t    <div class=\"mainCopyWrap\">\n            <h2>Retiro Angel Wings<\/h2>\n    <div class=\"paragraphWrap\"><p><span class=\"TextRun SCXW190604015 BCX0\" lang=\"EN-US\" xml:lang=\"EN-US\" data-contrast=\"auto\"><span class=\"NormalTextRun SCXW190604015 BCX0\">Retiro Angel Wings<\/span> <\/span><span class=\"TextRun SCXW190604015 BCX0\" lang=\"EN-US\" xml:lang=\"EN-US\" data-contrast=\"auto\"><span class=\"NormalTextRun SCXW190604015 BCX0\">ofrece un espacio de compasi\u00f3n para ni\u00f1os y adolescentes que afrontan la p\u00e9rdida. Dise\u00f1ado para reunir a j\u00f3venes que han experimentado la muerte de un ser querido, el retiro combina el apoyo emocional con actividades atractivas. A trav\u00e9s de conversaciones en grupo, proyectos creativos, nataci\u00f3n y desaf\u00edos en equipo, los participantes encuentran conexi\u00f3n, comprensi\u00f3n y momentos de alegr\u00eda. <\/span><span class=\"NormalTextRun SCXW190604015 BCX0\">Es un lugar donde comienza la curaci\u00f3n y nadie tiene por qu\u00e9 sentirse solo.<\/span><\/span><\/p>\n<\/div>    <\/div>\n        <div class=\"ctaWrap\">\n                    <a aria-label=\"enlace a M\u00e1s informaci\u00f3n\" class=\"mainCTA shadow light1\" href=\"\/es\/angel-wings-retreat\/\" title=\"Abrir M\u00e1s informaci\u00f3n\" >M\u00e1s informaci\u00f3n<\/a>            <\/div>\n    \t\t\t\t<\/div>\n\t\t\t\t\t\t\t\t<div class=\"images\">\n\t\t\t\t\t\t<img decoding=\"async\" class=\"single\" src=\"https:\/\/athome.southcoast.org\/wp-content\/uploads\/sites\/3\/2025\/05\/SHAH_AngelWingsRereat_FIller_1-1-scaled.jpg\" alt=\"Angel Wings Retreat outdoors\">\n\t\t\t\t\t\t\t\t\t\t<\/div>\n\t\t\t\t\n\t\t\t<\/div>\n\t\t<\/div>\n\t<\/div>\n<\/div>\n<\/div>","protected":false},"excerpt":{"rendered":"","protected":false},"author":5,"featured_media":0,"parent":0,"menu_order":0,"comment_status":"closed","ping_status":"closed","template":"","meta":{"_acf_changed":false,"footnotes":""},"class_list":["post-1813","page","type-page","status-publish","hentry"],"acf":[],"yoast_head":"<!-- This site is optimized with the Yoast SEO plugin v26.0 - https:\/\/yoast.com\/wordpress\/plugins\/seo\/ -->\n<title>Patient and Family Support | At Home<\/title>\n<meta name=\"robots\" content=\"index, follow, max-snippet:-1, max-image-preview:large, max-video-preview:-1\" \/>\n<link rel=\"canonical\" href=\"https:\/\/athome.southcoast.org\/es\/patient-and-family-support\/\" \/>\n<meta property=\"og:locale\" content=\"es_MX\" \/>\n<meta property=\"og:type\" content=\"article\" \/>\n<meta property=\"og:title\" content=\"Patient and Family Support | At Home\" \/>\n<meta property=\"og:url\" content=\"https:\/\/athome.southcoast.org\/es\/patient-and-family-support\/\" \/>\n<meta property=\"og:site_name\" content=\"At Home\" \/>\n<meta property=\"article:modified_time\" content=\"2025-10-20T19:38:49+00:00\" \/>\n<meta name=\"twitter:card\" content=\"summary_large_image\" \/>\n<script type=\"application\/ld+json\" class=\"yoast-schema-graph\">{\"@context\":\"https:\/\/schema.org\",\"@graph\":[{\"@type\":\"WebPage\",\"@id\":\"https:\/\/athome.southcoast.org\/patient-and-family-support\/\",\"url\":\"https:\/\/athome.southcoast.org\/patient-and-family-support\/\",\"name\":\"Patient and Family Support | At Home\",\"isPartOf\":{\"@id\":\"https:\/\/athome.southcoast.org\/#website\"},\"datePublished\":\"2025-05-12T16:37:24+00:00\",\"dateModified\":\"2025-10-20T19:38:49+00:00\",\"breadcrumb\":{\"@id\":\"https:\/\/athome.southcoast.org\/patient-and-family-support\/#breadcrumb\"},\"inLanguage\":\"es-MX\",\"potentialAction\":[{\"@type\":\"ReadAction\",\"target\":[\"https:\/\/athome.southcoast.org\/patient-and-family-support\/\"]}]},{\"@type\":\"BreadcrumbList\",\"@id\":\"https:\/\/athome.southcoast.org\/patient-and-family-support\/#breadcrumb\",\"itemListElement\":[{\"@type\":\"ListItem\",\"position\":1,\"name\":\"\",\"item\":\"https:\/\/athome.southcoast.org\/\"},{\"@type\":\"ListItem\",\"position\":2,\"name\":\"Patient and Family Support\"}]},{\"@type\":\"WebSite\",\"@id\":\"https:\/\/athome.southcoast.org\/#website\",\"url\":\"https:\/\/athome.southcoast.org\/\",\"name\":\"Southcoast Health at Home\",\"description\":\"\",\"publisher\":{\"@id\":\"https:\/\/athome.southcoast.org\/#organization\"},\"potentialAction\":[{\"@type\":\"SearchAction\",\"target\":{\"@type\":\"EntryPoint\",\"urlTemplate\":\"https:\/\/athome.southcoast.org\/?s={search_term_string}\"},\"query-input\":{\"@type\":\"PropertyValueSpecification\",\"valueRequired\":true,\"valueName\":\"search_term_string\"}}],\"inLanguage\":\"es-MX\"},{\"@type\":\"Organization\",\"@id\":\"https:\/\/athome.southcoast.org\/#organization\",\"name\":\"Southcoast Health at Home\",\"alternateName\":\"Southcoast Health\",\"url\":\"https:\/\/athome.southcoast.org\/\",\"logo\":{\"@type\":\"ImageObject\",\"inLanguage\":\"es-MX\",\"@id\":\"https:\/\/athome.southcoast.org\/#\/schema\/logo\/image\/\",\"url\":\"https:\/\/athome.live-southcoast-health-multi.southcoast-health.org\/wp-content\/uploads\/sites\/3\/2025\/06\/AtHome_Logo.png\",\"contentUrl\":\"https:\/\/athome.live-southcoast-health-multi.southcoast-health.org\/wp-content\/uploads\/sites\/3\/2025\/06\/AtHome_Logo.png\",\"width\":450,\"height\":98,\"caption\":\"Southcoast Health at Home\"},\"image\":{\"@id\":\"https:\/\/athome.southcoast.org\/#\/schema\/logo\/image\/\"}}]}<\/script>\n<!-- \/ Yoast SEO plugin. -->","yoast_head_json":{"title":"Apoyo a pacientes y familiares | En casa","robots":{"index":"index","follow":"follow","max-snippet":"max-snippet:-1","max-image-preview":"max-image-preview:large","max-video-preview":"max-video-preview:-1"},"canonical":"https:\/\/athome.southcoast.org\/es\/patient-and-family-support\/","og_locale":"es_MX","og_type":"article","og_title":"Patient and Family Support | At Home","og_url":"https:\/\/athome.southcoast.org\/es\/patient-and-family-support\/","og_site_name":"At Home","article_modified_time":"2025-10-20T19:38:49+00:00","twitter_card":"summary_large_image","schema":{"@context":"https:\/\/schema.org","@graph":[{"@type":"WebPage","@id":"https:\/\/athome.southcoast.org\/patient-and-family-support\/","url":"https:\/\/athome.southcoast.org\/patient-and-family-support\/","name":"Apoyo a pacientes y familiares | En casa","isPartOf":{"@id":"https:\/\/athome.southcoast.org\/#website"},"datePublished":"2025-05-12T16:37:24+00:00","dateModified":"2025-10-20T19:38:49+00:00","breadcrumb":{"@id":"https:\/\/athome.southcoast.org\/patient-and-family-support\/#breadcrumb"},"inLanguage":"es-MX","potentialAction":[{"@type":"ReadAction","target":["https:\/\/athome.southcoast.org\/patient-and-family-support\/"]}]},{"@type":"BreadcrumbList","@id":"https:\/\/athome.southcoast.org\/patient-and-family-support\/#breadcrumb","itemListElement":[{"@type":"ListItem","position":1,"name":"","item":"https:\/\/athome.southcoast.org\/"},{"@type":"ListItem","position":2,"name":"Patient and Family Support"}]},{"@type":"WebSite","@id":"https:\/\/athome.southcoast.org\/#website","url":"https:\/\/athome.southcoast.org\/","name":"Southcoast Health at Home","description":"","publisher":{"@id":"https:\/\/athome.southcoast.org\/#organization"},"potentialAction":[{"@type":"SearchAction","target":{"@type":"EntryPoint","urlTemplate":"https:\/\/athome.southcoast.org\/?s={search_term_string}"},"query-input":{"@type":"PropertyValueSpecification","valueRequired":true,"valueName":"search_term_string"}}],"inLanguage":"es-MX"},{"@type":"Organization","@id":"https:\/\/athome.southcoast.org\/#organization","name":"Southcoast Health at Home","alternateName":"Southcoast Health","url":"https:\/\/athome.southcoast.org\/","logo":{"@type":"ImageObject","inLanguage":"es-MX","@id":"https:\/\/athome.southcoast.org\/#\/schema\/logo\/image\/","url":"https:\/\/athome.live-southcoast-health-multi.southcoast-health.org\/wp-content\/uploads\/sites\/3\/2025\/06\/AtHome_Logo.png","contentUrl":"https:\/\/athome.live-southcoast-health-multi.southcoast-health.org\/wp-content\/uploads\/sites\/3\/2025\/06\/AtHome_Logo.png","width":450,"height":98,"caption":"Southcoast Health at Home"},"image":{"@id":"https:\/\/athome.southcoast.org\/#\/schema\/logo\/image\/"}}]}},"_links":{"self":[{"href":"https:\/\/athome.southcoast.org\/es\/wp-json\/wp\/v2\/pages\/1813","targetHints":{"allow":["GET"]}}],"collection":[{"href":"https:\/\/athome.southcoast.org\/es\/wp-json\/wp\/v2\/pages"}],"about":[{"href":"https:\/\/athome.southcoast.org\/es\/wp-json\/wp\/v2\/types\/page"}],"author":[{"embeddable":true,"href":"https:\/\/athome.southcoast.org\/es\/wp-json\/wp\/v2\/users\/5"}],"replies":[{"embeddable":true,"href":"https:\/\/athome.southcoast.org\/es\/wp-json\/wp\/v2\/comments?post=1813"}],"version-history":[{"count":37,"href":"https:\/\/athome.southcoast.org\/es\/wp-json\/wp\/v2\/pages\/1813\/revisions"}],"predecessor-version":[{"id":3032,"href":"https:\/\/athome.southcoast.org\/es\/wp-json\/wp\/v2\/pages\/1813\/revisions\/3032"}],"wp:attachment":[{"href":"https:\/\/athome.southcoast.org\/es\/wp-json\/wp\/v2\/media?parent=1813"}],"curies":[{"name":"wp","href":"https:\/\/api.w.org\/{rel}","templated":true}]}}